{"id":34324,"date":"2020-11-11T16:17:53","date_gmt":"2020-11-11T15:17:53","guid":{"rendered":"https:\/\/smartinthedark.com\/dk\/produkt\/liv-lineforlaenger-med-refleks\/"},"modified":"2026-04-07T13:24:47","modified_gmt":"2026-04-07T11:24:47","slug":"liv-lineforlaenger-med-refleks","status":"publish","type":"product","link":"https:\/\/smartinthedark.com\/dk\/produkt\/liv-lineforlaenger-med-refleks\/","title":{"rendered":"LIV- Lineforl\u00e6nger med refleks"},"content":{"rendered":"<p>LIV en smart forl\u00e6nger med refleks til din snor. Du fastg\u00f8r den let mellem hundens halsb\u00e5nd og din eksisterende snor. Den er fastgjort med en karabinhage i rustfrit st\u00e5l, og i den anden ende med din egen snor i en D-due. Fordelen er, at du kan beholde din yndlingssnor og blot tilf\u00f8je vores smarte forl\u00e6nger!<\/p>\n<p>L\u00e6ngde refleks: 36 x 2,2 cm<br \/>\nL\u00e6ngde med karabinhage: 41,5 cm<\/p>\n","protected":false},"excerpt":{"rendered":"<p>LIV en smart forl\u00e6nger med refleks til din snor. Du fastg\u00f8r den let mellem hundens halsb\u00e5nd og din eksisterende snor. Den er fastgjort med en karabinhage i rustfrit st\u00e5l, og i den anden ende med din egen snor i en D-due. Fordelen er, at du kan beholde din yndlingssnor og blot tilf\u00f8je vores smarte forl\u00e6nger! &#8230;<\/p>\n","protected":false},"featured_media":34330,"comment_status":"open","ping_status":"closed","template":"","meta":{"_trash_the_other_posts":false,"editor_notices":[]},"product_brand":[],"product_cat":[65],"product_tag":[],"class_list":{"0":"post-34324","1":"product","2":"type-product","3":"status-publish","4":"has-post-thumbnail","6":"product_cat-hundereflekser","8":"first","9":"instock","10":"taxable","11":"shipping-taxable","12":"purchasable","13":"product-type-variable"},"yoast_head":"<!-- This site is optimized with the Yoast SEO plugin v25.9 - https:\/\/yoast.com\/wordpress\/plugins\/seo\/ -->\n<title>LIV- Lineforl\u00e6nger med refleks - Smart in the dark Dansk<\/title>\n<meta name=\"robots\" content=\"index, follow, max-snippet:-1, max-image-preview:large, max-video-preview:-1\" \/>\n<link rel=\"canonical\" href=\"https:\/\/smartinthedark.com\/dk\/produkt\/liv-lineforlaenger-med-refleks\/\" \/>\n<meta property=\"og:locale\" content=\"da_DK\" \/>\n<meta property=\"og:type\" content=\"article\" \/>\n<meta property=\"og:title\" content=\"LIV- Lineforl\u00e6nger med refleks - Smart in the dark Dansk\" \/>\n<meta property=\"og:description\" content=\"LIV en smart forl\u00e6nger med refleks til din snor. Du fastg\u00f8r den let mellem hundens halsb\u00e5nd og din eksisterende snor. Den er fastgjort med en karabinhage i rustfrit st\u00e5l, og i den anden ende med din egen snor i en D-due. Fordelen er, at du kan beholde din yndlingssnor og blot tilf\u00f8je vores smarte forl\u00e6nger! ...\" \/>\n<meta property=\"og:url\" content=\"https:\/\/smartinthedark.com\/dk\/produkt\/liv-lineforlaenger-med-refleks\/\" \/>\n<meta property=\"og:site_name\" content=\"Smart in the dark Dansk\" \/>\n<meta property=\"article:publisher\" content=\"https:\/\/www.facebook.com\/smartinthedark\/\" \/>\n<meta property=\"article:modified_time\" content=\"2026-04-07T11:24:47+00:00\" \/>\n<meta property=\"og:image\" content=\"https:\/\/smartinthedark.com\/dk\/wp-content\/uploads\/sites\/7\/2020\/11\/tjej-med-hund-pa-stan-produkt-Smart-in-the-dark.jpg\" \/>\n\t<meta property=\"og:image:width\" content=\"600\" \/>\n\t<meta property=\"og:image:height\" content=\"663\" \/>\n\t<meta property=\"og:image:type\" content=\"image\/jpeg\" \/>\n<meta name=\"twitter:card\" content=\"summary_large_image\" \/>\n<script type=\"application\/ld+json\" class=\"yoast-schema-graph\">{\"@context\":\"https:\/\/schema.org\",\"@graph\":[{\"@type\":\"WebPage\",\"@id\":\"https:\/\/smartinthedark.com\/dk\/produkt\/liv-lineforlaenger-med-refleks\/\",\"url\":\"https:\/\/smartinthedark.com\/dk\/produkt\/liv-lineforlaenger-med-refleks\/\",\"name\":\"LIV- Lineforl\u00e6nger med refleks - Smart in the dark Dansk\",\"isPartOf\":{\"@id\":\"https:\/\/smartinthedark.com\/dk\/#website\"},\"primaryImageOfPage\":{\"@id\":\"https:\/\/smartinthedark.com\/dk\/produkt\/liv-lineforlaenger-med-refleks\/#primaryimage\"},\"image\":{\"@id\":\"https:\/\/smartinthedark.com\/dk\/produkt\/liv-lineforlaenger-med-refleks\/#primaryimage\"},\"thumbnailUrl\":\"https:\/\/smartinthedark.com\/dk\/wp-content\/uploads\/sites\/7\/2020\/11\/tjej-med-hund-pa-stan-produkt-Smart-in-the-dark.jpg\",\"datePublished\":\"2020-11-11T15:17:53+00:00\",\"dateModified\":\"2026-04-07T11:24:47+00:00\",\"breadcrumb\":{\"@id\":\"https:\/\/smartinthedark.com\/dk\/produkt\/liv-lineforlaenger-med-refleks\/#breadcrumb\"},\"inLanguage\":\"da-DK\",\"potentialAction\":[{\"@type\":\"ReadAction\",\"target\":[\"https:\/\/smartinthedark.com\/dk\/produkt\/liv-lineforlaenger-med-refleks\/\"]}]},{\"@type\":\"ImageObject\",\"inLanguage\":\"da-DK\",\"@id\":\"https:\/\/smartinthedark.com\/dk\/produkt\/liv-lineforlaenger-med-refleks\/#primaryimage\",\"url\":\"https:\/\/smartinthedark.com\/dk\/wp-content\/uploads\/sites\/7\/2020\/11\/tjej-med-hund-pa-stan-produkt-Smart-in-the-dark.jpg\",\"contentUrl\":\"https:\/\/smartinthedark.com\/dk\/wp-content\/uploads\/sites\/7\/2020\/11\/tjej-med-hund-pa-stan-produkt-Smart-in-the-dark.jpg\",\"width\":600,\"height\":663},{\"@type\":\"BreadcrumbList\",\"@id\":\"https:\/\/smartinthedark.com\/dk\/produkt\/liv-lineforlaenger-med-refleks\/#breadcrumb\",\"itemListElement\":[{\"@type\":\"ListItem\",\"position\":1,\"name\":\"Hem\",\"item\":\"https:\/\/smartinthedark.com\/dk\/\"},{\"@type\":\"ListItem\",\"position\":2,\"name\":\"Webshop\",\"item\":\"https:\/\/smartinthedark.com\/dk\/webshop\/\"},{\"@type\":\"ListItem\",\"position\":3,\"name\":\"LIV- Lineforl\u00e6nger med refleks\"}]},{\"@type\":\"WebSite\",\"@id\":\"https:\/\/smartinthedark.com\/dk\/#website\",\"url\":\"https:\/\/smartinthedark.com\/dk\/\",\"name\":\"Smart in the dark Dansk\",\"description\":\"\",\"potentialAction\":[{\"@type\":\"SearchAction\",\"target\":{\"@type\":\"EntryPoint\",\"urlTemplate\":\"https:\/\/smartinthedark.com\/dk\/?s={search_term_string}\"},\"query-input\":{\"@type\":\"PropertyValueSpecification\",\"valueRequired\":true,\"valueName\":\"search_term_string\"}}],\"inLanguage\":\"da-DK\"}]}<\/script>\n<!-- \/ Yoast SEO plugin. -->","yoast_head_json":{"title":"LIV- Lineforl\u00e6nger med refleks - Smart in the dark Dansk","robots":{"index":"index","follow":"follow","max-snippet":"max-snippet:-1","max-image-preview":"max-image-preview:large","max-video-preview":"max-video-preview:-1"},"canonical":"https:\/\/smartinthedark.com\/dk\/produkt\/liv-lineforlaenger-med-refleks\/","og_locale":"da_DK","og_type":"article","og_title":"LIV- Lineforl\u00e6nger med refleks - Smart in the dark Dansk","og_description":"LIV en smart forl\u00e6nger med refleks til din snor. Du fastg\u00f8r den let mellem hundens halsb\u00e5nd og din eksisterende snor. Den er fastgjort med en karabinhage i rustfrit st\u00e5l, og i den anden ende med din egen snor i en D-due. Fordelen er, at du kan beholde din yndlingssnor og blot tilf\u00f8je vores smarte forl\u00e6nger! ...","og_url":"https:\/\/smartinthedark.com\/dk\/produkt\/liv-lineforlaenger-med-refleks\/","og_site_name":"Smart in the dark Dansk","article_publisher":"https:\/\/www.facebook.com\/smartinthedark\/","article_modified_time":"2026-04-07T11:24:47+00:00","og_image":[{"width":600,"height":663,"url":"https:\/\/smartinthedark.com\/dk\/wp-content\/uploads\/sites\/7\/2020\/11\/tjej-med-hund-pa-stan-produkt-Smart-in-the-dark.jpg","type":"image\/jpeg"}],"twitter_card":"summary_large_image","schema":{"@context":"https:\/\/schema.org","@graph":[{"@type":"WebPage","@id":"https:\/\/smartinthedark.com\/dk\/produkt\/liv-lineforlaenger-med-refleks\/","url":"https:\/\/smartinthedark.com\/dk\/produkt\/liv-lineforlaenger-med-refleks\/","name":"LIV- Lineforl\u00e6nger med refleks - Smart in the dark Dansk","isPartOf":{"@id":"https:\/\/smartinthedark.com\/dk\/#website"},"primaryImageOfPage":{"@id":"https:\/\/smartinthedark.com\/dk\/produkt\/liv-lineforlaenger-med-refleks\/#primaryimage"},"image":{"@id":"https:\/\/smartinthedark.com\/dk\/produkt\/liv-lineforlaenger-med-refleks\/#primaryimage"},"thumbnailUrl":"https:\/\/smartinthedark.com\/dk\/wp-content\/uploads\/sites\/7\/2020\/11\/tjej-med-hund-pa-stan-produkt-Smart-in-the-dark.jpg","datePublished":"2020-11-11T15:17:53+00:00","dateModified":"2026-04-07T11:24:47+00:00","breadcrumb":{"@id":"https:\/\/smartinthedark.com\/dk\/produkt\/liv-lineforlaenger-med-refleks\/#breadcrumb"},"inLanguage":"da-DK","potentialAction":[{"@type":"ReadAction","target":["https:\/\/smartinthedark.com\/dk\/produkt\/liv-lineforlaenger-med-refleks\/"]}]},{"@type":"ImageObject","inLanguage":"da-DK","@id":"https:\/\/smartinthedark.com\/dk\/produkt\/liv-lineforlaenger-med-refleks\/#primaryimage","url":"https:\/\/smartinthedark.com\/dk\/wp-content\/uploads\/sites\/7\/2020\/11\/tjej-med-hund-pa-stan-produkt-Smart-in-the-dark.jpg","contentUrl":"https:\/\/smartinthedark.com\/dk\/wp-content\/uploads\/sites\/7\/2020\/11\/tjej-med-hund-pa-stan-produkt-Smart-in-the-dark.jpg","width":600,"height":663},{"@type":"BreadcrumbList","@id":"https:\/\/smartinthedark.com\/dk\/produkt\/liv-lineforlaenger-med-refleks\/#breadcrumb","itemListElement":[{"@type":"ListItem","position":1,"name":"Hem","item":"https:\/\/smartinthedark.com\/dk\/"},{"@type":"ListItem","position":2,"name":"Webshop","item":"https:\/\/smartinthedark.com\/dk\/webshop\/"},{"@type":"ListItem","position":3,"name":"LIV- Lineforl\u00e6nger med refleks"}]},{"@type":"WebSite","@id":"https:\/\/smartinthedark.com\/dk\/#website","url":"https:\/\/smartinthedark.com\/dk\/","name":"Smart in the dark Dansk","description":"","potentialAction":[{"@type":"SearchAction","target":{"@type":"EntryPoint","urlTemplate":"https:\/\/smartinthedark.com\/dk\/?s={search_term_string}"},"query-input":{"@type":"PropertyValueSpecification","valueRequired":true,"valueName":"search_term_string"}}],"inLanguage":"da-DK"}]}},"_links":{"self":[{"href":"https:\/\/smartinthedark.com\/dk\/wp-json\/wp\/v2\/product\/34324","targetHints":{"allow":["GET"]}}],"collection":[{"href":"https:\/\/smartinthedark.com\/dk\/wp-json\/wp\/v2\/product"}],"about":[{"href":"https:\/\/smartinthedark.com\/dk\/wp-json\/wp\/v2\/types\/product"}],"replies":[{"embeddable":true,"href":"https:\/\/smartinthedark.com\/dk\/wp-json\/wp\/v2\/comments?post=34324"}],"wp:featuredmedia":[{"embeddable":true,"href":"https:\/\/smartinthedark.com\/dk\/wp-json\/wp\/v2\/media\/34330"}],"wp:attachment":[{"href":"https:\/\/smartinthedark.com\/dk\/wp-json\/wp\/v2\/media?parent=34324"}],"wp:term":[{"taxonomy":"product_brand","embeddable":true,"href":"https:\/\/smartinthedark.com\/dk\/wp-json\/wp\/v2\/product_brand?post=34324"},{"taxonomy":"product_cat","embeddable":true,"href":"https:\/\/smartinthedark.com\/dk\/wp-json\/wp\/v2\/product_cat?post=34324"},{"taxonomy":"product_tag","embeddable":true,"href":"https:\/\/smartinthedark.com\/dk\/wp-json\/wp\/v2\/product_tag?post=34324"}],"curies":[{"name":"wp","href":"https:\/\/api.w.org\/{rel}","templated":true}]}}