{"id":28,"date":"2019-06-12T14:23:14","date_gmt":"2019-06-12T12:23:14","guid":{"rendered":"https:\/\/smartinthedark.com\/produkt\/import-placeholder-for-22488\/"},"modified":"2026-03-04T08:52:28","modified_gmt":"2026-03-04T07:52:28","slug":"refleksband-til-arme-og-ben","status":"publish","type":"product","link":"https:\/\/smartinthedark.com\/dk\/produkt\/refleksband-til-arme-og-ben\/","title":{"rendered":"Refleksb\u00e5nd til arme og ben"},"content":{"rendered":"<p>Med dette refleksb\u00e5nd, skaber du opm\u00e6rksomhed i byens gader. Et fint tilbeh\u00f8r, der passer perfekt rundt om armen eller benet. Refleksb\u00e5ndet reflekterer 360 grader og er tilg\u00e6ngeligt i fem forskellige refleksm\u00f8nstre fra kollektionen Nordic Silver Collection \u2013 Multeb\u00e6r, Flet, Bjergtop, Nordlys og Tytteb\u00e6r. Refleksb\u00e5ndet er let at tage af og p\u00e5, takket v\u00e6re den justerbare velcrolukning. Den perfekte gave til dig selv eller en du har k\u00e6r!<\/p>\n<p>Vores reflekser sikrer, at du er synlig i m\u00f8rket p\u00e5 mere end 125 meters afstand. De er fremstillet i 3M Scotchlite, som er et af de sikreste og bedste refleksmaterialer p\u00e5 markedet.<\/p>\n<p>\u2022 S\u00e6ttes enkelt rundt om armen eller benet med velcrolukningen<br \/>\n\u2022 Justerbar omkreds 28-38 cm<br \/>\n\u2022 Produktbredde 8 cm<br \/>\n\u2022 Refleksbredde 4,2 cm<\/p>\n","protected":false},"excerpt":{"rendered":"<p>Refleksen s\u00e6lges pr. Stk<\/p>\n<p>Med dette refleksb\u00e5nd, skaber du opm\u00e6rksomhed i byens gader. Et fint tilbeh\u00f8r, der passer perfekt rundt om armen eller benet. <b><u><a href=\"#beskrivning\">L\u00e6s mere<\/a><\/u><\/b><\/p>\n","protected":false},"featured_media":109,"comment_status":"open","ping_status":"closed","template":"","meta":{"_trash_the_other_posts":false,"editor_notices":[]},"product_brand":[],"product_cat":[60],"product_tag":[],"class_list":{"0":"post-28","1":"product","2":"type-product","3":"status-publish","4":"has-post-thumbnail","6":"product_cat-reflekterende-tilbehor","8":"first","9":"instock","10":"taxable","11":"shipping-taxable","12":"purchasable","13":"product-type-variable"},"yoast_head":"<!-- This site is optimized with the Yoast SEO plugin v25.9 - https:\/\/yoast.com\/wordpress\/plugins\/seo\/ -->\n<title>Refleksb\u00e5nd til arme og ben - Smart in the dark Dansk<\/title>\n<meta name=\"description\" content=\"Rak armreflex som \u00e4ven kan anv\u00e4ndas runt ben. F\u00e4stes enkelt med kardborreband. Justerbar omkrets 28-38 cm. Produktbredd 8 cm. Reflexbredd 4,2 cm.\" \/>\n<meta name=\"robots\" content=\"index, follow, max-snippet:-1, max-image-preview:large, max-video-preview:-1\" \/>\n<link rel=\"canonical\" href=\"https:\/\/smartinthedark.com\/dk\/produkt\/refleksband-til-arme-og-ben\/\" \/>\n<meta property=\"og:locale\" content=\"da_DK\" \/>\n<meta property=\"og:type\" content=\"article\" \/>\n<meta property=\"og:title\" content=\"Refleksb\u00e5nd til arme og ben - Smart in the dark Dansk\" \/>\n<meta property=\"og:description\" content=\"Rak armreflex som \u00e4ven kan anv\u00e4ndas runt ben. F\u00e4stes enkelt med kardborreband. Justerbar omkrets 28-38 cm. Produktbredd 8 cm. Reflexbredd 4,2 cm.\" \/>\n<meta property=\"og:url\" content=\"https:\/\/smartinthedark.com\/dk\/produkt\/refleksband-til-arme-og-ben\/\" \/>\n<meta property=\"og:site_name\" content=\"Smart in the dark Dansk\" \/>\n<meta property=\"article:publisher\" content=\"https:\/\/www.facebook.com\/smartinthedark\/\" \/>\n<meta property=\"article:modified_time\" content=\"2026-03-04T07:52:28+00:00\" \/>\n<meta property=\"og:image\" content=\"https:\/\/smartinthedark.com\/dk\/wp-content\/uploads\/sites\/7\/2019\/06\/REFLEX-TILL-ARM-500x500.jpg\" \/>\n\t<meta property=\"og:image:width\" content=\"500\" \/>\n\t<meta property=\"og:image:height\" content=\"500\" \/>\n\t<meta property=\"og:image:type\" content=\"image\/jpeg\" \/>\n<meta name=\"twitter:card\" content=\"summary_large_image\" \/>\n<meta name=\"twitter:label1\" content=\"Est. reading time\" \/>\n\t<meta name=\"twitter:data1\" content=\"1 minute\" \/>\n<script type=\"application\/ld+json\" class=\"yoast-schema-graph\">{\"@context\":\"https:\/\/schema.org\",\"@graph\":[{\"@type\":\"WebPage\",\"@id\":\"https:\/\/smartinthedark.com\/dk\/produkt\/refleksband-til-arme-og-ben\/\",\"url\":\"https:\/\/smartinthedark.com\/dk\/produkt\/refleksband-til-arme-og-ben\/\",\"name\":\"Refleksb\u00e5nd til arme og ben - Smart in the dark Dansk\",\"isPartOf\":{\"@id\":\"https:\/\/smartinthedark.com\/dk\/#website\"},\"primaryImageOfPage\":{\"@id\":\"https:\/\/smartinthedark.com\/dk\/produkt\/refleksband-til-arme-og-ben\/#primaryimage\"},\"image\":{\"@id\":\"https:\/\/smartinthedark.com\/dk\/produkt\/refleksband-til-arme-og-ben\/#primaryimage\"},\"thumbnailUrl\":\"https:\/\/smartinthedark.com\/dk\/wp-content\/uploads\/sites\/7\/2019\/06\/REFLEX-TILL-ARM-500x500.jpg\",\"datePublished\":\"2019-06-12T12:23:14+00:00\",\"dateModified\":\"2026-03-04T07:52:28+00:00\",\"description\":\"Rak armreflex som \u00e4ven kan anv\u00e4ndas runt ben. F\u00e4stes enkelt med kardborreband. Justerbar omkrets 28-38 cm. Produktbredd 8 cm. Reflexbredd 4,2 cm.\",\"breadcrumb\":{\"@id\":\"https:\/\/smartinthedark.com\/dk\/produkt\/refleksband-til-arme-og-ben\/#breadcrumb\"},\"inLanguage\":\"da-DK\",\"potentialAction\":[{\"@type\":\"ReadAction\",\"target\":[\"https:\/\/smartinthedark.com\/dk\/produkt\/refleksband-til-arme-og-ben\/\"]}]},{\"@type\":\"ImageObject\",\"inLanguage\":\"da-DK\",\"@id\":\"https:\/\/smartinthedark.com\/dk\/produkt\/refleksband-til-arme-og-ben\/#primaryimage\",\"url\":\"https:\/\/smartinthedark.com\/dk\/wp-content\/uploads\/sites\/7\/2019\/06\/REFLEX-TILL-ARM-500x500.jpg\",\"contentUrl\":\"https:\/\/smartinthedark.com\/dk\/wp-content\/uploads\/sites\/7\/2019\/06\/REFLEX-TILL-ARM-500x500.jpg\",\"width\":500,\"height\":500},{\"@type\":\"BreadcrumbList\",\"@id\":\"https:\/\/smartinthedark.com\/dk\/produkt\/refleksband-til-arme-og-ben\/#breadcrumb\",\"itemListElement\":[{\"@type\":\"ListItem\",\"position\":1,\"name\":\"Hem\",\"item\":\"https:\/\/smartinthedark.com\/dk\/\"},{\"@type\":\"ListItem\",\"position\":2,\"name\":\"Webshop\",\"item\":\"https:\/\/smartinthedark.com\/dk\/webshop\/\"},{\"@type\":\"ListItem\",\"position\":3,\"name\":\"Refleksb\u00e5nd til arme og ben\"}]},{\"@type\":\"WebSite\",\"@id\":\"https:\/\/smartinthedark.com\/dk\/#website\",\"url\":\"https:\/\/smartinthedark.com\/dk\/\",\"name\":\"Smart in the dark Dansk\",\"description\":\"\",\"potentialAction\":[{\"@type\":\"SearchAction\",\"target\":{\"@type\":\"EntryPoint\",\"urlTemplate\":\"https:\/\/smartinthedark.com\/dk\/?s={search_term_string}\"},\"query-input\":{\"@type\":\"PropertyValueSpecification\",\"valueRequired\":true,\"valueName\":\"search_term_string\"}}],\"inLanguage\":\"da-DK\"}]}<\/script>\n<!-- \/ Yoast SEO plugin. -->","yoast_head_json":{"title":"Refleksb\u00e5nd til arme og ben - Smart in the dark Dansk","description":"Rak armreflex som \u00e4ven kan anv\u00e4ndas runt ben. F\u00e4stes enkelt med kardborreband. Justerbar omkrets 28-38 cm. Produktbredd 8 cm. Reflexbredd 4,2 cm.","robots":{"index":"index","follow":"follow","max-snippet":"max-snippet:-1","max-image-preview":"max-image-preview:large","max-video-preview":"max-video-preview:-1"},"canonical":"https:\/\/smartinthedark.com\/dk\/produkt\/refleksband-til-arme-og-ben\/","og_locale":"da_DK","og_type":"article","og_title":"Refleksb\u00e5nd til arme og ben - Smart in the dark Dansk","og_description":"Rak armreflex som \u00e4ven kan anv\u00e4ndas runt ben. F\u00e4stes enkelt med kardborreband. Justerbar omkrets 28-38 cm. Produktbredd 8 cm. Reflexbredd 4,2 cm.","og_url":"https:\/\/smartinthedark.com\/dk\/produkt\/refleksband-til-arme-og-ben\/","og_site_name":"Smart in the dark Dansk","article_publisher":"https:\/\/www.facebook.com\/smartinthedark\/","article_modified_time":"2026-03-04T07:52:28+00:00","og_image":[{"width":500,"height":500,"url":"https:\/\/smartinthedark.com\/dk\/wp-content\/uploads\/sites\/7\/2019\/06\/REFLEX-TILL-ARM-500x500.jpg","type":"image\/jpeg"}],"twitter_card":"summary_large_image","twitter_misc":{"Est. reading time":"1 minute"},"schema":{"@context":"https:\/\/schema.org","@graph":[{"@type":"WebPage","@id":"https:\/\/smartinthedark.com\/dk\/produkt\/refleksband-til-arme-og-ben\/","url":"https:\/\/smartinthedark.com\/dk\/produkt\/refleksband-til-arme-og-ben\/","name":"Refleksb\u00e5nd til arme og ben - Smart in the dark Dansk","isPartOf":{"@id":"https:\/\/smartinthedark.com\/dk\/#website"},"primaryImageOfPage":{"@id":"https:\/\/smartinthedark.com\/dk\/produkt\/refleksband-til-arme-og-ben\/#primaryimage"},"image":{"@id":"https:\/\/smartinthedark.com\/dk\/produkt\/refleksband-til-arme-og-ben\/#primaryimage"},"thumbnailUrl":"https:\/\/smartinthedark.com\/dk\/wp-content\/uploads\/sites\/7\/2019\/06\/REFLEX-TILL-ARM-500x500.jpg","datePublished":"2019-06-12T12:23:14+00:00","dateModified":"2026-03-04T07:52:28+00:00","description":"Rak armreflex som \u00e4ven kan anv\u00e4ndas runt ben. F\u00e4stes enkelt med kardborreband. Justerbar omkrets 28-38 cm. Produktbredd 8 cm. Reflexbredd 4,2 cm.","breadcrumb":{"@id":"https:\/\/smartinthedark.com\/dk\/produkt\/refleksband-til-arme-og-ben\/#breadcrumb"},"inLanguage":"da-DK","potentialAction":[{"@type":"ReadAction","target":["https:\/\/smartinthedark.com\/dk\/produkt\/refleksband-til-arme-og-ben\/"]}]},{"@type":"ImageObject","inLanguage":"da-DK","@id":"https:\/\/smartinthedark.com\/dk\/produkt\/refleksband-til-arme-og-ben\/#primaryimage","url":"https:\/\/smartinthedark.com\/dk\/wp-content\/uploads\/sites\/7\/2019\/06\/REFLEX-TILL-ARM-500x500.jpg","contentUrl":"https:\/\/smartinthedark.com\/dk\/wp-content\/uploads\/sites\/7\/2019\/06\/REFLEX-TILL-ARM-500x500.jpg","width":500,"height":500},{"@type":"BreadcrumbList","@id":"https:\/\/smartinthedark.com\/dk\/produkt\/refleksband-til-arme-og-ben\/#breadcrumb","itemListElement":[{"@type":"ListItem","position":1,"name":"Hem","item":"https:\/\/smartinthedark.com\/dk\/"},{"@type":"ListItem","position":2,"name":"Webshop","item":"https:\/\/smartinthedark.com\/dk\/webshop\/"},{"@type":"ListItem","position":3,"name":"Refleksb\u00e5nd til arme og ben"}]},{"@type":"WebSite","@id":"https:\/\/smartinthedark.com\/dk\/#website","url":"https:\/\/smartinthedark.com\/dk\/","name":"Smart in the dark Dansk","description":"","potentialAction":[{"@type":"SearchAction","target":{"@type":"EntryPoint","urlTemplate":"https:\/\/smartinthedark.com\/dk\/?s={search_term_string}"},"query-input":{"@type":"PropertyValueSpecification","valueRequired":true,"valueName":"search_term_string"}}],"inLanguage":"da-DK"}]}},"_links":{"self":[{"href":"https:\/\/smartinthedark.com\/dk\/wp-json\/wp\/v2\/product\/28","targetHints":{"allow":["GET"]}}],"collection":[{"href":"https:\/\/smartinthedark.com\/dk\/wp-json\/wp\/v2\/product"}],"about":[{"href":"https:\/\/smartinthedark.com\/dk\/wp-json\/wp\/v2\/types\/product"}],"replies":[{"embeddable":true,"href":"https:\/\/smartinthedark.com\/dk\/wp-json\/wp\/v2\/comments?post=28"}],"wp:featuredmedia":[{"embeddable":true,"href":"https:\/\/smartinthedark.com\/dk\/wp-json\/wp\/v2\/media\/109"}],"wp:attachment":[{"href":"https:\/\/smartinthedark.com\/dk\/wp-json\/wp\/v2\/media?parent=28"}],"wp:term":[{"taxonomy":"product_brand","embeddable":true,"href":"https:\/\/smartinthedark.com\/dk\/wp-json\/wp\/v2\/product_brand?post=28"},{"taxonomy":"product_cat","embeddable":true,"href":"https:\/\/smartinthedark.com\/dk\/wp-json\/wp\/v2\/product_cat?post=28"},{"taxonomy":"product_tag","embeddable":true,"href":"https:\/\/smartinthedark.com\/dk\/wp-json\/wp\/v2\/product_tag?post=28"}],"curies":[{"name":"wp","href":"https:\/\/api.w.org\/{rel}","templated":true}]}}