{"id":27,"date":"2019-06-12T14:23:14","date_gmt":"2019-06-12T12:23:14","guid":{"rendered":"https:\/\/smartinthedark.com\/produkt\/import-placeholder-for-22303\/"},"modified":"2026-04-07T13:24:14","modified_gmt":"2026-04-07T11:24:14","slug":"refleksbaelte-der-gor-dig-synlig","status":"publish","type":"product","link":"https:\/\/smartinthedark.com\/dk\/produkt\/refleksbaelte-der-gor-dig-synlig\/","title":{"rendered":"Refleksb\u00e6lte der g\u00f8r dig synlig"},"content":{"rendered":"<p>Dette refleksb\u00e6lte er et smart tilbeh\u00f8r, hvis du vil v\u00e6re synlig og sikker i byens gader. Et p\u00e6nere alternativ til refleksvesten. B\u00e6ltet er justerbart med trykknapper og har en lille lomme til mindre genstande, som n\u00f8gler, kontanter eller kreditkort. Det reflekterer 360 grader og sikrer, at du er synlig i m\u00f8rket p\u00e5 mere end 125 meters afstand. V\u00e6lg dit favoritm\u00f8nster fra Nordic Silver Collection \u2013 Multeb\u00e6r, Flet, Bjergtop, Nordlys og Tytteb\u00e6r. Dette refleksb\u00e6lte fuldender dit outfit.<\/p>\n<p>\u2022 Justerbart med trykknapper p\u00e5 indersiden<br \/>\n\u2022 Tilg\u00e6ngeligt i to st\u00f8rrelser: S-M (75-95 cm) og L-XL (93-115 cm)<br \/>\n\u2022 Produktbredde (8 cm)<br \/>\n\u2022 Refleksbredde (4,2 cm)<\/p>\n","protected":false},"excerpt":{"rendered":"<p>Dette refleksb\u00e6lte er et smart tilbeh\u00f8r, hvis du vil v\u00e6re synlig og sikker i byens gader. <b><u><a href=\"#beskrivning\">L\u00e6s mere<\/a><\/u><\/b><\/p>\n","protected":false},"featured_media":103,"comment_status":"open","ping_status":"closed","template":"","meta":{"_trash_the_other_posts":false,"editor_notices":[]},"product_brand":[],"product_cat":[60],"product_tag":[],"class_list":{"0":"post-27","1":"product","2":"type-product","3":"status-publish","4":"has-post-thumbnail","6":"product_cat-reflekterende-tilbehor","8":"first","9":"instock","10":"taxable","11":"shipping-taxable","12":"purchasable","13":"product-type-variable","14":"has-default-attributes"},"yoast_head":"<!-- This site is optimized with the Yoast SEO plugin v25.9 - https:\/\/yoast.com\/wordpress\/plugins\/seo\/ -->\n<title>Refleksb\u00e6lte der g\u00f8r dig synlig - Smart in the dark Dansk<\/title>\n<meta name=\"description\" content=\"Reflexb\u00e4lte som reflekterar 360 grader. Inneh\u00e5ller en ficka f\u00f6r att f\u00f6rvara nycklar, kontanter eller kontokort. Justerbart med tryckknappar p\u00e5 insidan.\" \/>\n<meta name=\"robots\" content=\"index, follow, max-snippet:-1, max-image-preview:large, max-video-preview:-1\" \/>\n<link rel=\"canonical\" href=\"https:\/\/smartinthedark.com\/dk\/produkt\/refleksbaelte-der-gor-dig-synlig\/\" \/>\n<meta property=\"og:locale\" content=\"da_DK\" \/>\n<meta property=\"og:type\" content=\"article\" \/>\n<meta property=\"og:title\" content=\"Refleksb\u00e6lte der g\u00f8r dig synlig - Smart in the dark Dansk\" \/>\n<meta property=\"og:description\" content=\"Reflexb\u00e4lte som reflekterar 360 grader. Inneh\u00e5ller en ficka f\u00f6r att f\u00f6rvara nycklar, kontanter eller kontokort. Justerbart med tryckknappar p\u00e5 insidan.\" \/>\n<meta property=\"og:url\" content=\"https:\/\/smartinthedark.com\/dk\/produkt\/refleksbaelte-der-gor-dig-synlig\/\" \/>\n<meta property=\"og:site_name\" content=\"Smart in the dark Dansk\" \/>\n<meta property=\"article:publisher\" content=\"https:\/\/www.facebook.com\/smartinthedark\/\" \/>\n<meta property=\"article:modified_time\" content=\"2026-04-07T11:24:14+00:00\" \/>\n<meta property=\"og:image\" content=\"https:\/\/smartinthedark.com\/dk\/wp-content\/uploads\/sites\/7\/2019\/06\/Lingon_b\u00e4lte_reflex.jpg\" \/>\n\t<meta property=\"og:image:width\" content=\"500\" \/>\n\t<meta property=\"og:image:height\" content=\"500\" \/>\n\t<meta property=\"og:image:type\" content=\"image\/jpeg\" \/>\n<meta name=\"twitter:card\" content=\"summary_large_image\" \/>\n<meta name=\"twitter:label1\" content=\"Est. reading time\" \/>\n\t<meta name=\"twitter:data1\" content=\"1 minute\" \/>\n<script type=\"application\/ld+json\" class=\"yoast-schema-graph\">{\"@context\":\"https:\/\/schema.org\",\"@graph\":[{\"@type\":\"WebPage\",\"@id\":\"https:\/\/smartinthedark.com\/dk\/produkt\/refleksbaelte-der-gor-dig-synlig\/\",\"url\":\"https:\/\/smartinthedark.com\/dk\/produkt\/refleksbaelte-der-gor-dig-synlig\/\",\"name\":\"Refleksb\u00e6lte der g\u00f8r dig synlig - Smart in the dark Dansk\",\"isPartOf\":{\"@id\":\"https:\/\/smartinthedark.com\/dk\/#website\"},\"primaryImageOfPage\":{\"@id\":\"https:\/\/smartinthedark.com\/dk\/produkt\/refleksbaelte-der-gor-dig-synlig\/#primaryimage\"},\"image\":{\"@id\":\"https:\/\/smartinthedark.com\/dk\/produkt\/refleksbaelte-der-gor-dig-synlig\/#primaryimage\"},\"thumbnailUrl\":\"https:\/\/smartinthedark.com\/dk\/wp-content\/uploads\/sites\/7\/2019\/06\/Lingon_b\u00e4lte_reflex.jpg\",\"datePublished\":\"2019-06-12T12:23:14+00:00\",\"dateModified\":\"2026-04-07T11:24:14+00:00\",\"description\":\"Reflexb\u00e4lte som reflekterar 360 grader. Inneh\u00e5ller en ficka f\u00f6r att f\u00f6rvara nycklar, kontanter eller kontokort. Justerbart med tryckknappar p\u00e5 insidan.\",\"breadcrumb\":{\"@id\":\"https:\/\/smartinthedark.com\/dk\/produkt\/refleksbaelte-der-gor-dig-synlig\/#breadcrumb\"},\"inLanguage\":\"da-DK\",\"potentialAction\":[{\"@type\":\"ReadAction\",\"target\":[\"https:\/\/smartinthedark.com\/dk\/produkt\/refleksbaelte-der-gor-dig-synlig\/\"]}]},{\"@type\":\"ImageObject\",\"inLanguage\":\"da-DK\",\"@id\":\"https:\/\/smartinthedark.com\/dk\/produkt\/refleksbaelte-der-gor-dig-synlig\/#primaryimage\",\"url\":\"https:\/\/smartinthedark.com\/dk\/wp-content\/uploads\/sites\/7\/2019\/06\/Lingon_b\u00e4lte_reflex.jpg\",\"contentUrl\":\"https:\/\/smartinthedark.com\/dk\/wp-content\/uploads\/sites\/7\/2019\/06\/Lingon_b\u00e4lte_reflex.jpg\",\"width\":500,\"height\":500},{\"@type\":\"BreadcrumbList\",\"@id\":\"https:\/\/smartinthedark.com\/dk\/produkt\/refleksbaelte-der-gor-dig-synlig\/#breadcrumb\",\"itemListElement\":[{\"@type\":\"ListItem\",\"position\":1,\"name\":\"Hem\",\"item\":\"https:\/\/smartinthedark.com\/dk\/\"},{\"@type\":\"ListItem\",\"position\":2,\"name\":\"Webshop\",\"item\":\"https:\/\/smartinthedark.com\/dk\/webshop\/\"},{\"@type\":\"ListItem\",\"position\":3,\"name\":\"Refleksb\u00e6lte der g\u00f8r dig synlig\"}]},{\"@type\":\"WebSite\",\"@id\":\"https:\/\/smartinthedark.com\/dk\/#website\",\"url\":\"https:\/\/smartinthedark.com\/dk\/\",\"name\":\"Smart in the dark Dansk\",\"description\":\"\",\"potentialAction\":[{\"@type\":\"SearchAction\",\"target\":{\"@type\":\"EntryPoint\",\"urlTemplate\":\"https:\/\/smartinthedark.com\/dk\/?s={search_term_string}\"},\"query-input\":{\"@type\":\"PropertyValueSpecification\",\"valueRequired\":true,\"valueName\":\"search_term_string\"}}],\"inLanguage\":\"da-DK\"}]}<\/script>\n<!-- \/ Yoast SEO plugin. -->","yoast_head_json":{"title":"Refleksb\u00e6lte der g\u00f8r dig synlig - Smart in the dark Dansk","description":"Reflexb\u00e4lte som reflekterar 360 grader. Inneh\u00e5ller en ficka f\u00f6r att f\u00f6rvara nycklar, kontanter eller kontokort. Justerbart med tryckknappar p\u00e5 insidan.","robots":{"index":"index","follow":"follow","max-snippet":"max-snippet:-1","max-image-preview":"max-image-preview:large","max-video-preview":"max-video-preview:-1"},"canonical":"https:\/\/smartinthedark.com\/dk\/produkt\/refleksbaelte-der-gor-dig-synlig\/","og_locale":"da_DK","og_type":"article","og_title":"Refleksb\u00e6lte der g\u00f8r dig synlig - Smart in the dark Dansk","og_description":"Reflexb\u00e4lte som reflekterar 360 grader. Inneh\u00e5ller en ficka f\u00f6r att f\u00f6rvara nycklar, kontanter eller kontokort. Justerbart med tryckknappar p\u00e5 insidan.","og_url":"https:\/\/smartinthedark.com\/dk\/produkt\/refleksbaelte-der-gor-dig-synlig\/","og_site_name":"Smart in the dark Dansk","article_publisher":"https:\/\/www.facebook.com\/smartinthedark\/","article_modified_time":"2026-04-07T11:24:14+00:00","og_image":[{"width":500,"height":500,"url":"https:\/\/smartinthedark.com\/dk\/wp-content\/uploads\/sites\/7\/2019\/06\/Lingon_b\u00e4lte_reflex.jpg","type":"image\/jpeg"}],"twitter_card":"summary_large_image","twitter_misc":{"Est. reading time":"1 minute"},"schema":{"@context":"https:\/\/schema.org","@graph":[{"@type":"WebPage","@id":"https:\/\/smartinthedark.com\/dk\/produkt\/refleksbaelte-der-gor-dig-synlig\/","url":"https:\/\/smartinthedark.com\/dk\/produkt\/refleksbaelte-der-gor-dig-synlig\/","name":"Refleksb\u00e6lte der g\u00f8r dig synlig - Smart in the dark Dansk","isPartOf":{"@id":"https:\/\/smartinthedark.com\/dk\/#website"},"primaryImageOfPage":{"@id":"https:\/\/smartinthedark.com\/dk\/produkt\/refleksbaelte-der-gor-dig-synlig\/#primaryimage"},"image":{"@id":"https:\/\/smartinthedark.com\/dk\/produkt\/refleksbaelte-der-gor-dig-synlig\/#primaryimage"},"thumbnailUrl":"https:\/\/smartinthedark.com\/dk\/wp-content\/uploads\/sites\/7\/2019\/06\/Lingon_b\u00e4lte_reflex.jpg","datePublished":"2019-06-12T12:23:14+00:00","dateModified":"2026-04-07T11:24:14+00:00","description":"Reflexb\u00e4lte som reflekterar 360 grader. Inneh\u00e5ller en ficka f\u00f6r att f\u00f6rvara nycklar, kontanter eller kontokort. Justerbart med tryckknappar p\u00e5 insidan.","breadcrumb":{"@id":"https:\/\/smartinthedark.com\/dk\/produkt\/refleksbaelte-der-gor-dig-synlig\/#breadcrumb"},"inLanguage":"da-DK","potentialAction":[{"@type":"ReadAction","target":["https:\/\/smartinthedark.com\/dk\/produkt\/refleksbaelte-der-gor-dig-synlig\/"]}]},{"@type":"ImageObject","inLanguage":"da-DK","@id":"https:\/\/smartinthedark.com\/dk\/produkt\/refleksbaelte-der-gor-dig-synlig\/#primaryimage","url":"https:\/\/smartinthedark.com\/dk\/wp-content\/uploads\/sites\/7\/2019\/06\/Lingon_b\u00e4lte_reflex.jpg","contentUrl":"https:\/\/smartinthedark.com\/dk\/wp-content\/uploads\/sites\/7\/2019\/06\/Lingon_b\u00e4lte_reflex.jpg","width":500,"height":500},{"@type":"BreadcrumbList","@id":"https:\/\/smartinthedark.com\/dk\/produkt\/refleksbaelte-der-gor-dig-synlig\/#breadcrumb","itemListElement":[{"@type":"ListItem","position":1,"name":"Hem","item":"https:\/\/smartinthedark.com\/dk\/"},{"@type":"ListItem","position":2,"name":"Webshop","item":"https:\/\/smartinthedark.com\/dk\/webshop\/"},{"@type":"ListItem","position":3,"name":"Refleksb\u00e6lte der g\u00f8r dig synlig"}]},{"@type":"WebSite","@id":"https:\/\/smartinthedark.com\/dk\/#website","url":"https:\/\/smartinthedark.com\/dk\/","name":"Smart in the dark Dansk","description":"","potentialAction":[{"@type":"SearchAction","target":{"@type":"EntryPoint","urlTemplate":"https:\/\/smartinthedark.com\/dk\/?s={search_term_string}"},"query-input":{"@type":"PropertyValueSpecification","valueRequired":true,"valueName":"search_term_string"}}],"inLanguage":"da-DK"}]}},"_links":{"self":[{"href":"https:\/\/smartinthedark.com\/dk\/wp-json\/wp\/v2\/product\/27","targetHints":{"allow":["GET"]}}],"collection":[{"href":"https:\/\/smartinthedark.com\/dk\/wp-json\/wp\/v2\/product"}],"about":[{"href":"https:\/\/smartinthedark.com\/dk\/wp-json\/wp\/v2\/types\/product"}],"replies":[{"embeddable":true,"href":"https:\/\/smartinthedark.com\/dk\/wp-json\/wp\/v2\/comments?post=27"}],"wp:featuredmedia":[{"embeddable":true,"href":"https:\/\/smartinthedark.com\/dk\/wp-json\/wp\/v2\/media\/103"}],"wp:attachment":[{"href":"https:\/\/smartinthedark.com\/dk\/wp-json\/wp\/v2\/media?parent=27"}],"wp:term":[{"taxonomy":"product_brand","embeddable":true,"href":"https:\/\/smartinthedark.com\/dk\/wp-json\/wp\/v2\/product_brand?post=27"},{"taxonomy":"product_cat","embeddable":true,"href":"https:\/\/smartinthedark.com\/dk\/wp-json\/wp\/v2\/product_cat?post=27"},{"taxonomy":"product_tag","embeddable":true,"href":"https:\/\/smartinthedark.com\/dk\/wp-json\/wp\/v2\/product_tag?post=27"}],"curies":[{"name":"wp","href":"https:\/\/api.w.org\/{rel}","templated":true}]}}