{"id":26,"date":"2019-06-12T14:23:13","date_gmt":"2019-06-12T12:23:13","guid":{"rendered":"https:\/\/smartinthedark.com\/produkt\/import-placeholder-for-22302\/"},"modified":"2026-04-07T13:24:08","modified_gmt":"2026-04-07T11:24:08","slug":"refleks-til-ben-som-beskytter-dig-og-dine-busker","status":"publish","type":"product","link":"https:\/\/smartinthedark.com\/dk\/produkt\/refleks-til-ben-som-beskytter-dig-og-dine-busker\/","title":{"rendered":"Refleks til ben, som beskytter dig og dine busker"},"content":{"rendered":"<p>Denne refleks til benet beskytter ikke kun dig i m\u00f8rket, den beskytter ogs\u00e5 dine bukser imod snavs \u2013 helt perfekt n\u00e5r du cykler til og fra arbejdet! Det brede refleksm\u00f8nster reflekterer 360 grader og kan ses p\u00e5 over 125 meters afstand. Du fastg\u00f8r det enkelt rundt om benet ved hj\u00e6lp af velcrolukningen. Tilg\u00e6ngelig i fem forskellige refleksm\u00f8nstre fra Nordic Silver Collection \u2013 Multeb\u00e6r, Flet, Bjergtop, Nordlys og Tytteb\u00e6r. En smart detalje til dig selv eller \u00e9n du har k\u00e6r!<\/p>\n<p>\u2022 Fastg\u00f8res enkelt rundt om benet ved hj\u00e6lp af velcrolukningen<br \/>\n\u2022 Justerbar bredde 35-47 cm<br \/>\n\u2022 Produkth\u00f8jde 18 cm<br \/>\n\u2022 Refleksbredde 2&#215;4,2 cm<\/p>\n","protected":false},"excerpt":{"rendered":"<p>Refleksen s\u00e6lges pr. Stk<\/p>\n<p>Denne refleks til benet beskytter ikke kun dig i m\u00f8rket, den beskytter ogs\u00e5 dine bukser. <b><u><a href=\"#beskrivning\">L\u00e6s mere<\/a><\/u><\/b><\/p>\n","protected":false},"featured_media":24977,"comment_status":"open","ping_status":"closed","template":"","meta":{"_trash_the_other_posts":false,"editor_notices":[]},"product_brand":[],"product_cat":[60],"product_tag":[],"class_list":{"0":"post-26","1":"product","2":"type-product","3":"status-publish","4":"has-post-thumbnail","6":"product_cat-reflekterende-tilbehor","8":"first","9":"instock","10":"taxable","11":"shipping-taxable","12":"purchasable","13":"product-type-variable"},"yoast_head":"<!-- This site is optimized with the Yoast SEO plugin v25.9 - https:\/\/yoast.com\/wordpress\/plugins\/seo\/ -->\n<title>Refleks til ben, som beskytter dig og dine busker - Smart in the dark Dansk<\/title>\n<meta name=\"description\" content=\"Reflex till ben som reflekterar 360 grader. Placeras runt benet och skyddar byxan fr\u00e5n att bli smutsig och g\u00f6r dig samtidigt synbar. F\u00e4sts enkelt.\" \/>\n<meta name=\"robots\" content=\"index, follow, max-snippet:-1, max-image-preview:large, max-video-preview:-1\" \/>\n<link rel=\"canonical\" href=\"https:\/\/smartinthedark.com\/dk\/produkt\/refleks-til-ben-som-beskytter-dig-og-dine-busker\/\" \/>\n<meta property=\"og:locale\" content=\"da_DK\" \/>\n<meta property=\"og:type\" content=\"article\" \/>\n<meta property=\"og:title\" content=\"Refleks til ben, som beskytter dig og dine busker - Smart in the dark Dansk\" \/>\n<meta property=\"og:description\" content=\"Reflex till ben som reflekterar 360 grader. Placeras runt benet och skyddar byxan fr\u00e5n att bli smutsig och g\u00f6r dig samtidigt synbar. F\u00e4sts enkelt.\" \/>\n<meta property=\"og:url\" content=\"https:\/\/smartinthedark.com\/dk\/produkt\/refleks-til-ben-som-beskytter-dig-og-dine-busker\/\" \/>\n<meta property=\"og:site_name\" content=\"Smart in the dark Dansk\" \/>\n<meta property=\"article:publisher\" content=\"https:\/\/www.facebook.com\/smartinthedark\/\" \/>\n<meta property=\"article:modified_time\" content=\"2026-04-07T11:24:08+00:00\" \/>\n<meta property=\"og:image\" content=\"https:\/\/smartinthedark.com\/dk\/wp-content\/uploads\/sites\/7\/2019\/06\/benreflex-snygg-smart-in-the-dark.png\" \/>\n\t<meta property=\"og:image:width\" content=\"898\" \/>\n\t<meta property=\"og:image:height\" content=\"737\" \/>\n\t<meta property=\"og:image:type\" content=\"image\/png\" \/>\n<meta name=\"twitter:card\" content=\"summary_large_image\" \/>\n<meta name=\"twitter:label1\" content=\"Est. reading time\" \/>\n\t<meta name=\"twitter:data1\" content=\"1 minute\" \/>\n<script type=\"application\/ld+json\" class=\"yoast-schema-graph\">{\"@context\":\"https:\/\/schema.org\",\"@graph\":[{\"@type\":\"WebPage\",\"@id\":\"https:\/\/smartinthedark.com\/dk\/produkt\/refleks-til-ben-som-beskytter-dig-og-dine-busker\/\",\"url\":\"https:\/\/smartinthedark.com\/dk\/produkt\/refleks-til-ben-som-beskytter-dig-og-dine-busker\/\",\"name\":\"Refleks til ben, som beskytter dig og dine busker - Smart in the dark Dansk\",\"isPartOf\":{\"@id\":\"https:\/\/smartinthedark.com\/dk\/#website\"},\"primaryImageOfPage\":{\"@id\":\"https:\/\/smartinthedark.com\/dk\/produkt\/refleks-til-ben-som-beskytter-dig-og-dine-busker\/#primaryimage\"},\"image\":{\"@id\":\"https:\/\/smartinthedark.com\/dk\/produkt\/refleks-til-ben-som-beskytter-dig-og-dine-busker\/#primaryimage\"},\"thumbnailUrl\":\"https:\/\/smartinthedark.com\/dk\/wp-content\/uploads\/sites\/7\/2019\/06\/benreflex-snygg-smart-in-the-dark.png\",\"datePublished\":\"2019-06-12T12:23:13+00:00\",\"dateModified\":\"2026-04-07T11:24:08+00:00\",\"description\":\"Reflex till ben som reflekterar 360 grader. Placeras runt benet och skyddar byxan fr\u00e5n att bli smutsig och g\u00f6r dig samtidigt synbar. F\u00e4sts enkelt.\",\"breadcrumb\":{\"@id\":\"https:\/\/smartinthedark.com\/dk\/produkt\/refleks-til-ben-som-beskytter-dig-og-dine-busker\/#breadcrumb\"},\"inLanguage\":\"da-DK\",\"potentialAction\":[{\"@type\":\"ReadAction\",\"target\":[\"https:\/\/smartinthedark.com\/dk\/produkt\/refleks-til-ben-som-beskytter-dig-og-dine-busker\/\"]}]},{\"@type\":\"ImageObject\",\"inLanguage\":\"da-DK\",\"@id\":\"https:\/\/smartinthedark.com\/dk\/produkt\/refleks-til-ben-som-beskytter-dig-og-dine-busker\/#primaryimage\",\"url\":\"https:\/\/smartinthedark.com\/dk\/wp-content\/uploads\/sites\/7\/2019\/06\/benreflex-snygg-smart-in-the-dark.png\",\"contentUrl\":\"https:\/\/smartinthedark.com\/dk\/wp-content\/uploads\/sites\/7\/2019\/06\/benreflex-snygg-smart-in-the-dark.png\",\"width\":898,\"height\":737},{\"@type\":\"BreadcrumbList\",\"@id\":\"https:\/\/smartinthedark.com\/dk\/produkt\/refleks-til-ben-som-beskytter-dig-og-dine-busker\/#breadcrumb\",\"itemListElement\":[{\"@type\":\"ListItem\",\"position\":1,\"name\":\"Hem\",\"item\":\"https:\/\/smartinthedark.com\/dk\/\"},{\"@type\":\"ListItem\",\"position\":2,\"name\":\"Webshop\",\"item\":\"https:\/\/smartinthedark.com\/dk\/webshop\/\"},{\"@type\":\"ListItem\",\"position\":3,\"name\":\"Refleks til ben, som beskytter dig og dine busker\"}]},{\"@type\":\"WebSite\",\"@id\":\"https:\/\/smartinthedark.com\/dk\/#website\",\"url\":\"https:\/\/smartinthedark.com\/dk\/\",\"name\":\"Smart in the dark Dansk\",\"description\":\"\",\"potentialAction\":[{\"@type\":\"SearchAction\",\"target\":{\"@type\":\"EntryPoint\",\"urlTemplate\":\"https:\/\/smartinthedark.com\/dk\/?s={search_term_string}\"},\"query-input\":{\"@type\":\"PropertyValueSpecification\",\"valueRequired\":true,\"valueName\":\"search_term_string\"}}],\"inLanguage\":\"da-DK\"}]}<\/script>\n<!-- \/ Yoast SEO plugin. -->","yoast_head_json":{"title":"Refleks til ben, som beskytter dig og dine busker - Smart in the dark Dansk","description":"Reflex till ben som reflekterar 360 grader. Placeras runt benet och skyddar byxan fr\u00e5n att bli smutsig och g\u00f6r dig samtidigt synbar. F\u00e4sts enkelt.","robots":{"index":"index","follow":"follow","max-snippet":"max-snippet:-1","max-image-preview":"max-image-preview:large","max-video-preview":"max-video-preview:-1"},"canonical":"https:\/\/smartinthedark.com\/dk\/produkt\/refleks-til-ben-som-beskytter-dig-og-dine-busker\/","og_locale":"da_DK","og_type":"article","og_title":"Refleks til ben, som beskytter dig og dine busker - Smart in the dark Dansk","og_description":"Reflex till ben som reflekterar 360 grader. Placeras runt benet och skyddar byxan fr\u00e5n att bli smutsig och g\u00f6r dig samtidigt synbar. F\u00e4sts enkelt.","og_url":"https:\/\/smartinthedark.com\/dk\/produkt\/refleks-til-ben-som-beskytter-dig-og-dine-busker\/","og_site_name":"Smart in the dark Dansk","article_publisher":"https:\/\/www.facebook.com\/smartinthedark\/","article_modified_time":"2026-04-07T11:24:08+00:00","og_image":[{"width":898,"height":737,"url":"https:\/\/smartinthedark.com\/dk\/wp-content\/uploads\/sites\/7\/2019\/06\/benreflex-snygg-smart-in-the-dark.png","type":"image\/png"}],"twitter_card":"summary_large_image","twitter_misc":{"Est. reading time":"1 minute"},"schema":{"@context":"https:\/\/schema.org","@graph":[{"@type":"WebPage","@id":"https:\/\/smartinthedark.com\/dk\/produkt\/refleks-til-ben-som-beskytter-dig-og-dine-busker\/","url":"https:\/\/smartinthedark.com\/dk\/produkt\/refleks-til-ben-som-beskytter-dig-og-dine-busker\/","name":"Refleks til ben, som beskytter dig og dine busker - Smart in the dark Dansk","isPartOf":{"@id":"https:\/\/smartinthedark.com\/dk\/#website"},"primaryImageOfPage":{"@id":"https:\/\/smartinthedark.com\/dk\/produkt\/refleks-til-ben-som-beskytter-dig-og-dine-busker\/#primaryimage"},"image":{"@id":"https:\/\/smartinthedark.com\/dk\/produkt\/refleks-til-ben-som-beskytter-dig-og-dine-busker\/#primaryimage"},"thumbnailUrl":"https:\/\/smartinthedark.com\/dk\/wp-content\/uploads\/sites\/7\/2019\/06\/benreflex-snygg-smart-in-the-dark.png","datePublished":"2019-06-12T12:23:13+00:00","dateModified":"2026-04-07T11:24:08+00:00","description":"Reflex till ben som reflekterar 360 grader. Placeras runt benet och skyddar byxan fr\u00e5n att bli smutsig och g\u00f6r dig samtidigt synbar. F\u00e4sts enkelt.","breadcrumb":{"@id":"https:\/\/smartinthedark.com\/dk\/produkt\/refleks-til-ben-som-beskytter-dig-og-dine-busker\/#breadcrumb"},"inLanguage":"da-DK","potentialAction":[{"@type":"ReadAction","target":["https:\/\/smartinthedark.com\/dk\/produkt\/refleks-til-ben-som-beskytter-dig-og-dine-busker\/"]}]},{"@type":"ImageObject","inLanguage":"da-DK","@id":"https:\/\/smartinthedark.com\/dk\/produkt\/refleks-til-ben-som-beskytter-dig-og-dine-busker\/#primaryimage","url":"https:\/\/smartinthedark.com\/dk\/wp-content\/uploads\/sites\/7\/2019\/06\/benreflex-snygg-smart-in-the-dark.png","contentUrl":"https:\/\/smartinthedark.com\/dk\/wp-content\/uploads\/sites\/7\/2019\/06\/benreflex-snygg-smart-in-the-dark.png","width":898,"height":737},{"@type":"BreadcrumbList","@id":"https:\/\/smartinthedark.com\/dk\/produkt\/refleks-til-ben-som-beskytter-dig-og-dine-busker\/#breadcrumb","itemListElement":[{"@type":"ListItem","position":1,"name":"Hem","item":"https:\/\/smartinthedark.com\/dk\/"},{"@type":"ListItem","position":2,"name":"Webshop","item":"https:\/\/smartinthedark.com\/dk\/webshop\/"},{"@type":"ListItem","position":3,"name":"Refleks til ben, som beskytter dig og dine busker"}]},{"@type":"WebSite","@id":"https:\/\/smartinthedark.com\/dk\/#website","url":"https:\/\/smartinthedark.com\/dk\/","name":"Smart in the dark Dansk","description":"","potentialAction":[{"@type":"SearchAction","target":{"@type":"EntryPoint","urlTemplate":"https:\/\/smartinthedark.com\/dk\/?s={search_term_string}"},"query-input":{"@type":"PropertyValueSpecification","valueRequired":true,"valueName":"search_term_string"}}],"inLanguage":"da-DK"}]}},"_links":{"self":[{"href":"https:\/\/smartinthedark.com\/dk\/wp-json\/wp\/v2\/product\/26","targetHints":{"allow":["GET"]}}],"collection":[{"href":"https:\/\/smartinthedark.com\/dk\/wp-json\/wp\/v2\/product"}],"about":[{"href":"https:\/\/smartinthedark.com\/dk\/wp-json\/wp\/v2\/types\/product"}],"replies":[{"embeddable":true,"href":"https:\/\/smartinthedark.com\/dk\/wp-json\/wp\/v2\/comments?post=26"}],"wp:featuredmedia":[{"embeddable":true,"href":"https:\/\/smartinthedark.com\/dk\/wp-json\/wp\/v2\/media\/24977"}],"wp:attachment":[{"href":"https:\/\/smartinthedark.com\/dk\/wp-json\/wp\/v2\/media?parent=26"}],"wp:term":[{"taxonomy":"product_brand","embeddable":true,"href":"https:\/\/smartinthedark.com\/dk\/wp-json\/wp\/v2\/product_brand?post=26"},{"taxonomy":"product_cat","embeddable":true,"href":"https:\/\/smartinthedark.com\/dk\/wp-json\/wp\/v2\/product_cat?post=26"},{"taxonomy":"product_tag","embeddable":true,"href":"https:\/\/smartinthedark.com\/dk\/wp-json\/wp\/v2\/product_tag?post=26"}],"curies":[{"name":"wp","href":"https:\/\/api.w.org\/{rel}","templated":true}]}}