{"id":25,"date":"2019-06-12T14:23:12","date_gmt":"2019-06-12T12:23:12","guid":{"rendered":"https:\/\/smartinthedark.com\/produkt\/import-placeholder-for-22301\/"},"modified":"2026-04-07T13:24:06","modified_gmt":"2026-04-07T11:24:06","slug":"smart-refleks-tilbehor-til-vaerdifulde-genstande","status":"publish","type":"product","link":"https:\/\/smartinthedark.com\/dk\/produkt\/smart-refleks-tilbehor-til-vaerdifulde-genstande\/","title":{"rendered":"Smart refleks-tilbeh\u00f8r til v\u00e6rdifulde genstande"},"content":{"rendered":"<p>Dette lille refleks-tilbeh\u00f8r kan g\u00f8re en stor forskel i m\u00f8rket. Det er designet til at passe perfekt p\u00e5 h\u00e5ndtasken, kufferten, rygs\u00e6kken, barnevognen eller cyklen. Det fastg\u00f8res enkelt med en justerbar velcrolukning. Refleksen reflekterer 360 grader og g\u00f8r dig synlig i m\u00f8rket p\u00e5 mere end 125 meters afstand. Tilg\u00e6ngelig i flere forskellige m\u00f8nstre, inspireret af Norden \u2013 Multeb\u00e6r, Flet, Bjergtop, Nordlys og Tytteb\u00e6r. V\u00e6lg det m\u00f8nster, du bedst kan lide, og b\u00e6r dette refleks-tilbeh\u00f8r med stolthed. Det blender ind og stikker ud p\u00e5 \u00e9n og samme tid!<\/p>\n<p>\u2022 Fastg\u00f8res enkelt ved hj\u00e6lp af velcrolukningen<br \/>\n\u2022 Justerbar omkreds 15-18 cm<br \/>\n\u2022 Produktbredde 8 cm<br \/>\n\u2022 Refleksbredde 5,6 cm<\/p>\n","protected":false},"excerpt":{"rendered":"<p>Dette lille refleks-tilbeh\u00f8r kan g\u00f8re en stor forskel i m\u00f8rket.<br \/>\n<b><u><a href=\"#beskrivning\">L\u00e6s mere<\/a><\/u><\/b><\/p>\n","protected":false},"featured_media":94,"comment_status":"open","ping_status":"closed","template":"","meta":{"_trash_the_other_posts":false,"editor_notices":[]},"product_brand":[],"product_cat":[60],"product_tag":[],"class_list":{"0":"post-25","1":"product","2":"type-product","3":"status-publish","4":"has-post-thumbnail","6":"product_cat-reflekterende-tilbehor","8":"first","9":"instock","10":"taxable","11":"shipping-taxable","12":"purchasable","13":"product-type-variable"},"yoast_head":"<!-- This site is optimized with the Yoast SEO plugin v25.9 - https:\/\/yoast.com\/wordpress\/plugins\/seo\/ -->\n<title>Smart refleks-tilbeh\u00f8r til v\u00e6rdifulde genstande - Smart in the dark Dansk<\/title>\n<meta name=\"description\" content=\"Liten reflex passar till handv\u00e4skan, resv\u00e4skan, ryggs\u00e4ck, barnvagn eller\u00a0cykel. Reflexkollektionen heter Nordic Silver Collection.\" \/>\n<meta name=\"robots\" content=\"index, follow, max-snippet:-1, max-image-preview:large, max-video-preview:-1\" \/>\n<link rel=\"canonical\" href=\"https:\/\/smartinthedark.com\/dk\/produkt\/smart-refleks-tilbehor-til-vaerdifulde-genstande\/\" \/>\n<meta property=\"og:locale\" content=\"da_DK\" \/>\n<meta property=\"og:type\" content=\"article\" \/>\n<meta property=\"og:title\" content=\"Smart refleks-tilbeh\u00f8r til v\u00e6rdifulde genstande - Smart in the dark Dansk\" \/>\n<meta property=\"og:description\" content=\"Liten reflex passar till handv\u00e4skan, resv\u00e4skan, ryggs\u00e4ck, barnvagn eller\u00a0cykel. Reflexkollektionen heter Nordic Silver Collection.\" \/>\n<meta property=\"og:url\" content=\"https:\/\/smartinthedark.com\/dk\/produkt\/smart-refleks-tilbehor-til-vaerdifulde-genstande\/\" \/>\n<meta property=\"og:site_name\" content=\"Smart in the dark Dansk\" \/>\n<meta property=\"article:publisher\" content=\"https:\/\/www.facebook.com\/smartinthedark\/\" \/>\n<meta property=\"article:modified_time\" content=\"2026-04-07T11:24:06+00:00\" \/>\n<meta property=\"og:image\" content=\"https:\/\/smartinthedark.com\/dk\/wp-content\/uploads\/sites\/7\/2019\/06\/liten-reflex-produktbild-1.jpg\" \/>\n\t<meta property=\"og:image:width\" content=\"500\" \/>\n\t<meta property=\"og:image:height\" content=\"500\" \/>\n\t<meta property=\"og:image:type\" content=\"image\/jpeg\" \/>\n<meta name=\"twitter:card\" content=\"summary_large_image\" \/>\n<meta name=\"twitter:label1\" content=\"Est. reading time\" \/>\n\t<meta name=\"twitter:data1\" content=\"1 minute\" \/>\n<script type=\"application\/ld+json\" class=\"yoast-schema-graph\">{\"@context\":\"https:\/\/schema.org\",\"@graph\":[{\"@type\":\"WebPage\",\"@id\":\"https:\/\/smartinthedark.com\/dk\/produkt\/smart-refleks-tilbehor-til-vaerdifulde-genstande\/\",\"url\":\"https:\/\/smartinthedark.com\/dk\/produkt\/smart-refleks-tilbehor-til-vaerdifulde-genstande\/\",\"name\":\"Smart refleks-tilbeh\u00f8r til v\u00e6rdifulde genstande - Smart in the dark Dansk\",\"isPartOf\":{\"@id\":\"https:\/\/smartinthedark.com\/dk\/#website\"},\"primaryImageOfPage\":{\"@id\":\"https:\/\/smartinthedark.com\/dk\/produkt\/smart-refleks-tilbehor-til-vaerdifulde-genstande\/#primaryimage\"},\"image\":{\"@id\":\"https:\/\/smartinthedark.com\/dk\/produkt\/smart-refleks-tilbehor-til-vaerdifulde-genstande\/#primaryimage\"},\"thumbnailUrl\":\"https:\/\/smartinthedark.com\/dk\/wp-content\/uploads\/sites\/7\/2019\/06\/liten-reflex-produktbild-1.jpg\",\"datePublished\":\"2019-06-12T12:23:12+00:00\",\"dateModified\":\"2026-04-07T11:24:06+00:00\",\"description\":\"Liten reflex passar till handv\u00e4skan, resv\u00e4skan, ryggs\u00e4ck, barnvagn eller\u00a0cykel. Reflexkollektionen heter Nordic Silver Collection.\",\"breadcrumb\":{\"@id\":\"https:\/\/smartinthedark.com\/dk\/produkt\/smart-refleks-tilbehor-til-vaerdifulde-genstande\/#breadcrumb\"},\"inLanguage\":\"da-DK\",\"potentialAction\":[{\"@type\":\"ReadAction\",\"target\":[\"https:\/\/smartinthedark.com\/dk\/produkt\/smart-refleks-tilbehor-til-vaerdifulde-genstande\/\"]}]},{\"@type\":\"ImageObject\",\"inLanguage\":\"da-DK\",\"@id\":\"https:\/\/smartinthedark.com\/dk\/produkt\/smart-refleks-tilbehor-til-vaerdifulde-genstande\/#primaryimage\",\"url\":\"https:\/\/smartinthedark.com\/dk\/wp-content\/uploads\/sites\/7\/2019\/06\/liten-reflex-produktbild-1.jpg\",\"contentUrl\":\"https:\/\/smartinthedark.com\/dk\/wp-content\/uploads\/sites\/7\/2019\/06\/liten-reflex-produktbild-1.jpg\",\"width\":500,\"height\":500},{\"@type\":\"BreadcrumbList\",\"@id\":\"https:\/\/smartinthedark.com\/dk\/produkt\/smart-refleks-tilbehor-til-vaerdifulde-genstande\/#breadcrumb\",\"itemListElement\":[{\"@type\":\"ListItem\",\"position\":1,\"name\":\"Hem\",\"item\":\"https:\/\/smartinthedark.com\/dk\/\"},{\"@type\":\"ListItem\",\"position\":2,\"name\":\"Webshop\",\"item\":\"https:\/\/smartinthedark.com\/dk\/webshop\/\"},{\"@type\":\"ListItem\",\"position\":3,\"name\":\"Smart refleks-tilbeh\u00f8r til v\u00e6rdifulde genstande\"}]},{\"@type\":\"WebSite\",\"@id\":\"https:\/\/smartinthedark.com\/dk\/#website\",\"url\":\"https:\/\/smartinthedark.com\/dk\/\",\"name\":\"Smart in the dark Dansk\",\"description\":\"\",\"potentialAction\":[{\"@type\":\"SearchAction\",\"target\":{\"@type\":\"EntryPoint\",\"urlTemplate\":\"https:\/\/smartinthedark.com\/dk\/?s={search_term_string}\"},\"query-input\":{\"@type\":\"PropertyValueSpecification\",\"valueRequired\":true,\"valueName\":\"search_term_string\"}}],\"inLanguage\":\"da-DK\"}]}<\/script>\n<!-- \/ Yoast SEO plugin. -->","yoast_head_json":{"title":"Smart refleks-tilbeh\u00f8r til v\u00e6rdifulde genstande - Smart in the dark Dansk","description":"Liten reflex passar till handv\u00e4skan, resv\u00e4skan, ryggs\u00e4ck, barnvagn eller\u00a0cykel. Reflexkollektionen heter Nordic Silver Collection.","robots":{"index":"index","follow":"follow","max-snippet":"max-snippet:-1","max-image-preview":"max-image-preview:large","max-video-preview":"max-video-preview:-1"},"canonical":"https:\/\/smartinthedark.com\/dk\/produkt\/smart-refleks-tilbehor-til-vaerdifulde-genstande\/","og_locale":"da_DK","og_type":"article","og_title":"Smart refleks-tilbeh\u00f8r til v\u00e6rdifulde genstande - Smart in the dark Dansk","og_description":"Liten reflex passar till handv\u00e4skan, resv\u00e4skan, ryggs\u00e4ck, barnvagn eller\u00a0cykel. Reflexkollektionen heter Nordic Silver Collection.","og_url":"https:\/\/smartinthedark.com\/dk\/produkt\/smart-refleks-tilbehor-til-vaerdifulde-genstande\/","og_site_name":"Smart in the dark Dansk","article_publisher":"https:\/\/www.facebook.com\/smartinthedark\/","article_modified_time":"2026-04-07T11:24:06+00:00","og_image":[{"width":500,"height":500,"url":"https:\/\/smartinthedark.com\/dk\/wp-content\/uploads\/sites\/7\/2019\/06\/liten-reflex-produktbild-1.jpg","type":"image\/jpeg"}],"twitter_card":"summary_large_image","twitter_misc":{"Est. reading time":"1 minute"},"schema":{"@context":"https:\/\/schema.org","@graph":[{"@type":"WebPage","@id":"https:\/\/smartinthedark.com\/dk\/produkt\/smart-refleks-tilbehor-til-vaerdifulde-genstande\/","url":"https:\/\/smartinthedark.com\/dk\/produkt\/smart-refleks-tilbehor-til-vaerdifulde-genstande\/","name":"Smart refleks-tilbeh\u00f8r til v\u00e6rdifulde genstande - Smart in the dark Dansk","isPartOf":{"@id":"https:\/\/smartinthedark.com\/dk\/#website"},"primaryImageOfPage":{"@id":"https:\/\/smartinthedark.com\/dk\/produkt\/smart-refleks-tilbehor-til-vaerdifulde-genstande\/#primaryimage"},"image":{"@id":"https:\/\/smartinthedark.com\/dk\/produkt\/smart-refleks-tilbehor-til-vaerdifulde-genstande\/#primaryimage"},"thumbnailUrl":"https:\/\/smartinthedark.com\/dk\/wp-content\/uploads\/sites\/7\/2019\/06\/liten-reflex-produktbild-1.jpg","datePublished":"2019-06-12T12:23:12+00:00","dateModified":"2026-04-07T11:24:06+00:00","description":"Liten reflex passar till handv\u00e4skan, resv\u00e4skan, ryggs\u00e4ck, barnvagn eller\u00a0cykel. Reflexkollektionen heter Nordic Silver Collection.","breadcrumb":{"@id":"https:\/\/smartinthedark.com\/dk\/produkt\/smart-refleks-tilbehor-til-vaerdifulde-genstande\/#breadcrumb"},"inLanguage":"da-DK","potentialAction":[{"@type":"ReadAction","target":["https:\/\/smartinthedark.com\/dk\/produkt\/smart-refleks-tilbehor-til-vaerdifulde-genstande\/"]}]},{"@type":"ImageObject","inLanguage":"da-DK","@id":"https:\/\/smartinthedark.com\/dk\/produkt\/smart-refleks-tilbehor-til-vaerdifulde-genstande\/#primaryimage","url":"https:\/\/smartinthedark.com\/dk\/wp-content\/uploads\/sites\/7\/2019\/06\/liten-reflex-produktbild-1.jpg","contentUrl":"https:\/\/smartinthedark.com\/dk\/wp-content\/uploads\/sites\/7\/2019\/06\/liten-reflex-produktbild-1.jpg","width":500,"height":500},{"@type":"BreadcrumbList","@id":"https:\/\/smartinthedark.com\/dk\/produkt\/smart-refleks-tilbehor-til-vaerdifulde-genstande\/#breadcrumb","itemListElement":[{"@type":"ListItem","position":1,"name":"Hem","item":"https:\/\/smartinthedark.com\/dk\/"},{"@type":"ListItem","position":2,"name":"Webshop","item":"https:\/\/smartinthedark.com\/dk\/webshop\/"},{"@type":"ListItem","position":3,"name":"Smart refleks-tilbeh\u00f8r til v\u00e6rdifulde genstande"}]},{"@type":"WebSite","@id":"https:\/\/smartinthedark.com\/dk\/#website","url":"https:\/\/smartinthedark.com\/dk\/","name":"Smart in the dark Dansk","description":"","potentialAction":[{"@type":"SearchAction","target":{"@type":"EntryPoint","urlTemplate":"https:\/\/smartinthedark.com\/dk\/?s={search_term_string}"},"query-input":{"@type":"PropertyValueSpecification","valueRequired":true,"valueName":"search_term_string"}}],"inLanguage":"da-DK"}]}},"_links":{"self":[{"href":"https:\/\/smartinthedark.com\/dk\/wp-json\/wp\/v2\/product\/25","targetHints":{"allow":["GET"]}}],"collection":[{"href":"https:\/\/smartinthedark.com\/dk\/wp-json\/wp\/v2\/product"}],"about":[{"href":"https:\/\/smartinthedark.com\/dk\/wp-json\/wp\/v2\/types\/product"}],"replies":[{"embeddable":true,"href":"https:\/\/smartinthedark.com\/dk\/wp-json\/wp\/v2\/comments?post=25"}],"wp:featuredmedia":[{"embeddable":true,"href":"https:\/\/smartinthedark.com\/dk\/wp-json\/wp\/v2\/media\/94"}],"wp:attachment":[{"href":"https:\/\/smartinthedark.com\/dk\/wp-json\/wp\/v2\/media?parent=25"}],"wp:term":[{"taxonomy":"product_brand","embeddable":true,"href":"https:\/\/smartinthedark.com\/dk\/wp-json\/wp\/v2\/product_brand?post=25"},{"taxonomy":"product_cat","embeddable":true,"href":"https:\/\/smartinthedark.com\/dk\/wp-json\/wp\/v2\/product_cat?post=25"},{"taxonomy":"product_tag","embeddable":true,"href":"https:\/\/smartinthedark.com\/dk\/wp-json\/wp\/v2\/product_tag?post=25"}],"curies":[{"name":"wp","href":"https:\/\/api.w.org\/{rel}","templated":true}]}}