{"id":24987,"date":"2019-12-03T12:03:59","date_gmt":"2019-12-03T11:03:59","guid":{"rendered":"https:\/\/smartinthedark.com\/dk\/?post_type=product&#038;p=24987"},"modified":"2026-03-10T11:24:06","modified_gmt":"2026-03-10T10:24:06","slug":"reflekspandeband","status":"publish","type":"product","link":"https:\/\/smartinthedark.com\/dk\/produkt\/reflekspandeband\/","title":{"rendered":"Reflekspandeb\u00e5nd"},"content":{"rendered":"<p>Et rundt reflekspandeb\u00e5nd g\u00f8r at du enkelt kan kl\u00e6de dig b\u00e5de varmt p\u00e5, samt v\u00e6re synlig n\u00e5r kulden kommer. Det reflekterende pandeb\u00e5nd er smart at have p\u00e5 hvis du g\u00e5r en tur, er ude at l\u00f8be eller hvis du er ude og bev\u00e6ge dig rundt i trafikken, landskabet, eller i boligomr\u00e5der. Pandeb\u00e5ndet er udstyret med reflekser, hvilket betyder at du reflekterer lys 360 grader, hvilket g\u00f8r at du er synlig fra alle retninger. Der findes tre designs fra Nordic Silver Collection \u2013 Hjortron, Norrsken eller Lingon. S\u00f8rg for at v\u00e6re synlig n\u00e5r skumringen og m\u00f8rket tr\u00e6kker sig p\u00e5. Vores reflekser g\u00f8r, at du er synlig i m\u00f8rket fra 125 meters afstand. De er lavet af 3M Scotchlite, som er et af de sikreste og bedste reflekterende materialer p\u00e5 markedet.<\/p>\n<p>\u2022 Findes i to st\u00f8rrelser: S-M (56-58 cm) og L-XL (58-60 cm)<br \/>\n\u2022 Dobbeltlag af bomuldsjersey<br \/>\n\u2022 Sk\u00f8n elastisk kvalitet<br \/>\n\u2022 Refleksbredde 3,5 cm<\/p>\n","protected":false},"excerpt":{"rendered":"<p>Et rundt reflekspandeb\u00e5nd g\u00f8r at du enkelt kan kl\u00e6de dig b\u00e5de varmt p\u00e5, samt v\u00e6re synlig n\u00e5r kulden kommer. <b><u><a href=\"#beskrivning\">L\u00e6s mere<\/a><\/u><\/b><\/p>\n","protected":false},"featured_media":24842,"comment_status":"open","ping_status":"closed","template":"","meta":{"_trash_the_other_posts":false,"editor_notices":[]},"product_brand":[],"product_cat":[93],"product_tag":[],"class_list":{"0":"post-24987","1":"product","2":"type-product","3":"status-publish","4":"has-post-thumbnail","6":"product_cat-reflekspandebaand","8":"first","9":"instock","10":"taxable","11":"shipping-taxable","12":"purchasable","13":"product-type-variable","14":"has-default-attributes"},"yoast_head":"<!-- This site is optimized with the Yoast SEO plugin v25.9 - https:\/\/yoast.com\/wordpress\/plugins\/seo\/ -->\n<title>Reflekspandeb\u00e5nd - Smart in the dark Dansk<\/title>\n<meta name=\"robots\" content=\"index, follow, max-snippet:-1, max-image-preview:large, max-video-preview:-1\" \/>\n<link rel=\"canonical\" href=\"https:\/\/smartinthedark.com\/dk\/produkt\/reflekspandeband\/\" \/>\n<meta property=\"og:locale\" content=\"da_DK\" \/>\n<meta property=\"og:type\" content=\"article\" \/>\n<meta property=\"og:title\" content=\"Reflekspandeb\u00e5nd - Smart in the dark Dansk\" \/>\n<meta property=\"og:description\" content=\"Et rundt reflekspandeb\u00e5nd g\u00f8r at du enkelt kan kl\u00e6de dig b\u00e5de varmt p\u00e5, samt v\u00e6re synlig n\u00e5r kulden kommer. L\u00e6s mere\" \/>\n<meta property=\"og:url\" content=\"https:\/\/smartinthedark.com\/dk\/produkt\/reflekspandeband\/\" \/>\n<meta property=\"og:site_name\" content=\"Smart in the dark Dansk\" \/>\n<meta property=\"article:publisher\" content=\"https:\/\/www.facebook.com\/smartinthedark\/\" \/>\n<meta property=\"article:modified_time\" content=\"2026-03-10T10:24:06+00:00\" \/>\n<meta property=\"og:image\" content=\"https:\/\/smartinthedark.com\/dk\/wp-content\/uploads\/sites\/7\/2019\/12\/Snyggt-Reflexpannband-Smart-in-the-dark.png\" \/>\n\t<meta property=\"og:image:width\" content=\"1141\" \/>\n\t<meta property=\"og:image:height\" content=\"1240\" \/>\n\t<meta property=\"og:image:type\" content=\"image\/png\" \/>\n<meta name=\"twitter:card\" content=\"summary_large_image\" \/>\n<meta name=\"twitter:label1\" content=\"Est. reading time\" \/>\n\t<meta name=\"twitter:data1\" content=\"2 minutes\" \/>\n<script type=\"application\/ld+json\" class=\"yoast-schema-graph\">{\"@context\":\"https:\/\/schema.org\",\"@graph\":[{\"@type\":\"WebPage\",\"@id\":\"https:\/\/smartinthedark.com\/dk\/produkt\/reflekspandeband\/\",\"url\":\"https:\/\/smartinthedark.com\/dk\/produkt\/reflekspandeband\/\",\"name\":\"Reflekspandeb\u00e5nd - Smart in the dark Dansk\",\"isPartOf\":{\"@id\":\"https:\/\/smartinthedark.com\/dk\/#website\"},\"primaryImageOfPage\":{\"@id\":\"https:\/\/smartinthedark.com\/dk\/produkt\/reflekspandeband\/#primaryimage\"},\"image\":{\"@id\":\"https:\/\/smartinthedark.com\/dk\/produkt\/reflekspandeband\/#primaryimage\"},\"thumbnailUrl\":\"https:\/\/smartinthedark.com\/dk\/wp-content\/uploads\/sites\/7\/2019\/12\/Snyggt-Reflexpannband-Smart-in-the-dark.png\",\"datePublished\":\"2019-12-03T11:03:59+00:00\",\"dateModified\":\"2026-03-10T10:24:06+00:00\",\"breadcrumb\":{\"@id\":\"https:\/\/smartinthedark.com\/dk\/produkt\/reflekspandeband\/#breadcrumb\"},\"inLanguage\":\"da-DK\",\"potentialAction\":[{\"@type\":\"ReadAction\",\"target\":[\"https:\/\/smartinthedark.com\/dk\/produkt\/reflekspandeband\/\"]}]},{\"@type\":\"ImageObject\",\"inLanguage\":\"da-DK\",\"@id\":\"https:\/\/smartinthedark.com\/dk\/produkt\/reflekspandeband\/#primaryimage\",\"url\":\"https:\/\/smartinthedark.com\/dk\/wp-content\/uploads\/sites\/7\/2019\/12\/Snyggt-Reflexpannband-Smart-in-the-dark.png\",\"contentUrl\":\"https:\/\/smartinthedark.com\/dk\/wp-content\/uploads\/sites\/7\/2019\/12\/Snyggt-Reflexpannband-Smart-in-the-dark.png\",\"width\":1141,\"height\":1240},{\"@type\":\"BreadcrumbList\",\"@id\":\"https:\/\/smartinthedark.com\/dk\/produkt\/reflekspandeband\/#breadcrumb\",\"itemListElement\":[{\"@type\":\"ListItem\",\"position\":1,\"name\":\"Hem\",\"item\":\"https:\/\/smartinthedark.com\/dk\/\"},{\"@type\":\"ListItem\",\"position\":2,\"name\":\"Webshop\",\"item\":\"https:\/\/smartinthedark.com\/dk\/webshop\/\"},{\"@type\":\"ListItem\",\"position\":3,\"name\":\"Reflekspandeb\u00e5nd\"}]},{\"@type\":\"WebSite\",\"@id\":\"https:\/\/smartinthedark.com\/dk\/#website\",\"url\":\"https:\/\/smartinthedark.com\/dk\/\",\"name\":\"Smart in the dark Dansk\",\"description\":\"\",\"potentialAction\":[{\"@type\":\"SearchAction\",\"target\":{\"@type\":\"EntryPoint\",\"urlTemplate\":\"https:\/\/smartinthedark.com\/dk\/?s={search_term_string}\"},\"query-input\":{\"@type\":\"PropertyValueSpecification\",\"valueRequired\":true,\"valueName\":\"search_term_string\"}}],\"inLanguage\":\"da-DK\"}]}<\/script>\n<!-- \/ Yoast SEO plugin. -->","yoast_head_json":{"title":"Reflekspandeb\u00e5nd - Smart in the dark Dansk","robots":{"index":"index","follow":"follow","max-snippet":"max-snippet:-1","max-image-preview":"max-image-preview:large","max-video-preview":"max-video-preview:-1"},"canonical":"https:\/\/smartinthedark.com\/dk\/produkt\/reflekspandeband\/","og_locale":"da_DK","og_type":"article","og_title":"Reflekspandeb\u00e5nd - Smart in the dark Dansk","og_description":"Et rundt reflekspandeb\u00e5nd g\u00f8r at du enkelt kan kl\u00e6de dig b\u00e5de varmt p\u00e5, samt v\u00e6re synlig n\u00e5r kulden kommer. L\u00e6s mere","og_url":"https:\/\/smartinthedark.com\/dk\/produkt\/reflekspandeband\/","og_site_name":"Smart in the dark Dansk","article_publisher":"https:\/\/www.facebook.com\/smartinthedark\/","article_modified_time":"2026-03-10T10:24:06+00:00","og_image":[{"width":1141,"height":1240,"url":"https:\/\/smartinthedark.com\/dk\/wp-content\/uploads\/sites\/7\/2019\/12\/Snyggt-Reflexpannband-Smart-in-the-dark.png","type":"image\/png"}],"twitter_card":"summary_large_image","twitter_misc":{"Est. reading time":"2 minutes"},"schema":{"@context":"https:\/\/schema.org","@graph":[{"@type":"WebPage","@id":"https:\/\/smartinthedark.com\/dk\/produkt\/reflekspandeband\/","url":"https:\/\/smartinthedark.com\/dk\/produkt\/reflekspandeband\/","name":"Reflekspandeb\u00e5nd - Smart in the dark Dansk","isPartOf":{"@id":"https:\/\/smartinthedark.com\/dk\/#website"},"primaryImageOfPage":{"@id":"https:\/\/smartinthedark.com\/dk\/produkt\/reflekspandeband\/#primaryimage"},"image":{"@id":"https:\/\/smartinthedark.com\/dk\/produkt\/reflekspandeband\/#primaryimage"},"thumbnailUrl":"https:\/\/smartinthedark.com\/dk\/wp-content\/uploads\/sites\/7\/2019\/12\/Snyggt-Reflexpannband-Smart-in-the-dark.png","datePublished":"2019-12-03T11:03:59+00:00","dateModified":"2026-03-10T10:24:06+00:00","breadcrumb":{"@id":"https:\/\/smartinthedark.com\/dk\/produkt\/reflekspandeband\/#breadcrumb"},"inLanguage":"da-DK","potentialAction":[{"@type":"ReadAction","target":["https:\/\/smartinthedark.com\/dk\/produkt\/reflekspandeband\/"]}]},{"@type":"ImageObject","inLanguage":"da-DK","@id":"https:\/\/smartinthedark.com\/dk\/produkt\/reflekspandeband\/#primaryimage","url":"https:\/\/smartinthedark.com\/dk\/wp-content\/uploads\/sites\/7\/2019\/12\/Snyggt-Reflexpannband-Smart-in-the-dark.png","contentUrl":"https:\/\/smartinthedark.com\/dk\/wp-content\/uploads\/sites\/7\/2019\/12\/Snyggt-Reflexpannband-Smart-in-the-dark.png","width":1141,"height":1240},{"@type":"BreadcrumbList","@id":"https:\/\/smartinthedark.com\/dk\/produkt\/reflekspandeband\/#breadcrumb","itemListElement":[{"@type":"ListItem","position":1,"name":"Hem","item":"https:\/\/smartinthedark.com\/dk\/"},{"@type":"ListItem","position":2,"name":"Webshop","item":"https:\/\/smartinthedark.com\/dk\/webshop\/"},{"@type":"ListItem","position":3,"name":"Reflekspandeb\u00e5nd"}]},{"@type":"WebSite","@id":"https:\/\/smartinthedark.com\/dk\/#website","url":"https:\/\/smartinthedark.com\/dk\/","name":"Smart in the dark Dansk","description":"","potentialAction":[{"@type":"SearchAction","target":{"@type":"EntryPoint","urlTemplate":"https:\/\/smartinthedark.com\/dk\/?s={search_term_string}"},"query-input":{"@type":"PropertyValueSpecification","valueRequired":true,"valueName":"search_term_string"}}],"inLanguage":"da-DK"}]}},"_links":{"self":[{"href":"https:\/\/smartinthedark.com\/dk\/wp-json\/wp\/v2\/product\/24987","targetHints":{"allow":["GET"]}}],"collection":[{"href":"https:\/\/smartinthedark.com\/dk\/wp-json\/wp\/v2\/product"}],"about":[{"href":"https:\/\/smartinthedark.com\/dk\/wp-json\/wp\/v2\/types\/product"}],"replies":[{"embeddable":true,"href":"https:\/\/smartinthedark.com\/dk\/wp-json\/wp\/v2\/comments?post=24987"}],"wp:featuredmedia":[{"embeddable":true,"href":"https:\/\/smartinthedark.com\/dk\/wp-json\/wp\/v2\/media\/24842"}],"wp:attachment":[{"href":"https:\/\/smartinthedark.com\/dk\/wp-json\/wp\/v2\/media?parent=24987"}],"wp:term":[{"taxonomy":"product_brand","embeddable":true,"href":"https:\/\/smartinthedark.com\/dk\/wp-json\/wp\/v2\/product_brand?post=24987"},{"taxonomy":"product_cat","embeddable":true,"href":"https:\/\/smartinthedark.com\/dk\/wp-json\/wp\/v2\/product_cat?post=24987"},{"taxonomy":"product_tag","embeddable":true,"href":"https:\/\/smartinthedark.com\/dk\/wp-json\/wp\/v2\/product_tag?post=24987"}],"curies":[{"name":"wp","href":"https:\/\/api.w.org\/{rel}","templated":true}]}}