{"id":24,"date":"2019-06-12T14:23:12","date_gmt":"2019-06-12T12:23:12","guid":{"rendered":"https:\/\/smartinthedark.com\/produkt\/import-placeholder-for-22300\/"},"modified":"2026-04-07T13:23:59","modified_gmt":"2026-04-07T11:23:59","slug":"rynket-armrefleks-til-alle-lejligheder","status":"publish","type":"product","link":"https:\/\/smartinthedark.com\/dk\/produkt\/rynket-armrefleks-til-alle-lejligheder\/","title":{"rendered":"Rynket armrefleks til alle lejligheder"},"content":{"rendered":"<p>Det er detaljerne, der g\u00f8r forskellen. Denne smarte armrefleks bliver et lysende smykke til din jakke. Den rynkede stretch-detalje, g\u00f8r at refleksen sidder perfekt p\u00e5 h\u00e5ndleddet og er et flot tilbeh\u00f8r til dit t\u00f8j. Refleksarmb\u00e5ndet reflekterer 360 grader og er tilg\u00e6ngeligt i flere forskellige refleksm\u00f8nstre, inspireret af Norden \u2013 Multeb\u00e6r, Flet, Bjergtop, Nordlys og Tytteb\u00e6r. En fin gave til dig selv eller en du har k\u00e6r.<\/p>\n<p>Vores reflekser sikrer, at du er synlig i m\u00f8rket p\u00e5 mere end 125 meters afstand. De er fremstillet i 3M Scotchlite, som er et af de sikreste og bedste refleksmaterialer p\u00e5 markedet.<\/p>\n<p>\u2022 Omkreds 22-38 cm<br \/>\n\u2022 Produktbredde 8 cm<br \/>\n\u2022 Refleksbredde 4,2 cm<\/p>\n","protected":false},"excerpt":{"rendered":"<p>Refleksen s\u00e6lges pr. Stk<\/p>\n<p>Det er detaljerne, der g\u00f8r forskellen. Denne smarte armrefleks bliver et lysende smykke til din jakke. <b><u><a href=\"#beskrivning\">L\u00e6s mere<\/a><\/u><\/b><\/p>\n","protected":false},"featured_media":88,"comment_status":"open","ping_status":"closed","template":"","meta":{"_trash_the_other_posts":false,"editor_notices":[]},"product_brand":[],"product_cat":[60],"product_tag":[],"class_list":{"0":"post-24","1":"product","2":"type-product","3":"status-publish","4":"has-post-thumbnail","6":"product_cat-reflekterende-tilbehor","8":"first","9":"instock","10":"taxable","11":"shipping-taxable","12":"purchasable","13":"product-type-variable"},"yoast_head":"<!-- This site is optimized with the Yoast SEO plugin v25.9 - https:\/\/yoast.com\/wordpress\/plugins\/seo\/ -->\n<title>Rynket armrefleks til alle lejligheder - Smart in the dark Dansk<\/title>\n<meta name=\"description\" content=\"Smart in the dark reflex till arm, rynkad. Passar b\u00e5de till kavajen, skinn- eller t\u00e4ckjackan. En modeaccessoar f\u00f6r dig som vill vistas s\u00e4kert i trafiken.\" \/>\n<meta name=\"robots\" content=\"index, follow, max-snippet:-1, max-image-preview:large, max-video-preview:-1\" \/>\n<link rel=\"canonical\" href=\"https:\/\/smartinthedark.com\/dk\/produkt\/rynket-armrefleks-til-alle-lejligheder\/\" \/>\n<meta property=\"og:locale\" content=\"da_DK\" \/>\n<meta property=\"og:type\" content=\"article\" \/>\n<meta property=\"og:title\" content=\"Rynket armrefleks til alle lejligheder - Smart in the dark Dansk\" \/>\n<meta property=\"og:description\" content=\"Smart in the dark reflex till arm, rynkad. Passar b\u00e5de till kavajen, skinn- eller t\u00e4ckjackan. En modeaccessoar f\u00f6r dig som vill vistas s\u00e4kert i trafiken.\" \/>\n<meta property=\"og:url\" content=\"https:\/\/smartinthedark.com\/dk\/produkt\/rynket-armrefleks-til-alle-lejligheder\/\" \/>\n<meta property=\"og:site_name\" content=\"Smart in the dark Dansk\" \/>\n<meta property=\"article:publisher\" content=\"https:\/\/www.facebook.com\/smartinthedark\/\" \/>\n<meta property=\"article:modified_time\" content=\"2026-04-07T11:23:59+00:00\" \/>\n<meta property=\"og:image\" content=\"https:\/\/smartinthedark.com\/dk\/wp-content\/uploads\/sites\/7\/2019\/06\/armreflex-produktbild-2.jpg\" \/>\n\t<meta property=\"og:image:width\" content=\"500\" \/>\n\t<meta property=\"og:image:height\" content=\"500\" \/>\n\t<meta property=\"og:image:type\" content=\"image\/jpeg\" \/>\n<meta name=\"twitter:card\" content=\"summary_large_image\" \/>\n<meta name=\"twitter:label1\" content=\"Est. reading time\" \/>\n\t<meta name=\"twitter:data1\" content=\"1 minute\" \/>\n<script type=\"application\/ld+json\" class=\"yoast-schema-graph\">{\"@context\":\"https:\/\/schema.org\",\"@graph\":[{\"@type\":\"WebPage\",\"@id\":\"https:\/\/smartinthedark.com\/dk\/produkt\/rynket-armrefleks-til-alle-lejligheder\/\",\"url\":\"https:\/\/smartinthedark.com\/dk\/produkt\/rynket-armrefleks-til-alle-lejligheder\/\",\"name\":\"Rynket armrefleks til alle lejligheder - Smart in the dark Dansk\",\"isPartOf\":{\"@id\":\"https:\/\/smartinthedark.com\/dk\/#website\"},\"primaryImageOfPage\":{\"@id\":\"https:\/\/smartinthedark.com\/dk\/produkt\/rynket-armrefleks-til-alle-lejligheder\/#primaryimage\"},\"image\":{\"@id\":\"https:\/\/smartinthedark.com\/dk\/produkt\/rynket-armrefleks-til-alle-lejligheder\/#primaryimage\"},\"thumbnailUrl\":\"https:\/\/smartinthedark.com\/dk\/wp-content\/uploads\/sites\/7\/2019\/06\/armreflex-produktbild-2.jpg\",\"datePublished\":\"2019-06-12T12:23:12+00:00\",\"dateModified\":\"2026-04-07T11:23:59+00:00\",\"description\":\"Smart in the dark reflex till arm, rynkad. Passar b\u00e5de till kavajen, skinn- eller t\u00e4ckjackan. En modeaccessoar f\u00f6r dig som vill vistas s\u00e4kert i trafiken.\",\"breadcrumb\":{\"@id\":\"https:\/\/smartinthedark.com\/dk\/produkt\/rynket-armrefleks-til-alle-lejligheder\/#breadcrumb\"},\"inLanguage\":\"da-DK\",\"potentialAction\":[{\"@type\":\"ReadAction\",\"target\":[\"https:\/\/smartinthedark.com\/dk\/produkt\/rynket-armrefleks-til-alle-lejligheder\/\"]}]},{\"@type\":\"ImageObject\",\"inLanguage\":\"da-DK\",\"@id\":\"https:\/\/smartinthedark.com\/dk\/produkt\/rynket-armrefleks-til-alle-lejligheder\/#primaryimage\",\"url\":\"https:\/\/smartinthedark.com\/dk\/wp-content\/uploads\/sites\/7\/2019\/06\/armreflex-produktbild-2.jpg\",\"contentUrl\":\"https:\/\/smartinthedark.com\/dk\/wp-content\/uploads\/sites\/7\/2019\/06\/armreflex-produktbild-2.jpg\",\"width\":500,\"height\":500},{\"@type\":\"BreadcrumbList\",\"@id\":\"https:\/\/smartinthedark.com\/dk\/produkt\/rynket-armrefleks-til-alle-lejligheder\/#breadcrumb\",\"itemListElement\":[{\"@type\":\"ListItem\",\"position\":1,\"name\":\"Hem\",\"item\":\"https:\/\/smartinthedark.com\/dk\/\"},{\"@type\":\"ListItem\",\"position\":2,\"name\":\"Webshop\",\"item\":\"https:\/\/smartinthedark.com\/dk\/webshop\/\"},{\"@type\":\"ListItem\",\"position\":3,\"name\":\"Rynket armrefleks til alle lejligheder\"}]},{\"@type\":\"WebSite\",\"@id\":\"https:\/\/smartinthedark.com\/dk\/#website\",\"url\":\"https:\/\/smartinthedark.com\/dk\/\",\"name\":\"Smart in the dark Dansk\",\"description\":\"\",\"potentialAction\":[{\"@type\":\"SearchAction\",\"target\":{\"@type\":\"EntryPoint\",\"urlTemplate\":\"https:\/\/smartinthedark.com\/dk\/?s={search_term_string}\"},\"query-input\":{\"@type\":\"PropertyValueSpecification\",\"valueRequired\":true,\"valueName\":\"search_term_string\"}}],\"inLanguage\":\"da-DK\"}]}<\/script>\n<!-- \/ Yoast SEO plugin. -->","yoast_head_json":{"title":"Rynket armrefleks til alle lejligheder - Smart in the dark Dansk","description":"Smart in the dark reflex till arm, rynkad. Passar b\u00e5de till kavajen, skinn- eller t\u00e4ckjackan. En modeaccessoar f\u00f6r dig som vill vistas s\u00e4kert i trafiken.","robots":{"index":"index","follow":"follow","max-snippet":"max-snippet:-1","max-image-preview":"max-image-preview:large","max-video-preview":"max-video-preview:-1"},"canonical":"https:\/\/smartinthedark.com\/dk\/produkt\/rynket-armrefleks-til-alle-lejligheder\/","og_locale":"da_DK","og_type":"article","og_title":"Rynket armrefleks til alle lejligheder - Smart in the dark Dansk","og_description":"Smart in the dark reflex till arm, rynkad. Passar b\u00e5de till kavajen, skinn- eller t\u00e4ckjackan. En modeaccessoar f\u00f6r dig som vill vistas s\u00e4kert i trafiken.","og_url":"https:\/\/smartinthedark.com\/dk\/produkt\/rynket-armrefleks-til-alle-lejligheder\/","og_site_name":"Smart in the dark Dansk","article_publisher":"https:\/\/www.facebook.com\/smartinthedark\/","article_modified_time":"2026-04-07T11:23:59+00:00","og_image":[{"width":500,"height":500,"url":"https:\/\/smartinthedark.com\/dk\/wp-content\/uploads\/sites\/7\/2019\/06\/armreflex-produktbild-2.jpg","type":"image\/jpeg"}],"twitter_card":"summary_large_image","twitter_misc":{"Est. reading time":"1 minute"},"schema":{"@context":"https:\/\/schema.org","@graph":[{"@type":"WebPage","@id":"https:\/\/smartinthedark.com\/dk\/produkt\/rynket-armrefleks-til-alle-lejligheder\/","url":"https:\/\/smartinthedark.com\/dk\/produkt\/rynket-armrefleks-til-alle-lejligheder\/","name":"Rynket armrefleks til alle lejligheder - Smart in the dark Dansk","isPartOf":{"@id":"https:\/\/smartinthedark.com\/dk\/#website"},"primaryImageOfPage":{"@id":"https:\/\/smartinthedark.com\/dk\/produkt\/rynket-armrefleks-til-alle-lejligheder\/#primaryimage"},"image":{"@id":"https:\/\/smartinthedark.com\/dk\/produkt\/rynket-armrefleks-til-alle-lejligheder\/#primaryimage"},"thumbnailUrl":"https:\/\/smartinthedark.com\/dk\/wp-content\/uploads\/sites\/7\/2019\/06\/armreflex-produktbild-2.jpg","datePublished":"2019-06-12T12:23:12+00:00","dateModified":"2026-04-07T11:23:59+00:00","description":"Smart in the dark reflex till arm, rynkad. Passar b\u00e5de till kavajen, skinn- eller t\u00e4ckjackan. En modeaccessoar f\u00f6r dig som vill vistas s\u00e4kert i trafiken.","breadcrumb":{"@id":"https:\/\/smartinthedark.com\/dk\/produkt\/rynket-armrefleks-til-alle-lejligheder\/#breadcrumb"},"inLanguage":"da-DK","potentialAction":[{"@type":"ReadAction","target":["https:\/\/smartinthedark.com\/dk\/produkt\/rynket-armrefleks-til-alle-lejligheder\/"]}]},{"@type":"ImageObject","inLanguage":"da-DK","@id":"https:\/\/smartinthedark.com\/dk\/produkt\/rynket-armrefleks-til-alle-lejligheder\/#primaryimage","url":"https:\/\/smartinthedark.com\/dk\/wp-content\/uploads\/sites\/7\/2019\/06\/armreflex-produktbild-2.jpg","contentUrl":"https:\/\/smartinthedark.com\/dk\/wp-content\/uploads\/sites\/7\/2019\/06\/armreflex-produktbild-2.jpg","width":500,"height":500},{"@type":"BreadcrumbList","@id":"https:\/\/smartinthedark.com\/dk\/produkt\/rynket-armrefleks-til-alle-lejligheder\/#breadcrumb","itemListElement":[{"@type":"ListItem","position":1,"name":"Hem","item":"https:\/\/smartinthedark.com\/dk\/"},{"@type":"ListItem","position":2,"name":"Webshop","item":"https:\/\/smartinthedark.com\/dk\/webshop\/"},{"@type":"ListItem","position":3,"name":"Rynket armrefleks til alle lejligheder"}]},{"@type":"WebSite","@id":"https:\/\/smartinthedark.com\/dk\/#website","url":"https:\/\/smartinthedark.com\/dk\/","name":"Smart in the dark Dansk","description":"","potentialAction":[{"@type":"SearchAction","target":{"@type":"EntryPoint","urlTemplate":"https:\/\/smartinthedark.com\/dk\/?s={search_term_string}"},"query-input":{"@type":"PropertyValueSpecification","valueRequired":true,"valueName":"search_term_string"}}],"inLanguage":"da-DK"}]}},"_links":{"self":[{"href":"https:\/\/smartinthedark.com\/dk\/wp-json\/wp\/v2\/product\/24","targetHints":{"allow":["GET"]}}],"collection":[{"href":"https:\/\/smartinthedark.com\/dk\/wp-json\/wp\/v2\/product"}],"about":[{"href":"https:\/\/smartinthedark.com\/dk\/wp-json\/wp\/v2\/types\/product"}],"replies":[{"embeddable":true,"href":"https:\/\/smartinthedark.com\/dk\/wp-json\/wp\/v2\/comments?post=24"}],"wp:featuredmedia":[{"embeddable":true,"href":"https:\/\/smartinthedark.com\/dk\/wp-json\/wp\/v2\/media\/88"}],"wp:attachment":[{"href":"https:\/\/smartinthedark.com\/dk\/wp-json\/wp\/v2\/media?parent=24"}],"wp:term":[{"taxonomy":"product_brand","embeddable":true,"href":"https:\/\/smartinthedark.com\/dk\/wp-json\/wp\/v2\/product_brand?post=24"},{"taxonomy":"product_cat","embeddable":true,"href":"https:\/\/smartinthedark.com\/dk\/wp-json\/wp\/v2\/product_cat?post=24"},{"taxonomy":"product_tag","embeddable":true,"href":"https:\/\/smartinthedark.com\/dk\/wp-json\/wp\/v2\/product_tag?post=24"}],"curies":[{"name":"wp","href":"https:\/\/api.w.org\/{rel}","templated":true}]}}