{"id":23,"date":"2019-06-12T14:23:12","date_gmt":"2019-06-12T12:23:12","guid":{"rendered":"https:\/\/smartinthedark.com\/produkt\/import-placeholder-for-22299\/"},"modified":"2026-04-07T13:23:20","modified_gmt":"2026-04-07T11:23:20","slug":"foret-reflekshue-i-skon-fleece","status":"publish","type":"product","link":"https:\/\/smartinthedark.com\/dk\/produkt\/foret-reflekshue-i-skon-fleece\/","title":{"rendered":"Foret reflekshue I sk\u00f8n fleece"},"content":{"rendered":"<p>Denne forede reflekshue, er den perfekte vinterhue. Takket v\u00e6re den bl\u00f8de fleeceforing, holder den dig dejlig varm. Refleksm\u00f8nsteret g\u00f8r dig desuden synlig p\u00e5 mere end 125 meters afstand i vinterm\u00f8rket. Reflekshuen er tilg\u00e6ngelig i flere farver samt med tre fine m\u00f8nstre fra kollektionen Nordic Silver Collection \u2013 Nordlys, Multeb\u00e6r og Tytteb\u00e6r.<br \/>\nRefleksm\u00f8nsteret reflekterer 360 grader. Denne reflekshue bliver med sikkerhed en trofast f\u00f8lgesvend i vinterperioden!<\/p>\n<p>\u2022 Tilg\u00e6ngelig i to st\u00f8rrelser: S-M (56-58 cm) og L-XL (58-60 cm)<br \/>\n\u2022 Str\u00e6bart bomuldsjersey<br \/>\n\u2022 Fleeceforing<br \/>\n\u2022 Refleksbredde 3 cm<\/p>\n","protected":false},"excerpt":{"rendered":"<p>Denne forede reflekshue, er den perfekte vinterhue. Takket v\u00e6re den bl\u00f8de fleeceforing, holder den dig dejlig varm. <b><u><a href=\"#beskrivning\">L\u00e6s mere<\/a><\/u><\/b><\/p>\n","protected":false},"featured_media":85,"comment_status":"open","ping_status":"closed","template":"","meta":{"_trash_the_other_posts":false,"editor_notices":[]},"product_brand":[],"product_cat":[59],"product_tag":[],"class_list":{"0":"post-23","1":"product","2":"type-product","3":"status-publish","4":"has-post-thumbnail","6":"product_cat-reflekterende-beanie-og-pandeband","8":"first","9":"instock","10":"taxable","11":"shipping-taxable","12":"purchasable","13":"product-type-variable","14":"has-default-attributes"},"yoast_head":"<!-- This site is optimized with the Yoast SEO plugin v25.9 - https:\/\/yoast.com\/wordpress\/plugins\/seo\/ -->\n<title>Foret reflekshue I sk\u00f8n fleece - Smart in the dark Dansk<\/title>\n<meta name=\"description\" content=\"Vinterm\u00f6ssa i bomullsjersey med foder i fleece. Finns med reflex i m\u00f6nster av Hjortron och Norrsken. M\u00f6ssan reflekterar 360 grader.\" \/>\n<meta name=\"robots\" content=\"index, follow, max-snippet:-1, max-image-preview:large, max-video-preview:-1\" \/>\n<link rel=\"canonical\" href=\"https:\/\/smartinthedark.com\/dk\/produkt\/foret-reflekshue-i-skon-fleece\/\" \/>\n<meta property=\"og:locale\" content=\"da_DK\" \/>\n<meta property=\"og:type\" content=\"article\" \/>\n<meta property=\"og:title\" content=\"Foret reflekshue I sk\u00f8n fleece - Smart in the dark Dansk\" \/>\n<meta property=\"og:description\" content=\"Vinterm\u00f6ssa i bomullsjersey med foder i fleece. Finns med reflex i m\u00f6nster av Hjortron och Norrsken. M\u00f6ssan reflekterar 360 grader.\" \/>\n<meta property=\"og:url\" content=\"https:\/\/smartinthedark.com\/dk\/produkt\/foret-reflekshue-i-skon-fleece\/\" \/>\n<meta property=\"og:site_name\" content=\"Smart in the dark Dansk\" \/>\n<meta property=\"article:publisher\" content=\"https:\/\/www.facebook.com\/smartinthedark\/\" \/>\n<meta property=\"article:modified_time\" content=\"2026-04-07T11:23:20+00:00\" \/>\n<meta property=\"og:image\" content=\"https:\/\/smartinthedark.com\/dk\/wp-content\/uploads\/sites\/7\/2019\/06\/Mossa-och-Vaska-600x600-500x500.jpg\" \/>\n\t<meta property=\"og:image:width\" content=\"500\" \/>\n\t<meta property=\"og:image:height\" content=\"500\" \/>\n\t<meta property=\"og:image:type\" content=\"image\/jpeg\" \/>\n<meta name=\"twitter:card\" content=\"summary_large_image\" \/>\n<script type=\"application\/ld+json\" class=\"yoast-schema-graph\">{\"@context\":\"https:\/\/schema.org\",\"@graph\":[{\"@type\":\"WebPage\",\"@id\":\"https:\/\/smartinthedark.com\/dk\/produkt\/foret-reflekshue-i-skon-fleece\/\",\"url\":\"https:\/\/smartinthedark.com\/dk\/produkt\/foret-reflekshue-i-skon-fleece\/\",\"name\":\"Foret reflekshue I sk\u00f8n fleece - Smart in the dark Dansk\",\"isPartOf\":{\"@id\":\"https:\/\/smartinthedark.com\/dk\/#website\"},\"primaryImageOfPage\":{\"@id\":\"https:\/\/smartinthedark.com\/dk\/produkt\/foret-reflekshue-i-skon-fleece\/#primaryimage\"},\"image\":{\"@id\":\"https:\/\/smartinthedark.com\/dk\/produkt\/foret-reflekshue-i-skon-fleece\/#primaryimage\"},\"thumbnailUrl\":\"https:\/\/smartinthedark.com\/dk\/wp-content\/uploads\/sites\/7\/2019\/06\/Mossa-och-Vaska-600x600-500x500.jpg\",\"datePublished\":\"2019-06-12T12:23:12+00:00\",\"dateModified\":\"2026-04-07T11:23:20+00:00\",\"description\":\"Vinterm\u00f6ssa i bomullsjersey med foder i fleece. Finns med reflex i m\u00f6nster av Hjortron och Norrsken. M\u00f6ssan reflekterar 360 grader.\",\"breadcrumb\":{\"@id\":\"https:\/\/smartinthedark.com\/dk\/produkt\/foret-reflekshue-i-skon-fleece\/#breadcrumb\"},\"inLanguage\":\"da-DK\",\"potentialAction\":[{\"@type\":\"ReadAction\",\"target\":[\"https:\/\/smartinthedark.com\/dk\/produkt\/foret-reflekshue-i-skon-fleece\/\"]}]},{\"@type\":\"ImageObject\",\"inLanguage\":\"da-DK\",\"@id\":\"https:\/\/smartinthedark.com\/dk\/produkt\/foret-reflekshue-i-skon-fleece\/#primaryimage\",\"url\":\"https:\/\/smartinthedark.com\/dk\/wp-content\/uploads\/sites\/7\/2019\/06\/Mossa-och-Vaska-600x600-500x500.jpg\",\"contentUrl\":\"https:\/\/smartinthedark.com\/dk\/wp-content\/uploads\/sites\/7\/2019\/06\/Mossa-och-Vaska-600x600-500x500.jpg\",\"width\":500,\"height\":500},{\"@type\":\"BreadcrumbList\",\"@id\":\"https:\/\/smartinthedark.com\/dk\/produkt\/foret-reflekshue-i-skon-fleece\/#breadcrumb\",\"itemListElement\":[{\"@type\":\"ListItem\",\"position\":1,\"name\":\"Hem\",\"item\":\"https:\/\/smartinthedark.com\/dk\/\"},{\"@type\":\"ListItem\",\"position\":2,\"name\":\"Webshop\",\"item\":\"https:\/\/smartinthedark.com\/dk\/webshop\/\"},{\"@type\":\"ListItem\",\"position\":3,\"name\":\"Foret reflekshue I sk\u00f8n fleece\"}]},{\"@type\":\"WebSite\",\"@id\":\"https:\/\/smartinthedark.com\/dk\/#website\",\"url\":\"https:\/\/smartinthedark.com\/dk\/\",\"name\":\"Smart in the dark Dansk\",\"description\":\"\",\"potentialAction\":[{\"@type\":\"SearchAction\",\"target\":{\"@type\":\"EntryPoint\",\"urlTemplate\":\"https:\/\/smartinthedark.com\/dk\/?s={search_term_string}\"},\"query-input\":{\"@type\":\"PropertyValueSpecification\",\"valueRequired\":true,\"valueName\":\"search_term_string\"}}],\"inLanguage\":\"da-DK\"}]}<\/script>\n<!-- \/ Yoast SEO plugin. -->","yoast_head_json":{"title":"Foret reflekshue I sk\u00f8n fleece - Smart in the dark Dansk","description":"Vinterm\u00f6ssa i bomullsjersey med foder i fleece. Finns med reflex i m\u00f6nster av Hjortron och Norrsken. M\u00f6ssan reflekterar 360 grader.","robots":{"index":"index","follow":"follow","max-snippet":"max-snippet:-1","max-image-preview":"max-image-preview:large","max-video-preview":"max-video-preview:-1"},"canonical":"https:\/\/smartinthedark.com\/dk\/produkt\/foret-reflekshue-i-skon-fleece\/","og_locale":"da_DK","og_type":"article","og_title":"Foret reflekshue I sk\u00f8n fleece - Smart in the dark Dansk","og_description":"Vinterm\u00f6ssa i bomullsjersey med foder i fleece. Finns med reflex i m\u00f6nster av Hjortron och Norrsken. M\u00f6ssan reflekterar 360 grader.","og_url":"https:\/\/smartinthedark.com\/dk\/produkt\/foret-reflekshue-i-skon-fleece\/","og_site_name":"Smart in the dark Dansk","article_publisher":"https:\/\/www.facebook.com\/smartinthedark\/","article_modified_time":"2026-04-07T11:23:20+00:00","og_image":[{"width":500,"height":500,"url":"https:\/\/smartinthedark.com\/dk\/wp-content\/uploads\/sites\/7\/2019\/06\/Mossa-och-Vaska-600x600-500x500.jpg","type":"image\/jpeg"}],"twitter_card":"summary_large_image","schema":{"@context":"https:\/\/schema.org","@graph":[{"@type":"WebPage","@id":"https:\/\/smartinthedark.com\/dk\/produkt\/foret-reflekshue-i-skon-fleece\/","url":"https:\/\/smartinthedark.com\/dk\/produkt\/foret-reflekshue-i-skon-fleece\/","name":"Foret reflekshue I sk\u00f8n fleece - Smart in the dark Dansk","isPartOf":{"@id":"https:\/\/smartinthedark.com\/dk\/#website"},"primaryImageOfPage":{"@id":"https:\/\/smartinthedark.com\/dk\/produkt\/foret-reflekshue-i-skon-fleece\/#primaryimage"},"image":{"@id":"https:\/\/smartinthedark.com\/dk\/produkt\/foret-reflekshue-i-skon-fleece\/#primaryimage"},"thumbnailUrl":"https:\/\/smartinthedark.com\/dk\/wp-content\/uploads\/sites\/7\/2019\/06\/Mossa-och-Vaska-600x600-500x500.jpg","datePublished":"2019-06-12T12:23:12+00:00","dateModified":"2026-04-07T11:23:20+00:00","description":"Vinterm\u00f6ssa i bomullsjersey med foder i fleece. Finns med reflex i m\u00f6nster av Hjortron och Norrsken. M\u00f6ssan reflekterar 360 grader.","breadcrumb":{"@id":"https:\/\/smartinthedark.com\/dk\/produkt\/foret-reflekshue-i-skon-fleece\/#breadcrumb"},"inLanguage":"da-DK","potentialAction":[{"@type":"ReadAction","target":["https:\/\/smartinthedark.com\/dk\/produkt\/foret-reflekshue-i-skon-fleece\/"]}]},{"@type":"ImageObject","inLanguage":"da-DK","@id":"https:\/\/smartinthedark.com\/dk\/produkt\/foret-reflekshue-i-skon-fleece\/#primaryimage","url":"https:\/\/smartinthedark.com\/dk\/wp-content\/uploads\/sites\/7\/2019\/06\/Mossa-och-Vaska-600x600-500x500.jpg","contentUrl":"https:\/\/smartinthedark.com\/dk\/wp-content\/uploads\/sites\/7\/2019\/06\/Mossa-och-Vaska-600x600-500x500.jpg","width":500,"height":500},{"@type":"BreadcrumbList","@id":"https:\/\/smartinthedark.com\/dk\/produkt\/foret-reflekshue-i-skon-fleece\/#breadcrumb","itemListElement":[{"@type":"ListItem","position":1,"name":"Hem","item":"https:\/\/smartinthedark.com\/dk\/"},{"@type":"ListItem","position":2,"name":"Webshop","item":"https:\/\/smartinthedark.com\/dk\/webshop\/"},{"@type":"ListItem","position":3,"name":"Foret reflekshue I sk\u00f8n fleece"}]},{"@type":"WebSite","@id":"https:\/\/smartinthedark.com\/dk\/#website","url":"https:\/\/smartinthedark.com\/dk\/","name":"Smart in the dark Dansk","description":"","potentialAction":[{"@type":"SearchAction","target":{"@type":"EntryPoint","urlTemplate":"https:\/\/smartinthedark.com\/dk\/?s={search_term_string}"},"query-input":{"@type":"PropertyValueSpecification","valueRequired":true,"valueName":"search_term_string"}}],"inLanguage":"da-DK"}]}},"_links":{"self":[{"href":"https:\/\/smartinthedark.com\/dk\/wp-json\/wp\/v2\/product\/23","targetHints":{"allow":["GET"]}}],"collection":[{"href":"https:\/\/smartinthedark.com\/dk\/wp-json\/wp\/v2\/product"}],"about":[{"href":"https:\/\/smartinthedark.com\/dk\/wp-json\/wp\/v2\/types\/product"}],"replies":[{"embeddable":true,"href":"https:\/\/smartinthedark.com\/dk\/wp-json\/wp\/v2\/comments?post=23"}],"wp:featuredmedia":[{"embeddable":true,"href":"https:\/\/smartinthedark.com\/dk\/wp-json\/wp\/v2\/media\/85"}],"wp:attachment":[{"href":"https:\/\/smartinthedark.com\/dk\/wp-json\/wp\/v2\/media?parent=23"}],"wp:term":[{"taxonomy":"product_brand","embeddable":true,"href":"https:\/\/smartinthedark.com\/dk\/wp-json\/wp\/v2\/product_brand?post=23"},{"taxonomy":"product_cat","embeddable":true,"href":"https:\/\/smartinthedark.com\/dk\/wp-json\/wp\/v2\/product_cat?post=23"},{"taxonomy":"product_tag","embeddable":true,"href":"https:\/\/smartinthedark.com\/dk\/wp-json\/wp\/v2\/product_tag?post=23"}],"curies":[{"name":"wp","href":"https:\/\/api.w.org\/{rel}","templated":true}]}}