{"id":227,"date":"2019-06-12T14:25:10","date_gmt":"2019-06-12T12:25:10","guid":{"rendered":"https:\/\/smartinthedark.com\/produkt\/import-placeholder-for-36232\/"},"modified":"2026-04-07T13:24:38","modified_gmt":"2026-04-07T11:24:38","slug":"refleksrygsaek-der-kan-ses","status":"publish","type":"product","link":"https:\/\/smartinthedark.com\/dk\/produkt\/refleksrygsaek-der-kan-ses\/","title":{"rendered":"Refleksrygs\u00e6k, der kan ses"},"content":{"rendered":"<p>Denne smarte refleksrygs\u00e6k tiltr\u00e6kker opm\u00e6rksomhed p\u00e5 125 meters afstand. Perfekt til arbejde, tr\u00e6ning eller fritid. Du kan v\u00e6lge at b\u00e6re den p\u00e5 ryggen eller holde den i h\u00e5nden. Tasken har refleks hele vejen rundt, som reflekterer 360 grader. Skulderstropperne har ogs\u00e5 reflekser som g\u00f8r dig synlig fra alle retninger. Rygs\u00e6kken er vandafvisende og foret. Den har en lomme med lynl\u00e5s p\u00e5 indersiden og sn\u00f8relukning \u00f8verst. Tilg\u00e6ngelig i sort, bl\u00e5 og lyser\u00f8d med refleksm\u00f8nster. Hvilken \u00e9n er din favorit?<\/p>\n<p>\u2022 Vandafvisende polyestermateriale<br \/>\n\u2022 Foret med lomme p\u00e5 indersiden<br \/>\n\u2022 H\u00e5ndtag, s\u00e5 rygs\u00e6kken kan b\u00e6res i h\u00e5nden<br \/>\n\u2022 Sn\u00f8relukning \u00f8verst<br \/>\n\u2022 H\u00f8jde 38 cm<br \/>\n\u2022 Bredde 34 cm<\/p>\n","protected":false},"excerpt":{"rendered":"<p>Denne smarte refleksrygs\u00e6k tiltr\u00e6kker opm\u00e6rksomhed p\u00e5 125 meters afstand. Perfekt til arbejde, tr\u00e6ning eller fritid. <b><u><a href=\"#beskrivning\">L\u00e6s mere<\/a><\/u><\/b><\/p>\n","protected":false},"featured_media":242,"comment_status":"open","ping_status":"closed","template":"","meta":{"_trash_the_other_posts":false,"editor_notices":[]},"product_brand":[],"product_cat":[61],"product_tag":[],"class_list":{"0":"post-227","1":"product","2":"type-product","3":"status-publish","4":"has-post-thumbnail","6":"product_cat-refleksposer","8":"first","9":"outofstock","10":"taxable","11":"shipping-taxable","12":"purchasable","13":"product-type-variable","14":"has-default-attributes"},"yoast_head":"<!-- This site is optimized with the Yoast SEO plugin v25.9 - https:\/\/yoast.com\/wordpress\/plugins\/seo\/ -->\n<title>Refleksrygs\u00e6k, der kan ses - Smart in the dark Dansk<\/title>\n<meta name=\"robots\" content=\"index, follow, max-snippet:-1, max-image-preview:large, max-video-preview:-1\" \/>\n<link rel=\"canonical\" href=\"https:\/\/smartinthedark.com\/dk\/produkt\/refleksrygsaek-der-kan-ses\/\" \/>\n<meta property=\"og:locale\" content=\"da_DK\" \/>\n<meta property=\"og:type\" content=\"article\" \/>\n<meta property=\"og:title\" content=\"Refleksrygs\u00e6k, der kan ses - Smart in the dark Dansk\" \/>\n<meta property=\"og:description\" content=\"Denne smarte refleksrygs\u00e6k tiltr\u00e6kker opm\u00e6rksomhed p\u00e5 125 meters afstand. Perfekt til arbejde, tr\u00e6ning eller fritid. L\u00e6s mere\" \/>\n<meta property=\"og:url\" content=\"https:\/\/smartinthedark.com\/dk\/produkt\/refleksrygsaek-der-kan-ses\/\" \/>\n<meta property=\"og:site_name\" content=\"Smart in the dark Dansk\" \/>\n<meta property=\"article:publisher\" content=\"https:\/\/www.facebook.com\/smartinthedark\/\" \/>\n<meta property=\"article:modified_time\" content=\"2026-04-07T11:24:38+00:00\" \/>\n<meta property=\"og:image\" content=\"https:\/\/smartinthedark.com\/dk\/wp-content\/uploads\/sites\/7\/2019\/06\/Gymbag-Ryggs\u00e4ck-med-reflex-Smart-in-the-dark-1.jpg\" \/>\n\t<meta property=\"og:image:width\" content=\"1600\" \/>\n\t<meta property=\"og:image:height\" content=\"1200\" \/>\n\t<meta property=\"og:image:type\" content=\"image\/jpeg\" \/>\n<meta name=\"twitter:card\" content=\"summary_large_image\" \/>\n<meta name=\"twitter:label1\" content=\"Est. reading time\" \/>\n\t<meta name=\"twitter:data1\" content=\"1 minute\" \/>\n<script type=\"application\/ld+json\" class=\"yoast-schema-graph\">{\"@context\":\"https:\/\/schema.org\",\"@graph\":[{\"@type\":\"WebPage\",\"@id\":\"https:\/\/smartinthedark.com\/dk\/produkt\/refleksrygsaek-der-kan-ses\/\",\"url\":\"https:\/\/smartinthedark.com\/dk\/produkt\/refleksrygsaek-der-kan-ses\/\",\"name\":\"Refleksrygs\u00e6k, der kan ses - Smart in the dark Dansk\",\"isPartOf\":{\"@id\":\"https:\/\/smartinthedark.com\/dk\/#website\"},\"primaryImageOfPage\":{\"@id\":\"https:\/\/smartinthedark.com\/dk\/produkt\/refleksrygsaek-der-kan-ses\/#primaryimage\"},\"image\":{\"@id\":\"https:\/\/smartinthedark.com\/dk\/produkt\/refleksrygsaek-der-kan-ses\/#primaryimage\"},\"thumbnailUrl\":\"https:\/\/smartinthedark.com\/dk\/wp-content\/uploads\/sites\/7\/2019\/06\/Gymbag-Ryggs\u00e4ck-med-reflex-Smart-in-the-dark-1.jpg\",\"datePublished\":\"2019-06-12T12:25:10+00:00\",\"dateModified\":\"2026-04-07T11:24:38+00:00\",\"breadcrumb\":{\"@id\":\"https:\/\/smartinthedark.com\/dk\/produkt\/refleksrygsaek-der-kan-ses\/#breadcrumb\"},\"inLanguage\":\"da-DK\",\"potentialAction\":[{\"@type\":\"ReadAction\",\"target\":[\"https:\/\/smartinthedark.com\/dk\/produkt\/refleksrygsaek-der-kan-ses\/\"]}]},{\"@type\":\"ImageObject\",\"inLanguage\":\"da-DK\",\"@id\":\"https:\/\/smartinthedark.com\/dk\/produkt\/refleksrygsaek-der-kan-ses\/#primaryimage\",\"url\":\"https:\/\/smartinthedark.com\/dk\/wp-content\/uploads\/sites\/7\/2019\/06\/Gymbag-Ryggs\u00e4ck-med-reflex-Smart-in-the-dark-1.jpg\",\"contentUrl\":\"https:\/\/smartinthedark.com\/dk\/wp-content\/uploads\/sites\/7\/2019\/06\/Gymbag-Ryggs\u00e4ck-med-reflex-Smart-in-the-dark-1.jpg\",\"width\":1600,\"height\":1200},{\"@type\":\"BreadcrumbList\",\"@id\":\"https:\/\/smartinthedark.com\/dk\/produkt\/refleksrygsaek-der-kan-ses\/#breadcrumb\",\"itemListElement\":[{\"@type\":\"ListItem\",\"position\":1,\"name\":\"Hem\",\"item\":\"https:\/\/smartinthedark.com\/dk\/\"},{\"@type\":\"ListItem\",\"position\":2,\"name\":\"Webshop\",\"item\":\"https:\/\/smartinthedark.com\/dk\/webshop\/\"},{\"@type\":\"ListItem\",\"position\":3,\"name\":\"Refleksrygs\u00e6k, der kan ses\"}]},{\"@type\":\"WebSite\",\"@id\":\"https:\/\/smartinthedark.com\/dk\/#website\",\"url\":\"https:\/\/smartinthedark.com\/dk\/\",\"name\":\"Smart in the dark Dansk\",\"description\":\"\",\"potentialAction\":[{\"@type\":\"SearchAction\",\"target\":{\"@type\":\"EntryPoint\",\"urlTemplate\":\"https:\/\/smartinthedark.com\/dk\/?s={search_term_string}\"},\"query-input\":{\"@type\":\"PropertyValueSpecification\",\"valueRequired\":true,\"valueName\":\"search_term_string\"}}],\"inLanguage\":\"da-DK\"}]}<\/script>\n<!-- \/ Yoast SEO plugin. -->","yoast_head_json":{"title":"Refleksrygs\u00e6k, der kan ses - Smart in the dark Dansk","robots":{"index":"index","follow":"follow","max-snippet":"max-snippet:-1","max-image-preview":"max-image-preview:large","max-video-preview":"max-video-preview:-1"},"canonical":"https:\/\/smartinthedark.com\/dk\/produkt\/refleksrygsaek-der-kan-ses\/","og_locale":"da_DK","og_type":"article","og_title":"Refleksrygs\u00e6k, der kan ses - Smart in the dark Dansk","og_description":"Denne smarte refleksrygs\u00e6k tiltr\u00e6kker opm\u00e6rksomhed p\u00e5 125 meters afstand. Perfekt til arbejde, tr\u00e6ning eller fritid. L\u00e6s mere","og_url":"https:\/\/smartinthedark.com\/dk\/produkt\/refleksrygsaek-der-kan-ses\/","og_site_name":"Smart in the dark Dansk","article_publisher":"https:\/\/www.facebook.com\/smartinthedark\/","article_modified_time":"2026-04-07T11:24:38+00:00","og_image":[{"width":1600,"height":1200,"url":"https:\/\/smartinthedark.com\/dk\/wp-content\/uploads\/sites\/7\/2019\/06\/Gymbag-Ryggs\u00e4ck-med-reflex-Smart-in-the-dark-1.jpg","type":"image\/jpeg"}],"twitter_card":"summary_large_image","twitter_misc":{"Est. reading time":"1 minute"},"schema":{"@context":"https:\/\/schema.org","@graph":[{"@type":"WebPage","@id":"https:\/\/smartinthedark.com\/dk\/produkt\/refleksrygsaek-der-kan-ses\/","url":"https:\/\/smartinthedark.com\/dk\/produkt\/refleksrygsaek-der-kan-ses\/","name":"Refleksrygs\u00e6k, der kan ses - Smart in the dark Dansk","isPartOf":{"@id":"https:\/\/smartinthedark.com\/dk\/#website"},"primaryImageOfPage":{"@id":"https:\/\/smartinthedark.com\/dk\/produkt\/refleksrygsaek-der-kan-ses\/#primaryimage"},"image":{"@id":"https:\/\/smartinthedark.com\/dk\/produkt\/refleksrygsaek-der-kan-ses\/#primaryimage"},"thumbnailUrl":"https:\/\/smartinthedark.com\/dk\/wp-content\/uploads\/sites\/7\/2019\/06\/Gymbag-Ryggs\u00e4ck-med-reflex-Smart-in-the-dark-1.jpg","datePublished":"2019-06-12T12:25:10+00:00","dateModified":"2026-04-07T11:24:38+00:00","breadcrumb":{"@id":"https:\/\/smartinthedark.com\/dk\/produkt\/refleksrygsaek-der-kan-ses\/#breadcrumb"},"inLanguage":"da-DK","potentialAction":[{"@type":"ReadAction","target":["https:\/\/smartinthedark.com\/dk\/produkt\/refleksrygsaek-der-kan-ses\/"]}]},{"@type":"ImageObject","inLanguage":"da-DK","@id":"https:\/\/smartinthedark.com\/dk\/produkt\/refleksrygsaek-der-kan-ses\/#primaryimage","url":"https:\/\/smartinthedark.com\/dk\/wp-content\/uploads\/sites\/7\/2019\/06\/Gymbag-Ryggs\u00e4ck-med-reflex-Smart-in-the-dark-1.jpg","contentUrl":"https:\/\/smartinthedark.com\/dk\/wp-content\/uploads\/sites\/7\/2019\/06\/Gymbag-Ryggs\u00e4ck-med-reflex-Smart-in-the-dark-1.jpg","width":1600,"height":1200},{"@type":"BreadcrumbList","@id":"https:\/\/smartinthedark.com\/dk\/produkt\/refleksrygsaek-der-kan-ses\/#breadcrumb","itemListElement":[{"@type":"ListItem","position":1,"name":"Hem","item":"https:\/\/smartinthedark.com\/dk\/"},{"@type":"ListItem","position":2,"name":"Webshop","item":"https:\/\/smartinthedark.com\/dk\/webshop\/"},{"@type":"ListItem","position":3,"name":"Refleksrygs\u00e6k, der kan ses"}]},{"@type":"WebSite","@id":"https:\/\/smartinthedark.com\/dk\/#website","url":"https:\/\/smartinthedark.com\/dk\/","name":"Smart in the dark Dansk","description":"","potentialAction":[{"@type":"SearchAction","target":{"@type":"EntryPoint","urlTemplate":"https:\/\/smartinthedark.com\/dk\/?s={search_term_string}"},"query-input":{"@type":"PropertyValueSpecification","valueRequired":true,"valueName":"search_term_string"}}],"inLanguage":"da-DK"}]}},"_links":{"self":[{"href":"https:\/\/smartinthedark.com\/dk\/wp-json\/wp\/v2\/product\/227","targetHints":{"allow":["GET"]}}],"collection":[{"href":"https:\/\/smartinthedark.com\/dk\/wp-json\/wp\/v2\/product"}],"about":[{"href":"https:\/\/smartinthedark.com\/dk\/wp-json\/wp\/v2\/types\/product"}],"replies":[{"embeddable":true,"href":"https:\/\/smartinthedark.com\/dk\/wp-json\/wp\/v2\/comments?post=227"}],"wp:featuredmedia":[{"embeddable":true,"href":"https:\/\/smartinthedark.com\/dk\/wp-json\/wp\/v2\/media\/242"}],"wp:attachment":[{"href":"https:\/\/smartinthedark.com\/dk\/wp-json\/wp\/v2\/media?parent=227"}],"wp:term":[{"taxonomy":"product_brand","embeddable":true,"href":"https:\/\/smartinthedark.com\/dk\/wp-json\/wp\/v2\/product_brand?post=227"},{"taxonomy":"product_cat","embeddable":true,"href":"https:\/\/smartinthedark.com\/dk\/wp-json\/wp\/v2\/product_cat?post=227"},{"taxonomy":"product_tag","embeddable":true,"href":"https:\/\/smartinthedark.com\/dk\/wp-json\/wp\/v2\/product_tag?post=227"}],"curies":[{"name":"wp","href":"https:\/\/api.w.org\/{rel}","templated":true}]}}