{"id":21,"date":"2019-06-12T14:23:12","date_gmt":"2019-06-12T12:23:12","guid":{"rendered":"https:\/\/smartinthedark.com\/produkt\/import-placeholder-for-22297\/"},"modified":"2026-02-09T16:19:40","modified_gmt":"2026-02-09T15:19:40","slug":"stilsikker-reflekstaske","status":"publish","type":"product","link":"https:\/\/smartinthedark.com\/dk\/produkt\/stilsikker-reflekstaske\/","title":{"rendered":"Stilsikker reflekstaske"},"content":{"rendered":"<p>Denne stilsikre reflekstaske kan lyse enhver dag op, og har plads til alle dine vigtigste ting. Tasken er vandafvisende og kan godt t\u00e5le regn. Den er foret, har en lomme p\u00e5 indersiden og en lynl\u00e5s \u00f8verst. Ydermere reflekterer den 360 grader, s\u00e5 du er sikker p\u00e5, at du er synlig p\u00e5 mere end 125 meters afstand, fra alle retninger. Tasken er tilg\u00e6ngelig i lyser\u00f8d, sort og havbl\u00e5 med fem forskellige refleksm\u00f8nstre, inspireret af Norden \u2013 Multeb\u00e6r, Flet, Bjergtop, Nordlys og Tytteb\u00e6r. Hvilken taske fanger din opm\u00e6rksomhed?<\/p>\n<p>\u2022 Vandafvisende taske i polyester<br \/>\n\u2022 Bomuldsforing og lomme p\u00e5 indersiden<br \/>\n\u2022 Lynl\u00e5s \u00f8verst<br \/>\n\u2022 H\u00f8jde 38 cm<br \/>\n\u2022 Bredde 34 cm<\/p>\n","protected":false},"excerpt":{"rendered":"<p>Denne stilsikre reflekstaske kan lyse enhver dag op, og har plads til alle dine vigtigste ting. Tasken er vandafvisende og kan godt t\u00e5le regn. <b><u><a href=\"#beskrivning\">L\u00e6s mere<\/a><\/u><\/b><\/p>\n","protected":false},"featured_media":24969,"comment_status":"open","ping_status":"closed","template":"","meta":{"_trash_the_other_posts":false,"editor_notices":[]},"product_brand":[],"product_cat":[61],"product_tag":[],"class_list":{"0":"post-21","1":"product","2":"type-product","3":"status-publish","4":"has-post-thumbnail","6":"product_cat-refleksposer","8":"first","9":"instock","10":"taxable","11":"shipping-taxable","12":"purchasable","13":"product-type-variable"},"yoast_head":"<!-- This site is optimized with the Yoast SEO plugin v25.9 - https:\/\/yoast.com\/wordpress\/plugins\/seo\/ -->\n<title>Stilsikker reflekstaske - Smart in the dark Dansk<\/title>\n<meta name=\"description\" content=\"V\u00e4ska med reflex i olika m\u00f6nster som reflekterar 360 grader. V\u00e4skan t\u00e5l regn, \u00e4r fodrad,\u00a0har en ficka p\u00e5 insidan och\u00a0kommer i fyra\u00a0m\u00f6nster.\" \/>\n<meta name=\"robots\" content=\"index, follow, max-snippet:-1, max-image-preview:large, max-video-preview:-1\" \/>\n<link rel=\"canonical\" href=\"https:\/\/smartinthedark.com\/dk\/produkt\/stilsikker-reflekstaske\/\" \/>\n<meta property=\"og:locale\" content=\"da_DK\" \/>\n<meta property=\"og:type\" content=\"article\" \/>\n<meta property=\"og:title\" content=\"Stilsikker reflekstaske - Smart in the dark Dansk\" \/>\n<meta property=\"og:description\" content=\"V\u00e4ska med reflex i olika m\u00f6nster som reflekterar 360 grader. V\u00e4skan t\u00e5l regn, \u00e4r fodrad,\u00a0har en ficka p\u00e5 insidan och\u00a0kommer i fyra\u00a0m\u00f6nster.\" \/>\n<meta property=\"og:url\" content=\"https:\/\/smartinthedark.com\/dk\/produkt\/stilsikker-reflekstaske\/\" \/>\n<meta property=\"og:site_name\" content=\"Smart in the dark Dansk\" \/>\n<meta property=\"article:publisher\" content=\"https:\/\/www.facebook.com\/smartinthedark\/\" \/>\n<meta property=\"article:modified_time\" content=\"2026-02-09T15:19:40+00:00\" \/>\n<meta property=\"og:image\" content=\"https:\/\/smartinthedark.com\/dk\/wp-content\/uploads\/sites\/7\/2019\/06\/svart-sjal-med-rosa-v\u00e4ska.png\" \/>\n\t<meta property=\"og:image:width\" content=\"1932\" \/>\n\t<meta property=\"og:image:height\" content=\"1873\" \/>\n\t<meta property=\"og:image:type\" content=\"image\/png\" \/>\n<meta name=\"twitter:card\" content=\"summary_large_image\" \/>\n<meta name=\"twitter:label1\" content=\"Est. reading time\" \/>\n\t<meta name=\"twitter:data1\" content=\"1 minute\" \/>\n<script type=\"application\/ld+json\" class=\"yoast-schema-graph\">{\"@context\":\"https:\/\/schema.org\",\"@graph\":[{\"@type\":\"WebPage\",\"@id\":\"https:\/\/smartinthedark.com\/dk\/produkt\/stilsikker-reflekstaske\/\",\"url\":\"https:\/\/smartinthedark.com\/dk\/produkt\/stilsikker-reflekstaske\/\",\"name\":\"Stilsikker reflekstaske - Smart in the dark Dansk\",\"isPartOf\":{\"@id\":\"https:\/\/smartinthedark.com\/dk\/#website\"},\"primaryImageOfPage\":{\"@id\":\"https:\/\/smartinthedark.com\/dk\/produkt\/stilsikker-reflekstaske\/#primaryimage\"},\"image\":{\"@id\":\"https:\/\/smartinthedark.com\/dk\/produkt\/stilsikker-reflekstaske\/#primaryimage\"},\"thumbnailUrl\":\"https:\/\/smartinthedark.com\/dk\/wp-content\/uploads\/sites\/7\/2019\/06\/svart-sjal-med-rosa-v\u00e4ska.png\",\"datePublished\":\"2019-06-12T12:23:12+00:00\",\"dateModified\":\"2026-02-09T15:19:40+00:00\",\"description\":\"V\u00e4ska med reflex i olika m\u00f6nster som reflekterar 360 grader. V\u00e4skan t\u00e5l regn, \u00e4r fodrad,\u00a0har en ficka p\u00e5 insidan och\u00a0kommer i fyra\u00a0m\u00f6nster.\",\"breadcrumb\":{\"@id\":\"https:\/\/smartinthedark.com\/dk\/produkt\/stilsikker-reflekstaske\/#breadcrumb\"},\"inLanguage\":\"da-DK\",\"potentialAction\":[{\"@type\":\"ReadAction\",\"target\":[\"https:\/\/smartinthedark.com\/dk\/produkt\/stilsikker-reflekstaske\/\"]}]},{\"@type\":\"ImageObject\",\"inLanguage\":\"da-DK\",\"@id\":\"https:\/\/smartinthedark.com\/dk\/produkt\/stilsikker-reflekstaske\/#primaryimage\",\"url\":\"https:\/\/smartinthedark.com\/dk\/wp-content\/uploads\/sites\/7\/2019\/06\/svart-sjal-med-rosa-v\u00e4ska.png\",\"contentUrl\":\"https:\/\/smartinthedark.com\/dk\/wp-content\/uploads\/sites\/7\/2019\/06\/svart-sjal-med-rosa-v\u00e4ska.png\",\"width\":1932,\"height\":1873},{\"@type\":\"BreadcrumbList\",\"@id\":\"https:\/\/smartinthedark.com\/dk\/produkt\/stilsikker-reflekstaske\/#breadcrumb\",\"itemListElement\":[{\"@type\":\"ListItem\",\"position\":1,\"name\":\"Hem\",\"item\":\"https:\/\/smartinthedark.com\/dk\/\"},{\"@type\":\"ListItem\",\"position\":2,\"name\":\"Webshop\",\"item\":\"https:\/\/smartinthedark.com\/dk\/webshop\/\"},{\"@type\":\"ListItem\",\"position\":3,\"name\":\"Stilsikker reflekstaske\"}]},{\"@type\":\"WebSite\",\"@id\":\"https:\/\/smartinthedark.com\/dk\/#website\",\"url\":\"https:\/\/smartinthedark.com\/dk\/\",\"name\":\"Smart in the dark Dansk\",\"description\":\"\",\"potentialAction\":[{\"@type\":\"SearchAction\",\"target\":{\"@type\":\"EntryPoint\",\"urlTemplate\":\"https:\/\/smartinthedark.com\/dk\/?s={search_term_string}\"},\"query-input\":{\"@type\":\"PropertyValueSpecification\",\"valueRequired\":true,\"valueName\":\"search_term_string\"}}],\"inLanguage\":\"da-DK\"}]}<\/script>\n<!-- \/ Yoast SEO plugin. -->","yoast_head_json":{"title":"Stilsikker reflekstaske - Smart in the dark Dansk","description":"V\u00e4ska med reflex i olika m\u00f6nster som reflekterar 360 grader. V\u00e4skan t\u00e5l regn, \u00e4r fodrad,\u00a0har en ficka p\u00e5 insidan och\u00a0kommer i fyra\u00a0m\u00f6nster.","robots":{"index":"index","follow":"follow","max-snippet":"max-snippet:-1","max-image-preview":"max-image-preview:large","max-video-preview":"max-video-preview:-1"},"canonical":"https:\/\/smartinthedark.com\/dk\/produkt\/stilsikker-reflekstaske\/","og_locale":"da_DK","og_type":"article","og_title":"Stilsikker reflekstaske - Smart in the dark Dansk","og_description":"V\u00e4ska med reflex i olika m\u00f6nster som reflekterar 360 grader. V\u00e4skan t\u00e5l regn, \u00e4r fodrad,\u00a0har en ficka p\u00e5 insidan och\u00a0kommer i fyra\u00a0m\u00f6nster.","og_url":"https:\/\/smartinthedark.com\/dk\/produkt\/stilsikker-reflekstaske\/","og_site_name":"Smart in the dark Dansk","article_publisher":"https:\/\/www.facebook.com\/smartinthedark\/","article_modified_time":"2026-02-09T15:19:40+00:00","og_image":[{"width":1932,"height":1873,"url":"https:\/\/smartinthedark.com\/dk\/wp-content\/uploads\/sites\/7\/2019\/06\/svart-sjal-med-rosa-v\u00e4ska.png","type":"image\/png"}],"twitter_card":"summary_large_image","twitter_misc":{"Est. reading time":"1 minute"},"schema":{"@context":"https:\/\/schema.org","@graph":[{"@type":"WebPage","@id":"https:\/\/smartinthedark.com\/dk\/produkt\/stilsikker-reflekstaske\/","url":"https:\/\/smartinthedark.com\/dk\/produkt\/stilsikker-reflekstaske\/","name":"Stilsikker reflekstaske - Smart in the dark Dansk","isPartOf":{"@id":"https:\/\/smartinthedark.com\/dk\/#website"},"primaryImageOfPage":{"@id":"https:\/\/smartinthedark.com\/dk\/produkt\/stilsikker-reflekstaske\/#primaryimage"},"image":{"@id":"https:\/\/smartinthedark.com\/dk\/produkt\/stilsikker-reflekstaske\/#primaryimage"},"thumbnailUrl":"https:\/\/smartinthedark.com\/dk\/wp-content\/uploads\/sites\/7\/2019\/06\/svart-sjal-med-rosa-v\u00e4ska.png","datePublished":"2019-06-12T12:23:12+00:00","dateModified":"2026-02-09T15:19:40+00:00","description":"V\u00e4ska med reflex i olika m\u00f6nster som reflekterar 360 grader. V\u00e4skan t\u00e5l regn, \u00e4r fodrad,\u00a0har en ficka p\u00e5 insidan och\u00a0kommer i fyra\u00a0m\u00f6nster.","breadcrumb":{"@id":"https:\/\/smartinthedark.com\/dk\/produkt\/stilsikker-reflekstaske\/#breadcrumb"},"inLanguage":"da-DK","potentialAction":[{"@type":"ReadAction","target":["https:\/\/smartinthedark.com\/dk\/produkt\/stilsikker-reflekstaske\/"]}]},{"@type":"ImageObject","inLanguage":"da-DK","@id":"https:\/\/smartinthedark.com\/dk\/produkt\/stilsikker-reflekstaske\/#primaryimage","url":"https:\/\/smartinthedark.com\/dk\/wp-content\/uploads\/sites\/7\/2019\/06\/svart-sjal-med-rosa-v\u00e4ska.png","contentUrl":"https:\/\/smartinthedark.com\/dk\/wp-content\/uploads\/sites\/7\/2019\/06\/svart-sjal-med-rosa-v\u00e4ska.png","width":1932,"height":1873},{"@type":"BreadcrumbList","@id":"https:\/\/smartinthedark.com\/dk\/produkt\/stilsikker-reflekstaske\/#breadcrumb","itemListElement":[{"@type":"ListItem","position":1,"name":"Hem","item":"https:\/\/smartinthedark.com\/dk\/"},{"@type":"ListItem","position":2,"name":"Webshop","item":"https:\/\/smartinthedark.com\/dk\/webshop\/"},{"@type":"ListItem","position":3,"name":"Stilsikker reflekstaske"}]},{"@type":"WebSite","@id":"https:\/\/smartinthedark.com\/dk\/#website","url":"https:\/\/smartinthedark.com\/dk\/","name":"Smart in the dark Dansk","description":"","potentialAction":[{"@type":"SearchAction","target":{"@type":"EntryPoint","urlTemplate":"https:\/\/smartinthedark.com\/dk\/?s={search_term_string}"},"query-input":{"@type":"PropertyValueSpecification","valueRequired":true,"valueName":"search_term_string"}}],"inLanguage":"da-DK"}]}},"_links":{"self":[{"href":"https:\/\/smartinthedark.com\/dk\/wp-json\/wp\/v2\/product\/21","targetHints":{"allow":["GET"]}}],"collection":[{"href":"https:\/\/smartinthedark.com\/dk\/wp-json\/wp\/v2\/product"}],"about":[{"href":"https:\/\/smartinthedark.com\/dk\/wp-json\/wp\/v2\/types\/product"}],"replies":[{"embeddable":true,"href":"https:\/\/smartinthedark.com\/dk\/wp-json\/wp\/v2\/comments?post=21"}],"wp:featuredmedia":[{"embeddable":true,"href":"https:\/\/smartinthedark.com\/dk\/wp-json\/wp\/v2\/media\/24969"}],"wp:attachment":[{"href":"https:\/\/smartinthedark.com\/dk\/wp-json\/wp\/v2\/media?parent=21"}],"wp:term":[{"taxonomy":"product_brand","embeddable":true,"href":"https:\/\/smartinthedark.com\/dk\/wp-json\/wp\/v2\/product_brand?post=21"},{"taxonomy":"product_cat","embeddable":true,"href":"https:\/\/smartinthedark.com\/dk\/wp-json\/wp\/v2\/product_cat?post=21"},{"taxonomy":"product_tag","embeddable":true,"href":"https:\/\/smartinthedark.com\/dk\/wp-json\/wp\/v2\/product_tag?post=21"}],"curies":[{"name":"wp","href":"https:\/\/api.w.org\/{rel}","templated":true}]}}