{"id":182,"date":"2019-06-12T14:24:37","date_gmt":"2019-06-12T12:24:37","guid":{"rendered":"https:\/\/smartinthedark.com\/produkt\/import-placeholder-for-24546\/"},"modified":"2026-04-11T13:32:25","modified_gmt":"2026-04-11T11:32:25","slug":"sjal-med-refleks-der-indstiller-stilen","status":"publish","type":"product","link":"https:\/\/smartinthedark.com\/dk\/produkt\/sjal-med-refleks-der-indstiller-stilen\/","title":{"rendered":"Sjal med refleks, der indstiller stilen"},"content":{"rendered":"<p>Fuldend dit look med et bl\u00f8dt og l\u00e6kkert sjal fremstillet af viskose, nylon og lycra. Det er trekantet og har en reflekskant langs to af siderne. Udover at se godt ud, varmer sjalet ogs\u00e5 og beskytter imod kulde og bl\u00e6st. Et perfekt tilbeh\u00f8r, du kan b\u00e6re \u00e5ret rundt. Sjalet kan bindes og b\u00e6res p\u00e5 mange forskellige m\u00e5der. Style det pr\u00e6cis, som du \u00f8nsker!<\/p>\n<p>Vores reflekser sikrer, at du er synlig i m\u00f8rket p\u00e5 mere end 125 meters afstand. De er fremstillet i 3M Scotchlite, som er et af de sikreste og bedste refleksmaterialer p\u00e5 markedet.<\/p>\n<p>\u2022 Materiale 68% viskose 28% nylon og 4% lycra<br \/>\n\u2022 Refleks 3,5 cm x 270 cm<br \/>\n\u2022 St\u00f8rrelse 200 cm x 65 cm<\/p>\n","protected":false},"excerpt":{"rendered":"<p>Fuldend dit look med et bl\u00f8dt og l\u00e6kkert sjal fremstillet af viskose, nylon og lycra. <b><u><a href=\"#beskrivning\">L\u00e6s mere<\/a><\/u><\/b><\/p>\n","protected":false},"featured_media":24979,"comment_status":"open","ping_status":"closed","template":"","meta":{"_trash_the_other_posts":false,"editor_notices":[]},"product_brand":[],"product_cat":[60],"product_tag":[],"class_list":{"0":"post-182","1":"product","2":"type-product","3":"status-publish","4":"has-post-thumbnail","6":"product_cat-reflekterende-tilbehor","8":"first","9":"instock","10":"taxable","11":"shipping-taxable","12":"purchasable","13":"product-type-variable","14":"has-default-attributes"},"yoast_head":"<!-- This site is optimized with the Yoast SEO plugin v25.9 - https:\/\/yoast.com\/wordpress\/plugins\/seo\/ -->\n<title>Sjal med refleks, der indstiller stilen - Smart in the dark Dansk<\/title>\n<meta name=\"robots\" content=\"index, follow, max-snippet:-1, max-image-preview:large, max-video-preview:-1\" \/>\n<link rel=\"canonical\" href=\"https:\/\/smartinthedark.com\/dk\/produkt\/sjal-med-refleks-der-indstiller-stilen\/\" \/>\n<meta property=\"og:locale\" content=\"da_DK\" \/>\n<meta property=\"og:type\" content=\"article\" \/>\n<meta property=\"og:title\" content=\"Sjal med refleks, der indstiller stilen - Smart in the dark Dansk\" \/>\n<meta property=\"og:description\" content=\"Fuldend dit look med et bl\u00f8dt og l\u00e6kkert sjal fremstillet af viskose, nylon og lycra. L\u00e6s mere\" \/>\n<meta property=\"og:url\" content=\"https:\/\/smartinthedark.com\/dk\/produkt\/sjal-med-refleks-der-indstiller-stilen\/\" \/>\n<meta property=\"og:site_name\" content=\"Smart in the dark Dansk\" \/>\n<meta property=\"article:publisher\" content=\"https:\/\/www.facebook.com\/smartinthedark\/\" \/>\n<meta property=\"article:modified_time\" content=\"2026-04-11T11:32:25+00:00\" \/>\n<meta property=\"og:image\" content=\"https:\/\/smartinthedark.com\/dk\/wp-content\/uploads\/sites\/7\/2019\/06\/Linnea-i-sjal-med-reflex-och-m\u00f6nstret-fl\u00e4ta.jpg-1024x976.png\" \/>\n\t<meta property=\"og:image:width\" content=\"1024\" \/>\n\t<meta property=\"og:image:height\" content=\"976\" \/>\n\t<meta property=\"og:image:type\" content=\"image\/png\" \/>\n<meta name=\"twitter:card\" content=\"summary_large_image\" \/>\n<meta name=\"twitter:label1\" content=\"Est. reading time\" \/>\n\t<meta name=\"twitter:data1\" content=\"1 minute\" \/>\n<script type=\"application\/ld+json\" class=\"yoast-schema-graph\">{\"@context\":\"https:\/\/schema.org\",\"@graph\":[{\"@type\":\"WebPage\",\"@id\":\"https:\/\/smartinthedark.com\/dk\/produkt\/sjal-med-refleks-der-indstiller-stilen\/\",\"url\":\"https:\/\/smartinthedark.com\/dk\/produkt\/sjal-med-refleks-der-indstiller-stilen\/\",\"name\":\"Sjal med refleks, der indstiller stilen - Smart in the dark Dansk\",\"isPartOf\":{\"@id\":\"https:\/\/smartinthedark.com\/dk\/#website\"},\"primaryImageOfPage\":{\"@id\":\"https:\/\/smartinthedark.com\/dk\/produkt\/sjal-med-refleks-der-indstiller-stilen\/#primaryimage\"},\"image\":{\"@id\":\"https:\/\/smartinthedark.com\/dk\/produkt\/sjal-med-refleks-der-indstiller-stilen\/#primaryimage\"},\"thumbnailUrl\":\"https:\/\/smartinthedark.com\/dk\/wp-content\/uploads\/sites\/7\/2019\/06\/Linnea-i-sjal-med-reflex-och-m\u00f6nstret-fl\u00e4ta.jpg.png\",\"datePublished\":\"2019-06-12T12:24:37+00:00\",\"dateModified\":\"2026-04-11T11:32:25+00:00\",\"breadcrumb\":{\"@id\":\"https:\/\/smartinthedark.com\/dk\/produkt\/sjal-med-refleks-der-indstiller-stilen\/#breadcrumb\"},\"inLanguage\":\"da-DK\",\"potentialAction\":[{\"@type\":\"ReadAction\",\"target\":[\"https:\/\/smartinthedark.com\/dk\/produkt\/sjal-med-refleks-der-indstiller-stilen\/\"]}]},{\"@type\":\"ImageObject\",\"inLanguage\":\"da-DK\",\"@id\":\"https:\/\/smartinthedark.com\/dk\/produkt\/sjal-med-refleks-der-indstiller-stilen\/#primaryimage\",\"url\":\"https:\/\/smartinthedark.com\/dk\/wp-content\/uploads\/sites\/7\/2019\/06\/Linnea-i-sjal-med-reflex-och-m\u00f6nstret-fl\u00e4ta.jpg.png\",\"contentUrl\":\"https:\/\/smartinthedark.com\/dk\/wp-content\/uploads\/sites\/7\/2019\/06\/Linnea-i-sjal-med-reflex-och-m\u00f6nstret-fl\u00e4ta.jpg.png\",\"width\":2672,\"height\":2547},{\"@type\":\"BreadcrumbList\",\"@id\":\"https:\/\/smartinthedark.com\/dk\/produkt\/sjal-med-refleks-der-indstiller-stilen\/#breadcrumb\",\"itemListElement\":[{\"@type\":\"ListItem\",\"position\":1,\"name\":\"Hem\",\"item\":\"https:\/\/smartinthedark.com\/dk\/\"},{\"@type\":\"ListItem\",\"position\":2,\"name\":\"Webshop\",\"item\":\"https:\/\/smartinthedark.com\/dk\/webshop\/\"},{\"@type\":\"ListItem\",\"position\":3,\"name\":\"Sjal med refleks, der indstiller stilen\"}]},{\"@type\":\"WebSite\",\"@id\":\"https:\/\/smartinthedark.com\/dk\/#website\",\"url\":\"https:\/\/smartinthedark.com\/dk\/\",\"name\":\"Smart in the dark Dansk\",\"description\":\"\",\"potentialAction\":[{\"@type\":\"SearchAction\",\"target\":{\"@type\":\"EntryPoint\",\"urlTemplate\":\"https:\/\/smartinthedark.com\/dk\/?s={search_term_string}\"},\"query-input\":{\"@type\":\"PropertyValueSpecification\",\"valueRequired\":true,\"valueName\":\"search_term_string\"}}],\"inLanguage\":\"da-DK\"}]}<\/script>\n<!-- \/ Yoast SEO plugin. -->","yoast_head_json":{"title":"Sjal med refleks, der indstiller stilen - Smart in the dark Dansk","robots":{"index":"index","follow":"follow","max-snippet":"max-snippet:-1","max-image-preview":"max-image-preview:large","max-video-preview":"max-video-preview:-1"},"canonical":"https:\/\/smartinthedark.com\/dk\/produkt\/sjal-med-refleks-der-indstiller-stilen\/","og_locale":"da_DK","og_type":"article","og_title":"Sjal med refleks, der indstiller stilen - Smart in the dark Dansk","og_description":"Fuldend dit look med et bl\u00f8dt og l\u00e6kkert sjal fremstillet af viskose, nylon og lycra. L\u00e6s mere","og_url":"https:\/\/smartinthedark.com\/dk\/produkt\/sjal-med-refleks-der-indstiller-stilen\/","og_site_name":"Smart in the dark Dansk","article_publisher":"https:\/\/www.facebook.com\/smartinthedark\/","article_modified_time":"2026-04-11T11:32:25+00:00","og_image":[{"width":1024,"height":976,"url":"https:\/\/smartinthedark.com\/dk\/wp-content\/uploads\/sites\/7\/2019\/06\/Linnea-i-sjal-med-reflex-och-m\u00f6nstret-fl\u00e4ta.jpg-1024x976.png","type":"image\/png"}],"twitter_card":"summary_large_image","twitter_misc":{"Est. reading time":"1 minute"},"schema":{"@context":"https:\/\/schema.org","@graph":[{"@type":"WebPage","@id":"https:\/\/smartinthedark.com\/dk\/produkt\/sjal-med-refleks-der-indstiller-stilen\/","url":"https:\/\/smartinthedark.com\/dk\/produkt\/sjal-med-refleks-der-indstiller-stilen\/","name":"Sjal med refleks, der indstiller stilen - Smart in the dark Dansk","isPartOf":{"@id":"https:\/\/smartinthedark.com\/dk\/#website"},"primaryImageOfPage":{"@id":"https:\/\/smartinthedark.com\/dk\/produkt\/sjal-med-refleks-der-indstiller-stilen\/#primaryimage"},"image":{"@id":"https:\/\/smartinthedark.com\/dk\/produkt\/sjal-med-refleks-der-indstiller-stilen\/#primaryimage"},"thumbnailUrl":"https:\/\/smartinthedark.com\/dk\/wp-content\/uploads\/sites\/7\/2019\/06\/Linnea-i-sjal-med-reflex-och-m\u00f6nstret-fl\u00e4ta.jpg.png","datePublished":"2019-06-12T12:24:37+00:00","dateModified":"2026-04-11T11:32:25+00:00","breadcrumb":{"@id":"https:\/\/smartinthedark.com\/dk\/produkt\/sjal-med-refleks-der-indstiller-stilen\/#breadcrumb"},"inLanguage":"da-DK","potentialAction":[{"@type":"ReadAction","target":["https:\/\/smartinthedark.com\/dk\/produkt\/sjal-med-refleks-der-indstiller-stilen\/"]}]},{"@type":"ImageObject","inLanguage":"da-DK","@id":"https:\/\/smartinthedark.com\/dk\/produkt\/sjal-med-refleks-der-indstiller-stilen\/#primaryimage","url":"https:\/\/smartinthedark.com\/dk\/wp-content\/uploads\/sites\/7\/2019\/06\/Linnea-i-sjal-med-reflex-och-m\u00f6nstret-fl\u00e4ta.jpg.png","contentUrl":"https:\/\/smartinthedark.com\/dk\/wp-content\/uploads\/sites\/7\/2019\/06\/Linnea-i-sjal-med-reflex-och-m\u00f6nstret-fl\u00e4ta.jpg.png","width":2672,"height":2547},{"@type":"BreadcrumbList","@id":"https:\/\/smartinthedark.com\/dk\/produkt\/sjal-med-refleks-der-indstiller-stilen\/#breadcrumb","itemListElement":[{"@type":"ListItem","position":1,"name":"Hem","item":"https:\/\/smartinthedark.com\/dk\/"},{"@type":"ListItem","position":2,"name":"Webshop","item":"https:\/\/smartinthedark.com\/dk\/webshop\/"},{"@type":"ListItem","position":3,"name":"Sjal med refleks, der indstiller stilen"}]},{"@type":"WebSite","@id":"https:\/\/smartinthedark.com\/dk\/#website","url":"https:\/\/smartinthedark.com\/dk\/","name":"Smart in the dark Dansk","description":"","potentialAction":[{"@type":"SearchAction","target":{"@type":"EntryPoint","urlTemplate":"https:\/\/smartinthedark.com\/dk\/?s={search_term_string}"},"query-input":{"@type":"PropertyValueSpecification","valueRequired":true,"valueName":"search_term_string"}}],"inLanguage":"da-DK"}]}},"_links":{"self":[{"href":"https:\/\/smartinthedark.com\/dk\/wp-json\/wp\/v2\/product\/182","targetHints":{"allow":["GET"]}}],"collection":[{"href":"https:\/\/smartinthedark.com\/dk\/wp-json\/wp\/v2\/product"}],"about":[{"href":"https:\/\/smartinthedark.com\/dk\/wp-json\/wp\/v2\/types\/product"}],"replies":[{"embeddable":true,"href":"https:\/\/smartinthedark.com\/dk\/wp-json\/wp\/v2\/comments?post=182"}],"wp:featuredmedia":[{"embeddable":true,"href":"https:\/\/smartinthedark.com\/dk\/wp-json\/wp\/v2\/media\/24979"}],"wp:attachment":[{"href":"https:\/\/smartinthedark.com\/dk\/wp-json\/wp\/v2\/media?parent=182"}],"wp:term":[{"taxonomy":"product_brand","embeddable":true,"href":"https:\/\/smartinthedark.com\/dk\/wp-json\/wp\/v2\/product_brand?post=182"},{"taxonomy":"product_cat","embeddable":true,"href":"https:\/\/smartinthedark.com\/dk\/wp-json\/wp\/v2\/product_cat?post=182"},{"taxonomy":"product_tag","embeddable":true,"href":"https:\/\/smartinthedark.com\/dk\/wp-json\/wp\/v2\/product_tag?post=182"}],"curies":[{"name":"wp","href":"https:\/\/api.w.org\/{rel}","templated":true}]}}