{"id":2921,"date":"2019-07-16T10:43:14","date_gmt":"2019-07-16T08:43:14","guid":{"rendered":"https:\/\/smartinthedark.com\/?page_id=2921"},"modified":"2019-12-03T09:01:31","modified_gmt":"2019-12-03T08:01:31","slug":"baeredygtig-produktion","status":"publish","type":"page","link":"https:\/\/smartinthedark.com\/dk\/om-os\/baeredygtig-produktion\/","title":{"rendered":"B\u00e6redygtig produktion"},"content":{"rendered":"\n<div class=\"row\" style=\"max-width:1200px\" id=\"row-1299593291\">\n\n\n\t<div id=\"col-19427729\" class=\"col small-12 large-12\"  >\n\t\t\t\t<div class=\"col-inner\"  >\n\t\t\t\n\t\t\t\n\n\n  <div class=\"banner has-hover\" id=\"banner-170486699\">\n          <div class=\"banner-inner fill\">\n        <div class=\"banner-bg fill\" >\n            <img loading=\"lazy\" decoding=\"async\" width=\"1485\" height=\"1000\" src=\"https:\/\/smartinthedark.com\/dk\/wp-content\/uploads\/sites\/7\/2019\/08\/Reflexm\u00f6ssor-burgundy-gr\u00e5-smart-in-the-dark.jpg\" class=\"bg attachment-original size-original\" alt=\"\" \/>                                    \n                    <\/div>\n\t\t\n        <div class=\"banner-layers container\">\n            <div class=\"fill banner-link\"><\/div>            \n\n   <div id=\"text-box-658081730\" class=\"text-box banner-layer x50 md-x50 lg-x50 y50 md-y50 lg-y50 res-text\">\n                                <div class=\"text-box-content text dark text-shadow-1\">\n              \n              <div class=\"text-inner text-center\">\n                  \n\n<h1 style=\"text-align: center;\"><span class=\"titel-head\" style=\"font-size: 115%;\" data-line-height=\"xs\"><strong>Holdbar produktion<\/strong><\/span><\/h1>\n\n              <\/div>\n           <\/div>\n                            \n<style>\n#text-box-658081730 {\n  width: 98%;\n}\n#text-box-658081730 .text-box-content {\n  font-size: 80%;\n}\n@media (min-width:550px) {\n  #text-box-658081730 {\n    width: 60%;\n  }\n  #text-box-658081730 .text-box-content {\n    font-size: 100%;\n  }\n}\n<\/style>\n    <\/div>\n \n\n        <\/div>\n      <\/div>\n\n            \n<style>\n#banner-170486699 {\n  padding-top: 250px;\n}\n#banner-170486699 .banner-bg img {\n  object-position: 50% 0%;\n}\n@media (min-width:550px) {\n  #banner-170486699 {\n    padding-top: 600px;\n  }\n}\n<\/style>\n  <\/div>\n\n\n\t<div id=\"gap-1639189874\" class=\"gap-element clearfix\" style=\"display:block; height:auto;\">\n\t\t\n<style>\n#gap-1639189874 {\n  padding-top: 40px;\n}\n<\/style>\n\t<\/div>\n\t\n\n<nav class=\"breadcrumbs\"><a href=\"https:\/\/smartinthedark.com\/dk\/\">Hjem<\/a> <span class=\"divider\">\/<\/span> <a href=\"https:\/\/smartinthedark.com\/dk\/om-os\/\">Om os<\/a><span class=\"divider\">\/<\/span> Holdbar produktion<\/nav>\n\n\t\t<\/div>\n\t\t\t\t\t<\/div>\n\n\t\n\n<\/div>\n\t<div id=\"gap-676805953\" class=\"gap-element clearfix\" style=\"display:block; height:auto;\">\n\t\t\n<style>\n#gap-676805953 {\n  padding-top: 20px;\n}\n<\/style>\n\t<\/div>\n\t\n\n<div class=\"row align-middle align-center\" style=\"max-width:1200px\" id=\"row-42415599\">\n\n\n\t<div id=\"col-887043374\" class=\"col medium-8 small-12 large-8\"  >\n\t\t\t\t<div class=\"col-inner text-left\"  >\n\t\t\t\n\t\t\t\n\n<h2 data-line-height=\"s\"><strong>Vi v\u00e6rds\u00e6tter en b\u00e6redygtig produktion<\/strong><\/h2>\n<p><span style=\"font-size: 100%;\">Vores reflekser er udviklet og produceret med omtanke for jordens ressourcer. Kvaliteten er h\u00f8j, arbejdsmilj\u00f8et p\u00e5 fabrikkerne er godt, og transporten er s\u00e5 kort som mulig. Her kan du l\u00e6se om vores tilgang til b\u00e6redygtig produktion.\n<\/span><\/p>\n<h2 data-line-height=\"s\"><strong>H\u00f8j kvalitet med reduceret milj\u00f8p\u00e5virkning<\/strong><\/h2>\n<p>Vores reflekser er kvalitetsreflekser fremstillet af 3M Scotchlite, som er et af de sikreste og bedste refleksmaterialer p\u00e5 markedet. Den h\u00f8je kvalitet sikrer at levetiden p\u00e5 vores reflekser er lang, hvilket giver en reduceret milj\u00f8p\u00e5virkning\n<\/p>\n<div class=\"row align-middle align-center\"  id=\"row-1363411607\">\n\n\n\t<div id=\"col-1371584190\" class=\"col medium-6 small-12 large-6\"  >\n\t\t\t\t<div class=\"col-inner\"  >\n\t\t\t\n\t\t\t\n\n<h2 data-line-height=\"s\"><strong>Produktion i Europa<\/strong><\/h2>\n<p>Vores reflekser er produceret med omtanke. Produktionen foreg\u00e5r i Europa. Her holder vi \u00f8je med at arbejdsmilj\u00f8et er godt, samt at vores syersker og trykkere er glade og tilfredse.<\/p>\n\t<div class=\"img has-hover x md-x lg-x y md-y lg-y\" id=\"image_1050272353\">\n\t\t\t\t\t\t\t\t<div class=\"img-inner dark\" >\n\t\t\t<img loading=\"lazy\" decoding=\"async\" width=\"320\" height=\"240\" src=\"https:\/\/smartinthedark.com\/dk\/wp-content\/uploads\/sites\/7\/2019\/12\/produktionsbild-smart-in-the-dark-2019.jpg\" class=\"attachment-large size-large\" alt=\"\" srcset=\"https:\/\/smartinthedark.com\/dk\/wp-content\/uploads\/sites\/7\/2019\/12\/produktionsbild-smart-in-the-dark-2019.jpg 320w, https:\/\/smartinthedark.com\/dk\/wp-content\/uploads\/sites\/7\/2019\/12\/produktionsbild-smart-in-the-dark-2019-300x225.jpg 300w\" sizes=\"auto, (max-width: 320px) 100vw, 320px\" \/>\t\t\t\t\t\t\n\t\t\t\t\t<\/div>\n\t\t\t\t\t\t\t\t\n<style>\n#image_1050272353 {\n  width: 100%;\n}\n<\/style>\n\t<\/div>\n\t\n\n\n\t\t<\/div>\n\t\t\t\t\t<\/div>\n\n\t\n\n\t<div id=\"col-1850462425\" class=\"col medium-6 small-12 large-6\"  >\n\t\t\t\t<div class=\"col-inner\"  >\n\t\t\t\n\t\t\t\n\n\t<div class=\"img has-hover x md-x lg-x y md-y lg-y\" id=\"image_2036020545\">\n\t\t\t\t\t\t\t\t<div class=\"img-inner dark\" >\n\t\t\t<img loading=\"lazy\" decoding=\"async\" width=\"1512\" height=\"2016\" src=\"https:\/\/smartinthedark.com\/dk\/wp-content\/uploads\/sites\/7\/2019\/12\/produktion-smart-in-the-dark-2019.png\" class=\"attachment-original size-original\" alt=\"\" srcset=\"https:\/\/smartinthedark.com\/dk\/wp-content\/uploads\/sites\/7\/2019\/12\/produktion-smart-in-the-dark-2019.png 1512w, https:\/\/smartinthedark.com\/dk\/wp-content\/uploads\/sites\/7\/2019\/12\/produktion-smart-in-the-dark-2019-225x300.png 225w, https:\/\/smartinthedark.com\/dk\/wp-content\/uploads\/sites\/7\/2019\/12\/produktion-smart-in-the-dark-2019-768x1024.png 768w, https:\/\/smartinthedark.com\/dk\/wp-content\/uploads\/sites\/7\/2019\/12\/produktion-smart-in-the-dark-2019-600x800.png 600w\" sizes=\"auto, (max-width: 1512px) 100vw, 1512px\" \/>\t\t\t\t\t\t\n\t\t\t\t\t<\/div>\n\t\t\t\t\t\t\t\t\n<style>\n#image_2036020545 {\n  width: 90%;\n}\n<\/style>\n\t<\/div>\n\t\n\n\n\t\t<\/div>\n\t\t\t\t\t<\/div>\n\n\t\n\n<\/div>\n<p>Her er vores syerske-team fra fabrikken i Bulgarien. I vores produktion st\u00f8tter vi Bulgarian Aid Mission. L\u00e6s mere om, hvordan vi st\u00f8tter her <u><a href=\"http:\/\/aidmission.org\" target=\"_blank\" rel=\"noopener noreferrer\">aidmission.org<\/a><\/u><\/p>\n<h2 data-line-height=\"s\"><strong>Leverand\u00f8rer i Europa<\/strong><\/h2>\n<p>Vi \u00f8nsker at v\u00e6re t\u00e6t p\u00e5 vores leverand\u00f8rer. Vi fors\u00f8ger s\u00e5 vidt muligt at producere vores tekstiler i Europa. Det betyder en kortere transportrute og reduceret milj\u00f8p\u00e5virkning.<\/p>\n\n\t\t<\/div>\n\t\t\t\t\t<\/div>\n\n\t\n\n<\/div>\n\n","protected":false},"excerpt":{"rendered":"","protected":false},"author":1,"featured_media":0,"parent":2891,"menu_order":0,"comment_status":"closed","ping_status":"closed","template":"page-blank.php","meta":{"_trash_the_other_posts":false,"editor_notices":[],"footnotes":""},"class_list":["post-2921","page","type-page","status-publish","hentry"],"yoast_head":"<!-- This site is optimized with the Yoast SEO plugin v25.9 - https:\/\/yoast.com\/wordpress\/plugins\/seo\/ -->\n<title>B\u00e6redygtig produktion - Smart in the dark Dansk<\/title>\n<meta name=\"robots\" content=\"index, follow, max-snippet:-1, max-image-preview:large, max-video-preview:-1\" \/>\n<link rel=\"canonical\" href=\"https:\/\/smartinthedark.com\/dk\/om-os\/baeredygtig-produktion\/\" \/>\n<meta property=\"og:locale\" content=\"da_DK\" \/>\n<meta property=\"og:type\" content=\"article\" \/>\n<meta property=\"og:title\" content=\"B\u00e6redygtig produktion - Smart in the dark Dansk\" \/>\n<meta property=\"og:url\" content=\"https:\/\/smartinthedark.com\/dk\/om-os\/baeredygtig-produktion\/\" \/>\n<meta property=\"og:site_name\" content=\"Smart in the dark Dansk\" \/>\n<meta property=\"article:publisher\" content=\"https:\/\/www.facebook.com\/smartinthedark\/\" \/>\n<meta property=\"article:modified_time\" content=\"2019-12-03T08:01:31+00:00\" \/>\n<meta property=\"og:image\" content=\"https:\/\/smartinthedark.com\/dk\/wp-content\/uploads\/sites\/7\/2022\/10\/Cool-TjejBoy.arm_reflexer-1024x649-1.jpg\" \/>\n\t<meta property=\"og:image:width\" content=\"1024\" \/>\n\t<meta property=\"og:image:height\" content=\"649\" \/>\n\t<meta property=\"og:image:type\" content=\"image\/jpeg\" \/>\n<meta name=\"twitter:card\" content=\"summary_large_image\" \/>\n<meta name=\"twitter:label1\" content=\"Est. reading time\" \/>\n\t<meta name=\"twitter:data1\" content=\"2 minutes\" \/>\n<script type=\"application\/ld+json\" class=\"yoast-schema-graph\">{\"@context\":\"https:\/\/schema.org\",\"@graph\":[{\"@type\":\"WebPage\",\"@id\":\"https:\/\/smartinthedark.com\/dk\/om-os\/baeredygtig-produktion\/\",\"url\":\"https:\/\/smartinthedark.com\/dk\/om-os\/baeredygtig-produktion\/\",\"name\":\"B\u00e6redygtig produktion - Smart in the dark Dansk\",\"isPartOf\":{\"@id\":\"https:\/\/smartinthedark.com\/dk\/#website\"},\"datePublished\":\"2019-07-16T08:43:14+00:00\",\"dateModified\":\"2019-12-03T08:01:31+00:00\",\"breadcrumb\":{\"@id\":\"https:\/\/smartinthedark.com\/dk\/om-os\/baeredygtig-produktion\/#breadcrumb\"},\"inLanguage\":\"da-DK\",\"potentialAction\":[{\"@type\":\"ReadAction\",\"target\":[\"https:\/\/smartinthedark.com\/dk\/om-os\/baeredygtig-produktion\/\"]}]},{\"@type\":\"BreadcrumbList\",\"@id\":\"https:\/\/smartinthedark.com\/dk\/om-os\/baeredygtig-produktion\/#breadcrumb\",\"itemListElement\":[{\"@type\":\"ListItem\",\"position\":1,\"name\":\"Hem\",\"item\":\"https:\/\/smartinthedark.com\/dk\/\"},{\"@type\":\"ListItem\",\"position\":2,\"name\":\"Om os\",\"item\":\"https:\/\/smartinthedark.com\/dk\/om-os\/\"},{\"@type\":\"ListItem\",\"position\":3,\"name\":\"B\u00e6redygtig produktion\"}]},{\"@type\":\"WebSite\",\"@id\":\"https:\/\/smartinthedark.com\/dk\/#website\",\"url\":\"https:\/\/smartinthedark.com\/dk\/\",\"name\":\"Smart in the dark Dansk\",\"description\":\"\",\"potentialAction\":[{\"@type\":\"SearchAction\",\"target\":{\"@type\":\"EntryPoint\",\"urlTemplate\":\"https:\/\/smartinthedark.com\/dk\/?s={search_term_string}\"},\"query-input\":{\"@type\":\"PropertyValueSpecification\",\"valueRequired\":true,\"valueName\":\"search_term_string\"}}],\"inLanguage\":\"da-DK\"}]}<\/script>\n<!-- \/ Yoast SEO plugin. -->","yoast_head_json":{"title":"B\u00e6redygtig produktion - Smart in the dark Dansk","robots":{"index":"index","follow":"follow","max-snippet":"max-snippet:-1","max-image-preview":"max-image-preview:large","max-video-preview":"max-video-preview:-1"},"canonical":"https:\/\/smartinthedark.com\/dk\/om-os\/baeredygtig-produktion\/","og_locale":"da_DK","og_type":"article","og_title":"B\u00e6redygtig produktion - Smart in the dark Dansk","og_url":"https:\/\/smartinthedark.com\/dk\/om-os\/baeredygtig-produktion\/","og_site_name":"Smart in the dark Dansk","article_publisher":"https:\/\/www.facebook.com\/smartinthedark\/","article_modified_time":"2019-12-03T08:01:31+00:00","og_image":[{"width":1024,"height":649,"url":"https:\/\/smartinthedark.com\/dk\/wp-content\/uploads\/sites\/7\/2022\/10\/Cool-TjejBoy.arm_reflexer-1024x649-1.jpg","type":"image\/jpeg"}],"twitter_card":"summary_large_image","twitter_misc":{"Est. reading time":"2 minutes"},"schema":{"@context":"https:\/\/schema.org","@graph":[{"@type":"WebPage","@id":"https:\/\/smartinthedark.com\/dk\/om-os\/baeredygtig-produktion\/","url":"https:\/\/smartinthedark.com\/dk\/om-os\/baeredygtig-produktion\/","name":"B\u00e6redygtig produktion - Smart in the dark Dansk","isPartOf":{"@id":"https:\/\/smartinthedark.com\/dk\/#website"},"datePublished":"2019-07-16T08:43:14+00:00","dateModified":"2019-12-03T08:01:31+00:00","breadcrumb":{"@id":"https:\/\/smartinthedark.com\/dk\/om-os\/baeredygtig-produktion\/#breadcrumb"},"inLanguage":"da-DK","potentialAction":[{"@type":"ReadAction","target":["https:\/\/smartinthedark.com\/dk\/om-os\/baeredygtig-produktion\/"]}]},{"@type":"BreadcrumbList","@id":"https:\/\/smartinthedark.com\/dk\/om-os\/baeredygtig-produktion\/#breadcrumb","itemListElement":[{"@type":"ListItem","position":1,"name":"Hem","item":"https:\/\/smartinthedark.com\/dk\/"},{"@type":"ListItem","position":2,"name":"Om os","item":"https:\/\/smartinthedark.com\/dk\/om-os\/"},{"@type":"ListItem","position":3,"name":"B\u00e6redygtig produktion"}]},{"@type":"WebSite","@id":"https:\/\/smartinthedark.com\/dk\/#website","url":"https:\/\/smartinthedark.com\/dk\/","name":"Smart in the dark Dansk","description":"","potentialAction":[{"@type":"SearchAction","target":{"@type":"EntryPoint","urlTemplate":"https:\/\/smartinthedark.com\/dk\/?s={search_term_string}"},"query-input":{"@type":"PropertyValueSpecification","valueRequired":true,"valueName":"search_term_string"}}],"inLanguage":"da-DK"}]}},"_links":{"self":[{"href":"https:\/\/smartinthedark.com\/dk\/wp-json\/wp\/v2\/pages\/2921","targetHints":{"allow":["GET"]}}],"collection":[{"href":"https:\/\/smartinthedark.com\/dk\/wp-json\/wp\/v2\/pages"}],"about":[{"href":"https:\/\/smartinthedark.com\/dk\/wp-json\/wp\/v2\/types\/page"}],"author":[{"embeddable":true,"href":"https:\/\/smartinthedark.com\/dk\/wp-json\/wp\/v2\/users\/1"}],"replies":[{"embeddable":true,"href":"https:\/\/smartinthedark.com\/dk\/wp-json\/wp\/v2\/comments?post=2921"}],"version-history":[{"count":5,"href":"https:\/\/smartinthedark.com\/dk\/wp-json\/wp\/v2\/pages\/2921\/revisions"}],"predecessor-version":[{"id":24941,"href":"https:\/\/smartinthedark.com\/dk\/wp-json\/wp\/v2\/pages\/2921\/revisions\/24941"}],"up":[{"embeddable":true,"href":"https:\/\/smartinthedark.com\/dk\/wp-json\/wp\/v2\/pages\/2891"}],"wp:attachment":[{"href":"https:\/\/smartinthedark.com\/dk\/wp-json\/wp\/v2\/media?parent=2921"}],"curies":[{"name":"wp","href":"https:\/\/api.w.org\/{rel}","templated":true}]}}