{"id":2919,"date":"2019-07-16T10:42:45","date_gmt":"2019-07-16T08:42:45","guid":{"rendered":"https:\/\/smartinthedark.com\/?page_id=2919"},"modified":"2019-12-03T08:55:57","modified_gmt":"2019-12-03T07:55:57","slug":"vores-ide","status":"publish","type":"page","link":"https:\/\/smartinthedark.com\/dk\/om-os\/vores-ide\/","title":{"rendered":"Vores id\u00e9"},"content":{"rendered":"\n<div class=\"row\" style=\"max-width:1200px\" id=\"row-1230303395\">\n\n\n\t<div id=\"col-572315891\" class=\"col small-12 large-12\"  >\n\t\t\t\t<div class=\"col-inner\"  >\n\t\t\t\n\t\t\t\n\n\n  <div class=\"banner has-hover\" id=\"banner-1923548341\">\n          <div class=\"banner-inner fill\">\n        <div class=\"banner-bg fill\" >\n            <img loading=\"lazy\" decoding=\"async\" width=\"1630\" height=\"1697\" src=\"https:\/\/smartinthedark.com\/dk\/wp-content\/uploads\/sites\/7\/2019\/08\/Reflexm\u00f6ssa-med-m\u00f6nster-Smart-in-the-dark.jpg\" class=\"bg attachment-original size-original\" alt=\"\" \/>                                    \n                    <\/div>\n\t\t\n        <div class=\"banner-layers container\">\n            <div class=\"fill banner-link\"><\/div>            \n\n   <div id=\"text-box-136472791\" class=\"text-box banner-layer x50 md-x50 lg-x50 y50 md-y50 lg-y50 res-text\">\n                                <div class=\"text-box-content text dark text-shadow-1\">\n              \n              <div class=\"text-inner text-center\">\n                  \n\n<h1 style=\"text-align: center;\"><span class=\"titel-head\" style=\"font-size: 115%;\" data-line-height=\"xs\"><strong>Vores id\u00e9<\/strong><\/span><\/h1>\n\n              <\/div>\n           <\/div>\n                            \n<style>\n#text-box-136472791 {\n  width: 98%;\n}\n#text-box-136472791 .text-box-content {\n  font-size: 80%;\n}\n@media (min-width:550px) {\n  #text-box-136472791 {\n    width: 60%;\n  }\n  #text-box-136472791 .text-box-content {\n    font-size: 100%;\n  }\n}\n<\/style>\n    <\/div>\n \n\n        <\/div>\n      <\/div>\n\n            \n<style>\n#banner-1923548341 {\n  padding-top: 250px;\n}\n#banner-1923548341 .banner-bg img {\n  object-position: 31% 21%;\n}\n@media (min-width:550px) {\n  #banner-1923548341 {\n    padding-top: 600px;\n  }\n}\n<\/style>\n  <\/div>\n\n\n\t<div id=\"gap-1973985227\" class=\"gap-element clearfix\" style=\"display:block; height:auto;\">\n\t\t\n<style>\n#gap-1973985227 {\n  padding-top: 40px;\n}\n<\/style>\n\t<\/div>\n\t\n\n<nav class=\"breadcrumbs\"><a href=\"https:\/\/smartinthedark.com\/dk\/\">Hjem<\/a> <span class=\"divider\">\/<\/span> <a href=\"https:\/\/smartinthedark.com\/dk\/om-os\/\">Om os<\/a><span class=\"divider\">\/<\/span> Vores id\u00e9<\/nav>\n\n\t\t<\/div>\n\t\t\t\t\t<\/div>\n\n\t\n\n<\/div>\n\t<div id=\"gap-899407252\" class=\"gap-element clearfix\" style=\"display:block; height:auto;\">\n\t\t\n<style>\n#gap-899407252 {\n  padding-top: 20px;\n}\n<\/style>\n\t<\/div>\n\t\n\n<div class=\"row align-middle align-center\"  id=\"row-315480556\">\n\n\n\t<div id=\"col-1226684605\" class=\"col small-12 large-12\"  >\n\t\t\t\t<div class=\"col-inner text-left\"  >\n\t\t\t\n\t\t\t\n\n<div class=\"row align-middle align-center\"  id=\"row-552519198\">\n\n\n\t<div id=\"col-21314429\" class=\"col medium-8 small-12 large-8\"  >\n\t\t\t\t<div class=\"col-inner\"  >\n\t\t\t\n\t\t\t\n\n<p style=\"text-align: left;\"><strong><span style=\"font-size: 160%;\" data-line-height=\"xs\">Forretningskoncept<br \/><\/span><\/strong>Vores forretningskoncept er at designe og tilbyde synlige, sikre og stilfulde refleksioner til den velkl\u00e6dte kvinde og mand. Vi skaber sikre m\u00f8der i trafikken mellem fodg\u00e6ngere, cyklister og bilister.<\/p>\n<p style=\"text-align: left;\"><strong><span style=\"font-size: 160%;\">Mission<br \/><\/span><\/strong>Vores mission er at skabe sikre m\u00f8der og sikkerhed i trafikken takket v\u00e6re designede reflekser, som folk har lyst til at b\u00e6re.<\/p>\n<p style=\"text-align: left;\"><strong><span style=\"font-size: 160%;\">Passion<br \/><\/span><\/strong>Smart in the dark er en passion for sikre og str\u00e5lende m\u00f8der i trafikken. Vores passion er pleje, sikkerhed og design. Med disse v\u00e6rdier \u00f8nsker vi at skabe sikkerhed for alle trafikanter. V\u00e6r forsigtige med hinanden, for alle er vi v\u00e6rdifulde.<\/p>\n<p style=\"text-align: left;\"><span style=\"font-size: 160%;\"><strong>Vision<br \/><\/strong><\/span>Vores vision er, at alle i trafikken skal \u00f8nske at v\u00e6re synlige i trafikken.<\/p>\n<p style=\"text-align: left;\">&nbsp;<\/p>\n\n\t\t<\/div>\n\t\t\t\t\t<\/div>\n\n\t\n\n<\/div>\n\n\t\t<\/div>\n\t\t\t\t\t<\/div>\n\n\t\n\n<\/div>\n\n","protected":false},"excerpt":{"rendered":"","protected":false},"author":1,"featured_media":0,"parent":2891,"menu_order":0,"comment_status":"closed","ping_status":"closed","template":"page-blank.php","meta":{"_trash_the_other_posts":false,"editor_notices":[],"footnotes":""},"class_list":["post-2919","page","type-page","status-publish","hentry"],"yoast_head":"<!-- This site is optimized with the Yoast SEO plugin v25.9 - https:\/\/yoast.com\/wordpress\/plugins\/seo\/ -->\n<title>Vores id\u00e9 - Smart in the dark Dansk<\/title>\n<meta name=\"robots\" content=\"index, follow, max-snippet:-1, max-image-preview:large, max-video-preview:-1\" \/>\n<link rel=\"canonical\" href=\"https:\/\/smartinthedark.com\/dk\/om-os\/vores-ide\/\" \/>\n<meta property=\"og:locale\" content=\"da_DK\" \/>\n<meta property=\"og:type\" content=\"article\" \/>\n<meta property=\"og:title\" content=\"Vores id\u00e9 - Smart in the dark Dansk\" \/>\n<meta property=\"og:url\" content=\"https:\/\/smartinthedark.com\/dk\/om-os\/vores-ide\/\" \/>\n<meta property=\"og:site_name\" content=\"Smart in the dark Dansk\" \/>\n<meta property=\"article:publisher\" content=\"https:\/\/www.facebook.com\/smartinthedark\/\" \/>\n<meta property=\"article:modified_time\" content=\"2019-12-03T07:55:57+00:00\" \/>\n<meta property=\"og:image\" content=\"https:\/\/smartinthedark.com\/dk\/wp-content\/uploads\/sites\/7\/2022\/10\/Cool-TjejBoy.arm_reflexer-1024x649-1.jpg\" \/>\n\t<meta property=\"og:image:width\" content=\"1024\" \/>\n\t<meta property=\"og:image:height\" content=\"649\" \/>\n\t<meta property=\"og:image:type\" content=\"image\/jpeg\" \/>\n<meta name=\"twitter:card\" content=\"summary_large_image\" \/>\n<meta name=\"twitter:label1\" content=\"Est. reading time\" \/>\n\t<meta name=\"twitter:data1\" content=\"1 minute\" \/>\n<script type=\"application\/ld+json\" class=\"yoast-schema-graph\">{\"@context\":\"https:\/\/schema.org\",\"@graph\":[{\"@type\":\"WebPage\",\"@id\":\"https:\/\/smartinthedark.com\/dk\/om-os\/vores-ide\/\",\"url\":\"https:\/\/smartinthedark.com\/dk\/om-os\/vores-ide\/\",\"name\":\"Vores id\u00e9 - Smart in the dark Dansk\",\"isPartOf\":{\"@id\":\"https:\/\/smartinthedark.com\/dk\/#website\"},\"datePublished\":\"2019-07-16T08:42:45+00:00\",\"dateModified\":\"2019-12-03T07:55:57+00:00\",\"breadcrumb\":{\"@id\":\"https:\/\/smartinthedark.com\/dk\/om-os\/vores-ide\/#breadcrumb\"},\"inLanguage\":\"da-DK\",\"potentialAction\":[{\"@type\":\"ReadAction\",\"target\":[\"https:\/\/smartinthedark.com\/dk\/om-os\/vores-ide\/\"]}]},{\"@type\":\"BreadcrumbList\",\"@id\":\"https:\/\/smartinthedark.com\/dk\/om-os\/vores-ide\/#breadcrumb\",\"itemListElement\":[{\"@type\":\"ListItem\",\"position\":1,\"name\":\"Hem\",\"item\":\"https:\/\/smartinthedark.com\/dk\/\"},{\"@type\":\"ListItem\",\"position\":2,\"name\":\"Om os\",\"item\":\"https:\/\/smartinthedark.com\/dk\/om-os\/\"},{\"@type\":\"ListItem\",\"position\":3,\"name\":\"Vores id\u00e9\"}]},{\"@type\":\"WebSite\",\"@id\":\"https:\/\/smartinthedark.com\/dk\/#website\",\"url\":\"https:\/\/smartinthedark.com\/dk\/\",\"name\":\"Smart in the dark Dansk\",\"description\":\"\",\"potentialAction\":[{\"@type\":\"SearchAction\",\"target\":{\"@type\":\"EntryPoint\",\"urlTemplate\":\"https:\/\/smartinthedark.com\/dk\/?s={search_term_string}\"},\"query-input\":{\"@type\":\"PropertyValueSpecification\",\"valueRequired\":true,\"valueName\":\"search_term_string\"}}],\"inLanguage\":\"da-DK\"}]}<\/script>\n<!-- \/ Yoast SEO plugin. -->","yoast_head_json":{"title":"Vores id\u00e9 - Smart in the dark Dansk","robots":{"index":"index","follow":"follow","max-snippet":"max-snippet:-1","max-image-preview":"max-image-preview:large","max-video-preview":"max-video-preview:-1"},"canonical":"https:\/\/smartinthedark.com\/dk\/om-os\/vores-ide\/","og_locale":"da_DK","og_type":"article","og_title":"Vores id\u00e9 - Smart in the dark Dansk","og_url":"https:\/\/smartinthedark.com\/dk\/om-os\/vores-ide\/","og_site_name":"Smart in the dark Dansk","article_publisher":"https:\/\/www.facebook.com\/smartinthedark\/","article_modified_time":"2019-12-03T07:55:57+00:00","og_image":[{"width":1024,"height":649,"url":"https:\/\/smartinthedark.com\/dk\/wp-content\/uploads\/sites\/7\/2022\/10\/Cool-TjejBoy.arm_reflexer-1024x649-1.jpg","type":"image\/jpeg"}],"twitter_card":"summary_large_image","twitter_misc":{"Est. reading time":"1 minute"},"schema":{"@context":"https:\/\/schema.org","@graph":[{"@type":"WebPage","@id":"https:\/\/smartinthedark.com\/dk\/om-os\/vores-ide\/","url":"https:\/\/smartinthedark.com\/dk\/om-os\/vores-ide\/","name":"Vores id\u00e9 - Smart in the dark Dansk","isPartOf":{"@id":"https:\/\/smartinthedark.com\/dk\/#website"},"datePublished":"2019-07-16T08:42:45+00:00","dateModified":"2019-12-03T07:55:57+00:00","breadcrumb":{"@id":"https:\/\/smartinthedark.com\/dk\/om-os\/vores-ide\/#breadcrumb"},"inLanguage":"da-DK","potentialAction":[{"@type":"ReadAction","target":["https:\/\/smartinthedark.com\/dk\/om-os\/vores-ide\/"]}]},{"@type":"BreadcrumbList","@id":"https:\/\/smartinthedark.com\/dk\/om-os\/vores-ide\/#breadcrumb","itemListElement":[{"@type":"ListItem","position":1,"name":"Hem","item":"https:\/\/smartinthedark.com\/dk\/"},{"@type":"ListItem","position":2,"name":"Om os","item":"https:\/\/smartinthedark.com\/dk\/om-os\/"},{"@type":"ListItem","position":3,"name":"Vores id\u00e9"}]},{"@type":"WebSite","@id":"https:\/\/smartinthedark.com\/dk\/#website","url":"https:\/\/smartinthedark.com\/dk\/","name":"Smart in the dark Dansk","description":"","potentialAction":[{"@type":"SearchAction","target":{"@type":"EntryPoint","urlTemplate":"https:\/\/smartinthedark.com\/dk\/?s={search_term_string}"},"query-input":{"@type":"PropertyValueSpecification","valueRequired":true,"valueName":"search_term_string"}}],"inLanguage":"da-DK"}]}},"_links":{"self":[{"href":"https:\/\/smartinthedark.com\/dk\/wp-json\/wp\/v2\/pages\/2919","targetHints":{"allow":["GET"]}}],"collection":[{"href":"https:\/\/smartinthedark.com\/dk\/wp-json\/wp\/v2\/pages"}],"about":[{"href":"https:\/\/smartinthedark.com\/dk\/wp-json\/wp\/v2\/types\/page"}],"author":[{"embeddable":true,"href":"https:\/\/smartinthedark.com\/dk\/wp-json\/wp\/v2\/users\/1"}],"replies":[{"embeddable":true,"href":"https:\/\/smartinthedark.com\/dk\/wp-json\/wp\/v2\/comments?post=2919"}],"version-history":[{"count":4,"href":"https:\/\/smartinthedark.com\/dk\/wp-json\/wp\/v2\/pages\/2919\/revisions"}],"predecessor-version":[{"id":24937,"href":"https:\/\/smartinthedark.com\/dk\/wp-json\/wp\/v2\/pages\/2919\/revisions\/24937"}],"up":[{"embeddable":true,"href":"https:\/\/smartinthedark.com\/dk\/wp-json\/wp\/v2\/pages\/2891"}],"wp:attachment":[{"href":"https:\/\/smartinthedark.com\/dk\/wp-json\/wp\/v2\/media?parent=2919"}],"curies":[{"name":"wp","href":"https:\/\/api.w.org\/{rel}","templated":true}]}}