{"id":2905,"date":"2019-07-16T10:26:10","date_gmt":"2019-07-16T08:26:10","guid":{"rendered":"https:\/\/smartinthedark.com\/?page_id=2905"},"modified":"2019-12-03T08:47:52","modified_gmt":"2019-12-03T07:47:52","slug":"sikkerhed","status":"publish","type":"page","link":"https:\/\/smartinthedark.com\/dk\/om-os\/sikkerhed\/","title":{"rendered":"Sikkerhed"},"content":{"rendered":"\n<div class=\"row\" style=\"max-width:1200px\" id=\"row-532356744\">\n\n\n\t<div id=\"col-2041958579\" class=\"col small-12 large-12\"  >\n\t\t\t\t<div class=\"col-inner\"  >\n\t\t\t\n\t\t\t\n\n\n  <div class=\"banner has-hover\" id=\"banner-1023611674\">\n          <div class=\"banner-inner fill\">\n        <div class=\"banner-bg fill\" >\n            <img loading=\"lazy\" decoding=\"async\" width=\"1920\" height=\"700\" src=\"https:\/\/smartinthedark.com\/dk\/wp-content\/uploads\/sites\/7\/2019\/08\/smart-in-the-dark-hero.png\" class=\"bg attachment-original size-original\" alt=\"\" \/>                                    \n                    <\/div>\n\t\t\n        <div class=\"banner-layers container\">\n            <div class=\"fill banner-link\"><\/div>            \n\n   <div id=\"text-box-1339123704\" class=\"text-box banner-layer x50 md-x50 lg-x50 y50 md-y50 lg-y50 res-text\">\n                                <div class=\"text-box-content text dark\">\n              \n              <div class=\"text-inner text-center\">\n                  \n\n<p style=\"text-align: center;\"><span class=\"titel-head\" style=\"font-size: 400%;\" data-line-height=\"xs\"><strong>Sikkerhed<\/strong><\/span><\/p>\n\n              <\/div>\n           <\/div>\n                            \n<style>\n#text-box-1339123704 {\n  width: 98%;\n}\n#text-box-1339123704 .text-box-content {\n  font-size: 80%;\n}\n@media (min-width:550px) {\n  #text-box-1339123704 {\n    width: 60%;\n  }\n  #text-box-1339123704 .text-box-content {\n    font-size: 100%;\n  }\n}\n<\/style>\n    <\/div>\n \n\n        <\/div>\n      <\/div>\n\n            \n<style>\n#banner-1023611674 {\n  padding-top: 250px;\n}\n#banner-1023611674 .banner-bg img {\n  object-position: 47% 21%;\n}\n@media (min-width:550px) {\n  #banner-1023611674 {\n    padding-top: 600px;\n  }\n}\n<\/style>\n  <\/div>\n\n\n\t<div id=\"gap-91135124\" class=\"gap-element clearfix\" style=\"display:block; height:auto;\">\n\t\t\n<style>\n#gap-91135124 {\n  padding-top: 40px;\n}\n<\/style>\n\t<\/div>\n\t\n\n<nav class=\"breadcrumbs\"><a href=\"https:\/\/smartinthedark.com\/dk\/\">Hjem<\/a> <span class=\"divider\">\/<\/span> <a href=\"https:\/\/smartinthedark.com\/dk\/om-os\/\">Om os<\/a><span class=\"divider\">\/<\/span> Sikkerhed<\/nav>\n\n\t\t<\/div>\n\t\t\t\t\t<\/div>\n\n\t\n\n<\/div>\n\t<div id=\"gap-33698641\" class=\"gap-element clearfix\" style=\"display:block; height:auto;\">\n\t\t\n<style>\n#gap-33698641 {\n  padding-top: 20px;\n}\n<\/style>\n\t<\/div>\n\t\n\n<div class=\"row align-middle align-center\"  id=\"row-168523016\">\n\n\n\t<div id=\"col-428107288\" class=\"col medium-8 small-12 large-8\"  >\n\t\t\t\t<div class=\"col-inner text-left\"  >\n\t\t\t\n\t\t\t\n\n<h1><span style=\"font-size: 150%;\">Designede reflekser til din sikkerhed<\/span><\/h1>\n<p><span style=\"font-size: 24px;\">Vidste du, at 40% af alle bilulykker med fodg\u00e6ngere sker i m\u00f8rke i t\u00e6t befolkede omr\u00e5der? For at f\u00e5 dig til at f\u00f8le dig sikker i trafikken og synlig i alle situationer, har vi skabt og designet refleksprodukter, der er baseret p\u00e5 tre enkle ord, synlighed, sikkerhed og stilfuldhed. Ideen er, at du vil b\u00e6re dem til fest, til arbejde og i fritiden. Brug af reflekser er en enkel og smart m\u00e5de at blive set i trafikken. Her kan du l\u00e6se om vores syn p\u00e5 sikkerhed. Og f\u00e5 nogle tips!<\/span><\/p>\n<h2 style=\"text-align: left;\"><strong>Reflekser, der redder liv<\/strong><\/h2>\n<p style=\"text-align: left;\">Vores reflekser g\u00f8r, at du er synlig i m\u00f8rket selv p\u00e5 mere end 125 meters afstand.. De er lavet af 3M Scotchlite, som er et af de sikreste og bedste refleks materialer p\u00e5 markedet. Alle produkter testes hos SP,RISE (Research Institutes of Sweden) og certificeres i henhold til EN 13356 (person reflekser). Alle vores reflekser er CE-m\u00e6rkede.<\/p>\n\t<div class=\"img has-hover img-border x md-x lg-x y md-y lg-y\" id=\"image_994142024\">\n\t\t\t\t\t\t\t\t<div class=\"img-inner image-cover dark\" style=\"padding-top:50%;\">\n\t\t\t<img loading=\"lazy\" decoding=\"async\" width=\"1600\" height=\"1200\" src=\"https:\/\/smartinthedark.com\/dk\/wp-content\/uploads\/sites\/7\/2019\/06\/Gymbag-Ryggs\u00e4ck-med-reflex-Smart-in-the-dark-1.jpg\" class=\"attachment-original size-original\" alt=\"\" srcset=\"https:\/\/smartinthedark.com\/dk\/wp-content\/uploads\/sites\/7\/2019\/06\/Gymbag-Ryggs\u00e4ck-med-reflex-Smart-in-the-dark-1.jpg 1600w, https:\/\/smartinthedark.com\/dk\/wp-content\/uploads\/sites\/7\/2019\/06\/Gymbag-Ryggs\u00e4ck-med-reflex-Smart-in-the-dark-1-300x225.jpg 300w, https:\/\/smartinthedark.com\/dk\/wp-content\/uploads\/sites\/7\/2019\/06\/Gymbag-Ryggs\u00e4ck-med-reflex-Smart-in-the-dark-1-768x576.jpg 768w, https:\/\/smartinthedark.com\/dk\/wp-content\/uploads\/sites\/7\/2019\/06\/Gymbag-Ryggs\u00e4ck-med-reflex-Smart-in-the-dark-1-1024x768.jpg 1024w, https:\/\/smartinthedark.com\/dk\/wp-content\/uploads\/sites\/7\/2019\/06\/Gymbag-Ryggs\u00e4ck-med-reflex-Smart-in-the-dark-1-600x450.jpg 600w\" sizes=\"auto, (max-width: 1600px) 100vw, 1600px\" \/>\t\t\t\t\t\t\n\t\t\t\t\t<\/div>\n\t\t\t\t\t\t\t\t\n<style>\n#image_994142024 {\n  width: 100%;\n}\n<\/style>\n\t<\/div>\n\t\n\n\t<div id=\"gap-228933250\" class=\"gap-element clearfix\" style=\"display:block; height:auto;\">\n\t\t\n<style>\n#gap-228933250 {\n  padding-top: 25px;\n}\n<\/style>\n\t<\/div>\n\t\n\n<h2><strong>Reflekser fra top til t\u00e5<\/strong><\/h2>\n<p>Kollektionen indeholder fem refleksm\u00f8nstre i et nordisk tema,Multeb\u00e6r, Flet, Bjergtop, Nordlys og Tytteb\u00e6r. Du finder temaet p\u00e5 alt tilbeh\u00f8r. P\u00e5 huer, tasker, b\u00e6lter, sjal og armbind. Ogs\u00e5 som et smart tilbeh\u00f8r til at s\u00e6tte p\u00e5 tasken. Se kollektionen i vores webshop. <u><a href=\"https:\/\/smartinthedark.com\/dk\/webshop\/\">webshop<\/a><\/u>.<\/p>\n<h2><strong>Tips til at se godt ud i trafikken:<\/strong><\/h2>\n<ul>\n<li>B\u00e6r reflekser p\u00e5 b\u00e5de h\u00f8jre og venstre side<\/li>\n<li>Brug reflekser, der g\u00f8r dig synlig i alle retninger.<\/li>\n<li>Brug reflekser p\u00e5 bev\u00e6gelige dele, s\u00e5som arme og ben<\/li>\n<li>Brug en CE-m\u00e6rket refleks som Smart in the dark<\/li>\n<\/ul>\n\t<div id=\"gap-832134995\" class=\"gap-element clearfix\" style=\"display:block; height:auto;\">\n\t\t\n<style>\n#gap-832134995 {\n  padding-top: 30px;\n}\n<\/style>\n\t<\/div>\n\t\n\n\n\t\t<\/div>\n\t\t\t\t\t<\/div>\n\n\t\n\n<\/div>\n\n\t<section class=\"section\" id=\"section_2098856225\">\n\t\t<div class=\"section-bg fill\" >\n\t\t\t\t\t\t\t\t\t\n\t\t\t\n\n\t\t<\/div>\n\n\t\t\n\n\t\t<div class=\"section-content relative\">\n\t\t\t\n\n<div class=\"row align-middle align-center\"  id=\"row-2017853711\">\n\n\n\t<div id=\"col-417881243\" class=\"col medium-4 small-12 large-4\"  >\n\t\t\t\t<div class=\"col-inner\"  >\n\t\t\t\n\t\t\t\n\n\t<div class=\"img has-hover img-border x md-x lg-x y md-y lg-y\" id=\"image_163049335\">\n\t\t\t\t\t\t\t\t<div class=\"img-inner image-cover dark\" style=\"padding-top:100%;\">\n\t\t\t<img loading=\"lazy\" decoding=\"async\" width=\"533\" height=\"800\" src=\"https:\/\/smartinthedark.com\/dk\/wp-content\/uploads\/sites\/7\/2019\/07\/opt_kvinna-i-sjal-med-reflex-Smart-in-the-dark-533x800.jpg\" class=\"attachment-original size-original\" alt=\"\" srcset=\"https:\/\/smartinthedark.com\/dk\/wp-content\/uploads\/sites\/7\/2019\/07\/opt_kvinna-i-sjal-med-reflex-Smart-in-the-dark-533x800.jpg 533w, https:\/\/smartinthedark.com\/dk\/wp-content\/uploads\/sites\/7\/2019\/07\/opt_kvinna-i-sjal-med-reflex-Smart-in-the-dark-533x800-200x300.jpg 200w\" sizes=\"auto, (max-width: 533px) 100vw, 533px\" \/>\t\t\t\t\t\t\n\t\t\t\t\t<\/div>\n\t\t\t\t\t\t\t\t\n<style>\n#image_163049335 {\n  width: 100%;\n}\n<\/style>\n\t<\/div>\n\t\n\n\n\t\t<\/div>\n\t\t\t\t\t<\/div>\n\n\t\n\n\t<div id=\"col-1459076435\" class=\"col medium-4 small-12 large-4\"  >\n\t\t\t\t<div class=\"col-inner\"  >\n\t\t\t\n\t\t\t\n\n<h2 class=\"entry-title\">Polisen Tess gillar upplysta m\u00e4nniskor<\/h2>\n<p>Terese Lago \u00e4r polisen som i medierna blev k\u00e4nd f\u00f6r att hon l\u00e4ste sagor f\u00f6r ankommande flyktingbarn p\u00e5 Malm\u00f6 central h\u00f6sten 2015.<br \/>\u2013 Ja, det var en hel del uppm\u00e4rksamhet d\u00e5. Det mesta var v\u00e4ldigt positivt, dock var det en del som tyckte att polisen skulle g\u00f6ra annat, \u201dta fast buset och s\u00e5 vidare\u201d.<\/p>\n<a href=\"https:\/\/smartinthedark.com\/polisen-tess-gillar-upplysta-manniskor\/\" class=\"button primary\" >\n\t\t<span>L\u00e4s vidare<\/span>\n\t<\/a>\n\n\n\n\t\t<\/div>\n\t\t\t\t\t<\/div>\n\n\t\n\n<\/div>\n\n\t\t<\/div>\n\n\t\t\n<style>\n#section_2098856225 {\n  padding-top: 0px;\n  padding-bottom: 0px;\n}\n<\/style>\n\t<\/section>\n\t\n\n\t<section class=\"section\" id=\"section_1266319230\">\n\t\t<div class=\"section-bg fill\" >\n\t\t\t\t\t\t\t\t\t\n\t\t\t\n\n\t\t<\/div>\n\n\t\t\n\n\t\t<div class=\"section-content relative\">\n\t\t\t\n\n\t<div id=\"gap-640989916\" class=\"gap-element clearfix hide-for-medium\" style=\"display:block; height:auto;\">\n\t\t\n<style>\n#gap-640989916 {\n  padding-top: 30px;\n}\n<\/style>\n\t<\/div>\n\t\n\n<div class=\"row align-center\"  id=\"row-1630639329\">\n\n\n\t<div id=\"col-621705882\" class=\"col medium-4 small-12 large-4\"  >\n\t\t\t\t<div class=\"col-inner\"  >\n\t\t\t\n\t\t\t\n\n<h2 class=\"entry-title\">Fyra s\u00e4kerhetstips om reflexer<\/h2>\n<h3 class=\"entry-title\" data-line-height=\"s\">En Intervju med G\u00f6sta Werner<\/h3>\n<p>Idag saknas reflexen fr\u00e5n m\u00e5ngas h\u00f6st- och vinterkl\u00e4dsel. Vi s\u00e4tter dem p\u00e5 v\u00e5ra barn, men gl\u00f6mmer bort att s\u00e4tta den p\u00e5 v\u00e5ra egna kl\u00e4der.<\/p>\n<p>Ist\u00e4llet g\u00e5r vi ut i svarta vinterkl\u00e4der i tron att n\u00e4rmaste lyktstolpe ska signalera v\u00e5r n\u00e4rvaro till bilisten. Men utan en reflex syns du f\u00f6rst p\u00e5 25 meters avst\u00e5nd, vilket \u00e4r f\u00f6r kort tid f\u00f6r att en bilist ska hinna reagera i tid och stanna. Varf\u00f6r \u00e4r det s\u00e5?&nbsp;<\/p>\n<a href=\"https:\/\/smartinthedark.com\/fyra-sakerhetstips-om-reflexer-en-intervju-med-gosta-werner\/\" class=\"button primary\" >\n\t\t<span>L\u00e4s vidare<\/span>\n\t<\/a>\n\n\n\n\t\t<\/div>\n\t\t\t\t\t<\/div>\n\n\t\n\n\t<div id=\"col-1896672123\" class=\"col medium-4 small-12 large-4\"  >\n\t\t\t\t<div class=\"col-inner\"  >\n\t\t\t\n\t\t\t\n\n\t<div class=\"img has-hover img-border x md-x lg-x y md-y lg-y\" id=\"image_404217577\">\n\t\t\t\t\t\t\t\t<div class=\"img-inner image-cover dark\" style=\"padding-top:101%;\">\n\t\t\t<img loading=\"lazy\" decoding=\"async\" width=\"4104\" height=\"2835\" src=\"https:\/\/smartinthedark.com\/dk\/wp-content\/uploads\/sites\/7\/2019\/12\/Reflexm\u00f6ssa-i-m\u00f6nster-av-norrsken-Smart-in-the-dark.jpg\" class=\"attachment-original size-original\" alt=\"\" srcset=\"https:\/\/smartinthedark.com\/dk\/wp-content\/uploads\/sites\/7\/2019\/12\/Reflexm\u00f6ssa-i-m\u00f6nster-av-norrsken-Smart-in-the-dark.jpg 4104w, https:\/\/smartinthedark.com\/dk\/wp-content\/uploads\/sites\/7\/2019\/12\/Reflexm\u00f6ssa-i-m\u00f6nster-av-norrsken-Smart-in-the-dark-300x207.jpg 300w, https:\/\/smartinthedark.com\/dk\/wp-content\/uploads\/sites\/7\/2019\/12\/Reflexm\u00f6ssa-i-m\u00f6nster-av-norrsken-Smart-in-the-dark-768x531.jpg 768w, https:\/\/smartinthedark.com\/dk\/wp-content\/uploads\/sites\/7\/2019\/12\/Reflexm\u00f6ssa-i-m\u00f6nster-av-norrsken-Smart-in-the-dark-1024x707.jpg 1024w, https:\/\/smartinthedark.com\/dk\/wp-content\/uploads\/sites\/7\/2019\/12\/Reflexm\u00f6ssa-i-m\u00f6nster-av-norrsken-Smart-in-the-dark-600x414.jpg 600w\" sizes=\"auto, (max-width: 4104px) 100vw, 4104px\" \/>\t\t\t\t\t\t\n\t\t\t\t\t<\/div>\n\t\t\t\t\t\t\t\t\n<style>\n#image_404217577 {\n  width: 100%;\n}\n<\/style>\n\t<\/div>\n\t\n\n\n\t\t<\/div>\n\t\t\t\t\t<\/div>\n\n\t\n\n<\/div>\n\n\t\t<\/div>\n\n\t\t\n<style>\n#section_1266319230 {\n  padding-top: 30px;\n  padding-bottom: 30px;\n}\n<\/style>\n\t<\/section>\n\t\n\n\t<section class=\"section\" id=\"section_437579901\">\n\t\t<div class=\"section-bg fill\" >\n\t\t\t\t\t\t\t\t\t\n\t\t\t\n\n\t\t<\/div>\n\n\t\t\n\n\t\t<div class=\"section-content relative\">\n\t\t\t\n\n<div class=\"row align-center\"  id=\"row-132847053\">\n\n\n\t<div id=\"col-1142004499\" class=\"col medium-4 small-12 large-4\"  >\n\t\t\t\t<div class=\"col-inner\"  >\n\t\t\t\n\t\t\t\n\n\t<div class=\"img has-hover img-border x md-x lg-x y md-y lg-y\" id=\"image_1412934167\">\n\t\t\t\t\t\t\t\t<div class=\"img-inner image-cover dark\" style=\"padding-top:60%;\">\n\t\t\t<img loading=\"lazy\" decoding=\"async\" width=\"4119\" height=\"2978\" src=\"https:\/\/smartinthedark.com\/dk\/wp-content\/uploads\/sites\/7\/2019\/12\/M\u00f6ssa-i-reflex-Smart-in-the-dark.jpg\" class=\"attachment-original size-original\" alt=\"\" srcset=\"https:\/\/smartinthedark.com\/dk\/wp-content\/uploads\/sites\/7\/2019\/12\/M\u00f6ssa-i-reflex-Smart-in-the-dark.jpg 4119w, https:\/\/smartinthedark.com\/dk\/wp-content\/uploads\/sites\/7\/2019\/12\/M\u00f6ssa-i-reflex-Smart-in-the-dark-300x217.jpg 300w, https:\/\/smartinthedark.com\/dk\/wp-content\/uploads\/sites\/7\/2019\/12\/M\u00f6ssa-i-reflex-Smart-in-the-dark-768x555.jpg 768w, https:\/\/smartinthedark.com\/dk\/wp-content\/uploads\/sites\/7\/2019\/12\/M\u00f6ssa-i-reflex-Smart-in-the-dark-1024x740.jpg 1024w, https:\/\/smartinthedark.com\/dk\/wp-content\/uploads\/sites\/7\/2019\/12\/M\u00f6ssa-i-reflex-Smart-in-the-dark-600x434.jpg 600w\" sizes=\"auto, (max-width: 4119px) 100vw, 4119px\" \/>\t\t\t\t\t\t\n\t\t\t\t\t<\/div>\n\t\t\t\t\t\t\t\t\n<style>\n#image_1412934167 {\n  width: 100%;\n}\n<\/style>\n\t<\/div>\n\t\n\n<h2 class=\"entry-title\">En s\u00e4krare v\u00e4rld<\/h2>\n<p>Vi befinner oss i en ny situation idag n\u00e4r vi vistas ute b\u00e5de i stan och p\u00e5 landsbygden.&nbsp;<\/p>\n<a href=\"https:\/\/smartinthedark.com\/en-sakrare-varld\/\" class=\"button primary\" >\n\t\t<span>L\u00e4s vidare<\/span>\n\t<\/a>\n\n\n\n\t\t<\/div>\n\t\t\t\t\t<\/div>\n\n\t\n\n\t<div id=\"col-1871314777\" class=\"col medium-4 small-12 large-4\"  >\n\t\t\t\t<div class=\"col-inner\"  >\n\t\t\t\n\t\t\t\n\n\t<div class=\"img has-hover img-border x md-x lg-x y md-y lg-y\" id=\"image_1180706256\">\n\t\t\t\t\t\t\t\t<div class=\"img-inner image-cover dark\" style=\"padding-top:60%;\">\n\t\t\t<img loading=\"lazy\" decoding=\"async\" width=\"500\" height=\"500\" src=\"https:\/\/smartinthedark.com\/dk\/wp-content\/uploads\/sites\/7\/2019\/06\/Mossa-och-Vaska-600x600-500x500.jpg\" class=\"attachment-original size-original\" alt=\"\" srcset=\"https:\/\/smartinthedark.com\/dk\/wp-content\/uploads\/sites\/7\/2019\/06\/Mossa-och-Vaska-600x600-500x500.jpg 500w, https:\/\/smartinthedark.com\/dk\/wp-content\/uploads\/sites\/7\/2019\/06\/Mossa-och-Vaska-600x600-500x500-300x300.jpg 300w, https:\/\/smartinthedark.com\/dk\/wp-content\/uploads\/sites\/7\/2019\/06\/Mossa-och-Vaska-600x600-500x500-150x150.jpg 150w, https:\/\/smartinthedark.com\/dk\/wp-content\/uploads\/sites\/7\/2019\/06\/Mossa-och-Vaska-600x600-500x500-247x247.jpg 247w\" sizes=\"auto, (max-width: 500px) 100vw, 500px\" \/>\t\t\t\t\t\t\n\t\t\t\t\t<\/div>\n\t\t\t\t\t\t\t\t\n<style>\n#image_1180706256 {\n  width: 100%;\n}\n<\/style>\n\t<\/div>\n\t\n\n<h2 class=\"entry-title\">Rawness testar Smart in the dark reflexer<\/h2>\n<p>Rawness \u00e4r en portal som tar upp produkter och annat som inspirerar till en aktiv livsstil.&nbsp;<\/p>\n<a href=\"https:\/\/smartinthedark.com\/rawness-testar-smart-in-the-dark-reflexer\/\" class=\"button primary\" >\n\t\t<span>L\u00e4s vidare<\/span>\n\t<\/a>\n\n\n\n\t\t<\/div>\n\t\t\t\t\t<\/div>\n\n\t\n\n<\/div>\n\n\t\t<\/div>\n\n\t\t\n<style>\n#section_437579901 {\n  padding-top: 10px;\n  padding-bottom: 10px;\n}\n@media (min-width:550px) {\n  #section_437579901 {\n    padding-top: 60px;\n    padding-bottom: 60px;\n  }\n}\n<\/style>\n\t<\/section>\n\t\n\n","protected":false},"excerpt":{"rendered":"","protected":false},"author":1,"featured_media":0,"parent":2891,"menu_order":0,"comment_status":"closed","ping_status":"closed","template":"page-blank.php","meta":{"_trash_the_other_posts":false,"editor_notices":[],"footnotes":""},"class_list":["post-2905","page","type-page","status-publish","hentry"],"yoast_head":"<!-- This site is optimized with the Yoast SEO plugin v25.9 - https:\/\/yoast.com\/wordpress\/plugins\/seo\/ -->\n<title>Sikkerhed - Smart in the dark Dansk<\/title>\n<meta name=\"robots\" content=\"index, follow, max-snippet:-1, max-image-preview:large, max-video-preview:-1\" \/>\n<link rel=\"canonical\" href=\"https:\/\/smartinthedark.com\/dk\/om-os\/sikkerhed\/\" \/>\n<meta property=\"og:locale\" content=\"da_DK\" \/>\n<meta property=\"og:type\" content=\"article\" \/>\n<meta property=\"og:title\" content=\"Sikkerhed - Smart in the dark Dansk\" \/>\n<meta property=\"og:url\" content=\"https:\/\/smartinthedark.com\/dk\/om-os\/sikkerhed\/\" \/>\n<meta property=\"og:site_name\" content=\"Smart in the dark Dansk\" \/>\n<meta property=\"article:publisher\" content=\"https:\/\/www.facebook.com\/smartinthedark\/\" \/>\n<meta property=\"article:modified_time\" content=\"2019-12-03T07:47:52+00:00\" \/>\n<meta property=\"og:image\" content=\"https:\/\/smartinthedark.com\/dk\/wp-content\/uploads\/sites\/7\/2022\/10\/Cool-TjejBoy.arm_reflexer-1024x649-1.jpg\" \/>\n\t<meta property=\"og:image:width\" content=\"1024\" \/>\n\t<meta property=\"og:image:height\" content=\"649\" \/>\n\t<meta property=\"og:image:type\" content=\"image\/jpeg\" \/>\n<meta name=\"twitter:card\" content=\"summary_large_image\" \/>\n<meta name=\"twitter:label1\" content=\"Est. reading time\" \/>\n\t<meta name=\"twitter:data1\" content=\"4 minutes\" \/>\n<script type=\"application\/ld+json\" class=\"yoast-schema-graph\">{\"@context\":\"https:\/\/schema.org\",\"@graph\":[{\"@type\":\"WebPage\",\"@id\":\"https:\/\/smartinthedark.com\/dk\/om-os\/sikkerhed\/\",\"url\":\"https:\/\/smartinthedark.com\/dk\/om-os\/sikkerhed\/\",\"name\":\"Sikkerhed - Smart in the dark Dansk\",\"isPartOf\":{\"@id\":\"https:\/\/smartinthedark.com\/dk\/#website\"},\"datePublished\":\"2019-07-16T08:26:10+00:00\",\"dateModified\":\"2019-12-03T07:47:52+00:00\",\"breadcrumb\":{\"@id\":\"https:\/\/smartinthedark.com\/dk\/om-os\/sikkerhed\/#breadcrumb\"},\"inLanguage\":\"da-DK\",\"potentialAction\":[{\"@type\":\"ReadAction\",\"target\":[\"https:\/\/smartinthedark.com\/dk\/om-os\/sikkerhed\/\"]}]},{\"@type\":\"BreadcrumbList\",\"@id\":\"https:\/\/smartinthedark.com\/dk\/om-os\/sikkerhed\/#breadcrumb\",\"itemListElement\":[{\"@type\":\"ListItem\",\"position\":1,\"name\":\"Hem\",\"item\":\"https:\/\/smartinthedark.com\/dk\/\"},{\"@type\":\"ListItem\",\"position\":2,\"name\":\"Om os\",\"item\":\"https:\/\/smartinthedark.com\/dk\/om-os\/\"},{\"@type\":\"ListItem\",\"position\":3,\"name\":\"Sikkerhed\"}]},{\"@type\":\"WebSite\",\"@id\":\"https:\/\/smartinthedark.com\/dk\/#website\",\"url\":\"https:\/\/smartinthedark.com\/dk\/\",\"name\":\"Smart in the dark Dansk\",\"description\":\"\",\"potentialAction\":[{\"@type\":\"SearchAction\",\"target\":{\"@type\":\"EntryPoint\",\"urlTemplate\":\"https:\/\/smartinthedark.com\/dk\/?s={search_term_string}\"},\"query-input\":{\"@type\":\"PropertyValueSpecification\",\"valueRequired\":true,\"valueName\":\"search_term_string\"}}],\"inLanguage\":\"da-DK\"}]}<\/script>\n<!-- \/ Yoast SEO plugin. -->","yoast_head_json":{"title":"Sikkerhed - Smart in the dark Dansk","robots":{"index":"index","follow":"follow","max-snippet":"max-snippet:-1","max-image-preview":"max-image-preview:large","max-video-preview":"max-video-preview:-1"},"canonical":"https:\/\/smartinthedark.com\/dk\/om-os\/sikkerhed\/","og_locale":"da_DK","og_type":"article","og_title":"Sikkerhed - Smart in the dark Dansk","og_url":"https:\/\/smartinthedark.com\/dk\/om-os\/sikkerhed\/","og_site_name":"Smart in the dark Dansk","article_publisher":"https:\/\/www.facebook.com\/smartinthedark\/","article_modified_time":"2019-12-03T07:47:52+00:00","og_image":[{"width":1024,"height":649,"url":"https:\/\/smartinthedark.com\/dk\/wp-content\/uploads\/sites\/7\/2022\/10\/Cool-TjejBoy.arm_reflexer-1024x649-1.jpg","type":"image\/jpeg"}],"twitter_card":"summary_large_image","twitter_misc":{"Est. reading time":"4 minutes"},"schema":{"@context":"https:\/\/schema.org","@graph":[{"@type":"WebPage","@id":"https:\/\/smartinthedark.com\/dk\/om-os\/sikkerhed\/","url":"https:\/\/smartinthedark.com\/dk\/om-os\/sikkerhed\/","name":"Sikkerhed - Smart in the dark Dansk","isPartOf":{"@id":"https:\/\/smartinthedark.com\/dk\/#website"},"datePublished":"2019-07-16T08:26:10+00:00","dateModified":"2019-12-03T07:47:52+00:00","breadcrumb":{"@id":"https:\/\/smartinthedark.com\/dk\/om-os\/sikkerhed\/#breadcrumb"},"inLanguage":"da-DK","potentialAction":[{"@type":"ReadAction","target":["https:\/\/smartinthedark.com\/dk\/om-os\/sikkerhed\/"]}]},{"@type":"BreadcrumbList","@id":"https:\/\/smartinthedark.com\/dk\/om-os\/sikkerhed\/#breadcrumb","itemListElement":[{"@type":"ListItem","position":1,"name":"Hem","item":"https:\/\/smartinthedark.com\/dk\/"},{"@type":"ListItem","position":2,"name":"Om os","item":"https:\/\/smartinthedark.com\/dk\/om-os\/"},{"@type":"ListItem","position":3,"name":"Sikkerhed"}]},{"@type":"WebSite","@id":"https:\/\/smartinthedark.com\/dk\/#website","url":"https:\/\/smartinthedark.com\/dk\/","name":"Smart in the dark Dansk","description":"","potentialAction":[{"@type":"SearchAction","target":{"@type":"EntryPoint","urlTemplate":"https:\/\/smartinthedark.com\/dk\/?s={search_term_string}"},"query-input":{"@type":"PropertyValueSpecification","valueRequired":true,"valueName":"search_term_string"}}],"inLanguage":"da-DK"}]}},"_links":{"self":[{"href":"https:\/\/smartinthedark.com\/dk\/wp-json\/wp\/v2\/pages\/2905","targetHints":{"allow":["GET"]}}],"collection":[{"href":"https:\/\/smartinthedark.com\/dk\/wp-json\/wp\/v2\/pages"}],"about":[{"href":"https:\/\/smartinthedark.com\/dk\/wp-json\/wp\/v2\/types\/page"}],"author":[{"embeddable":true,"href":"https:\/\/smartinthedark.com\/dk\/wp-json\/wp\/v2\/users\/1"}],"replies":[{"embeddable":true,"href":"https:\/\/smartinthedark.com\/dk\/wp-json\/wp\/v2\/comments?post=2905"}],"version-history":[{"count":18,"href":"https:\/\/smartinthedark.com\/dk\/wp-json\/wp\/v2\/pages\/2905\/revisions"}],"predecessor-version":[{"id":24934,"href":"https:\/\/smartinthedark.com\/dk\/wp-json\/wp\/v2\/pages\/2905\/revisions\/24934"}],"up":[{"embeddable":true,"href":"https:\/\/smartinthedark.com\/dk\/wp-json\/wp\/v2\/pages\/2891"}],"wp:attachment":[{"href":"https:\/\/smartinthedark.com\/dk\/wp-json\/wp\/v2\/media?parent=2905"}],"curies":[{"name":"wp","href":"https:\/\/api.w.org\/{rel}","templated":true}]}}