{"id":2891,"date":"2019-07-16T10:09:36","date_gmt":"2019-07-16T08:09:36","guid":{"rendered":"https:\/\/smartinthedark.com\/?page_id=2891"},"modified":"2020-06-30T10:01:01","modified_gmt":"2020-06-30T08:01:01","slug":"om-os","status":"publish","type":"page","link":"https:\/\/smartinthedark.com\/dk\/om-os\/","title":{"rendered":"Om os"},"content":{"rendered":"\n<div class=\"row\" style=\"max-width:1200px\" id=\"row-1204176594\">\n\n\n\t<div id=\"col-658180551\" class=\"col small-12 large-12\"  >\n\t\t\t\t<div class=\"col-inner\"  >\n\t\t\t\n\t\t\t\n\n\n  <div class=\"banner has-hover\" id=\"banner-1597006653\">\n          <div class=\"banner-inner fill\">\n        <div class=\"banner-bg fill\" >\n            <img loading=\"lazy\" decoding=\"async\" width=\"1598\" height=\"937\" src=\"https:\/\/smartinthedark.com\/dk\/wp-content\/uploads\/sites\/7\/2019\/08\/Rynkad-och-rak-reflex-till-arm-Smart-in-the-dark.jpg\" class=\"bg attachment-original size-original\" alt=\"\" \/>                                    \n                    <\/div>\n\t\t\n        <div class=\"banner-layers container\">\n            <div class=\"fill banner-link\"><\/div>            \n\n   <div id=\"text-box-735190585\" class=\"text-box banner-layer x50 md-x50 lg-x50 y50 md-y50 lg-y50 res-text\">\n                                <div class=\"text-box-content text dark\">\n              \n              <div class=\"text-inner text-center\">\n                  \n\n<h1 style=\"text-align: center;\"><span class=\"titel-head\" style=\"font-size: 115%;\" data-line-height=\"xs\"><strong>Om os<\/strong><\/span><\/h1>\n\n              <\/div>\n           <\/div>\n                            \n<style>\n#text-box-735190585 {\n  width: 98%;\n}\n#text-box-735190585 .text-box-content {\n  font-size: 80%;\n}\n@media (min-width:550px) {\n  #text-box-735190585 {\n    width: 60%;\n  }\n  #text-box-735190585 .text-box-content {\n    font-size: 100%;\n  }\n}\n<\/style>\n    <\/div>\n \n\n        <\/div>\n      <\/div>\n\n            \n<style>\n#banner-1597006653 {\n  padding-top: 250px;\n}\n#banner-1597006653 .banner-bg img {\n  object-position: 45% 100%;\n}\n@media (min-width:550px) {\n  #banner-1597006653 {\n    padding-top: 600px;\n  }\n}\n<\/style>\n  <\/div>\n\n\n\t<div id=\"gap-308260820\" class=\"gap-element clearfix\" style=\"display:block; height:auto;\">\n\t\t\n<style>\n#gap-308260820 {\n  padding-top: 40px;\n}\n<\/style>\n\t<\/div>\n\t\n\n<nav class=\"breadcrumbs\"><a href=\"https:\/\/smartinthedark.com\/dk\">Hjem<\/a> <span class=\"divider\">\/<\/span> Om os<\/nav>\n\n\t\t<\/div>\n\t\t\t\t\t<\/div>\n\n\t\n\n<\/div>\n<div class=\"row align-middle align-center\"  id=\"row-2047569100\">\n\n\n\t<div id=\"col-1261001645\" class=\"col medium-8 small-12 large-8\"  >\n\t\t\t\t<div class=\"col-inner\"  >\n\t\t\t\n\t\t\t\n\n<p style=\"text-align: left;\"><span style=\"font-size: 100%;\">Smart in the Dark er en svensk virksomhed med base i Kung\u00e4lv. Siden 2014 har vi udviklet og designet refleksprodukter og reflekstilbeh\u00f8r til alle, som vil v\u00e6re synlige i trafikken. Vores reflekser sikrer, at du er synlig i m\u00f8rket selv p\u00e5 mere end 125 meters afstand. De er CE-m\u00e6rkede og fremstillet af 3M Scotchlite, som er et af de sikreste og bedste refleksmaterialer p\u00e5 markedet.<\/span><\/p>\n<p style=\"text-align: left;\">Hos Smart in the dark \u00f8nsker vi, at alle skal v\u00e6res synlige i m\u00f8rket. Og vi synes, at det skal v\u00e6re b\u00e5de et klogt og smart valg at b\u00e6re reflekser. Derfor str\u00e6ber vi efter at skabe innovative produkter med fokus p\u00e5 design, sikkerhed, kvalitet og funktionalitet. Alle vores produkter og tilbeh\u00f8r har refleksdetaljer i nordiske m\u00f8nstre, som Multeb\u00e6r, Flet, Bjergtop, Nordlys og Tytteb\u00e6r. Kollektionen hedder Nordic Silver Collection og er udviklet i samarbejde med det Nordiska Designkontoret i Bor\u00e5s, varem\u00e6rkebureauet Gappio. Samt i samarbejde med designer og illustrator Lidia Blomgren. <span style=\"text-decoration: underline;\"><a href=\"https:\/\/www.lidiablomgren.se\/\" target=\"_blank\" rel=\"noopener noreferrer\">lidiablomgren.se<\/a><\/span><\/p>\n<p style=\"text-align: left;\">I kollektionen finder du alt fra reflekshuer og reflekstasker til refleksb\u00e6lter og reflekssjal. Se hele kollektionen <a href=\"https:\/\/smartinthedark.com\/dk\/webshop\/\"><u>her<\/u><\/a>. At b\u00e6re refleks fra Smart in the dark g\u00f8r en v\u00e6rdifuld forskel \u2013 det er synligt, smart og sikkert! Pas p\u00e5 dig selv i trafikken!<\/p>\n\t<div id=\"gap-1895973453\" class=\"gap-element clearfix\" style=\"display:block; height:auto;\">\n\t\t\n<style>\n#gap-1895973453 {\n  padding-top: 30px;\n}\n<\/style>\n\t<\/div>\n\t\n\n\n\t\t<\/div>\n\t\t\t\t\t<\/div>\n\n\t\n\n<\/div>\n\t<div id=\"gap-1152096500\" class=\"gap-element clearfix\" style=\"display:block; height:auto;\">\n\t\t\n<style>\n#gap-1152096500 {\n  padding-top: 60px;\n}\n<\/style>\n\t<\/div>\n\t\n\n<div class=\"row\" style=\"max-width:1200px\" id=\"row-1274256327\">\n\n\n\t<div id=\"col-1428673682\" class=\"col medium-6 small-12 large-6\"  >\n\t\t\t\t<div class=\"col-inner\"  >\n\t\t\t\n\t\t\t\n\n\n  <div class=\"banner has-hover header-border bg-zoom\" id=\"banner-154292594\">\n          <div class=\"banner-inner fill\">\n        <div class=\"banner-bg fill\" >\n            <img loading=\"lazy\" decoding=\"async\" width=\"1920\" height=\"700\" src=\"https:\/\/smartinthedark.com\/dk\/wp-content\/uploads\/sites\/7\/2019\/07\/smart_new1920x700.jpg\" class=\"bg attachment-original size-original\" alt=\"\" \/>                                    \n                    <\/div>\n\t\t\n        <div class=\"banner-layers container\">\n            <a class=\"fill\" href=\"\/dk\/om-os\/sikkerhed\/\"><div class=\"fill banner-link\"><\/div><\/a>            \n\n   <div id=\"text-box-315044154\" class=\"text-box banner-layer x50 md-x50 lg-x50 y50 md-y50 lg-y50 res-text\">\n                                <div class=\"text-box-content text dark\">\n              \n              <div class=\"text-inner text-center\">\n                  \n\n\n              <\/div>\n           <\/div>\n                            \n<style>\n#text-box-315044154 {\n  width: 100%;\n}\n#text-box-315044154 .text-box-content {\n  font-size: 100%;\n}\n<\/style>\n    <\/div>\n \n\n        <\/div>\n      <\/div>\n\n            \n<style>\n#banner-154292594 {\n  padding-top: 50%;\n}\n<\/style>\n  <\/div>\n\n\n\t<div id=\"gap-2144053751\" class=\"gap-element clearfix\" style=\"display:block; height:auto;\">\n\t\t\n<style>\n#gap-2144053751 {\n  padding-top: 15px;\n}\n<\/style>\n\t<\/div>\n\t\n\n<div class=\"row align-center\"  id=\"row-791976485\">\n\n\n\t<div id=\"col-192593866\" class=\"col medium-8 small-12 large-8\"  >\n\t\t\t\t<div class=\"col-inner\"  >\n\t\t\t\n\t\t\t\n\n<p style=\"text-align: center;\"><a href=\"\/dk\/om-os\/sikkerhed\/\"><span class=\"\" style=\"font-size: 160%;\" data-line-height=\"l\"><strong>Sikkerhed<\/strong><\/span><\/a><br \/>Vidste du, at 40% af alle bilulykker med g\u00e5ende personer sker i m\u00f8rket i t\u00e6t befolkede omr\u00e5der?<\/p>\n\n\t\t<\/div>\n\t\t\t\t\t<\/div>\n\n\t\n\n<\/div>\n\n\t\t<\/div>\n\t\t\t\t\t<\/div>\n\n\t\n\n\t<div id=\"col-543160419\" class=\"col medium-6 small-12 large-6\"  >\n\t\t\t\t<div class=\"col-inner\"  >\n\t\t\t\n\t\t\t\n\n\n  <div class=\"banner has-hover header-border bg-zoom\" id=\"banner-1696196228\">\n          <div class=\"banner-inner fill\">\n        <div class=\"banner-bg fill\" >\n            <img loading=\"lazy\" decoding=\"async\" width=\"1600\" height=\"1200\" src=\"https:\/\/smartinthedark.com\/dk\/wp-content\/uploads\/sites\/7\/2019\/06\/Gymbag-Ryggs\u00e4ck-med-reflex-Smart-in-the-dark-1.jpg\" class=\"bg attachment-original size-original\" alt=\"\" \/>                                    \n                    <\/div>\n\t\t\n        <div class=\"banner-layers container\">\n            <a class=\"fill\" href=\"\/dk\/om-os\/vores-historie\/\"><div class=\"fill banner-link\"><\/div><\/a>            \n\n   <div id=\"text-box-258683487\" class=\"text-box banner-layer x50 md-x50 lg-x50 y50 md-y50 lg-y50 res-text\">\n                                <div class=\"text-box-content text dark\">\n              \n              <div class=\"text-inner text-center\">\n                  \n\n\n              <\/div>\n           <\/div>\n                            \n<style>\n#text-box-258683487 {\n  width: 100%;\n}\n#text-box-258683487 .text-box-content {\n  font-size: 100%;\n}\n<\/style>\n    <\/div>\n \n\n        <\/div>\n      <\/div>\n\n            \n<style>\n#banner-1696196228 {\n  padding-top: 50%;\n}\n#banner-1696196228 .banner-bg img {\n  object-position: 4% 24%;\n}\n<\/style>\n  <\/div>\n\n\n\t<div id=\"gap-1331775421\" class=\"gap-element clearfix\" style=\"display:block; height:auto;\">\n\t\t\n<style>\n#gap-1331775421 {\n  padding-top: 15px;\n}\n<\/style>\n\t<\/div>\n\t\n\n<div class=\"row align-center\"  id=\"row-1549084996\">\n\n\n\t<div id=\"col-1749122456\" class=\"col medium-8 small-12 large-8\"  >\n\t\t\t\t<div class=\"col-inner\"  >\n\t\t\t\n\t\t\t\n\n<p style=\"text-align: center;\"><a href=\"\/dk\/om-os\/vores-historie\/\"><span class=\"\" style=\"font-size: 160%;\" data-line-height=\"l\"><strong>Vores historie<\/strong><\/span><\/a><br \/>I 2014 grundlagde Ann-Sofie Hermansson Smart in the dark. Ideen kom, da hun en dag opdagede&#8230;<\/p>\n\n\t\t<\/div>\n\t\t\t\t\t<\/div>\n\n\t\n\n<\/div>\n\n\t\t<\/div>\n\t\t\t\t\t<\/div>\n\n\t\n\n\t<div id=\"col-943490983\" class=\"col medium-6 small-12 large-6\"  >\n\t\t\t\t<div class=\"col-inner\"  >\n\t\t\t\n\t\t\t\n\n\n  <div class=\"banner has-hover header-border bg-zoom\" id=\"banner-629886466\">\n          <div class=\"banner-inner fill\">\n        <div class=\"banner-bg fill\" >\n            <img loading=\"lazy\" decoding=\"async\" width=\"1920\" height=\"700\" src=\"https:\/\/smartinthedark.com\/dk\/wp-content\/uploads\/sites\/7\/2019\/12\/Reflexm\u00f6ssa-med-m\u00f6nster-Smart-in-the-dark2.png\" class=\"bg attachment-original size-original\" alt=\"\" \/>                                    \n                    <\/div>\n\t\t\n        <div class=\"banner-layers container\">\n            <a class=\"fill\" href=\"\/dk\/om-os\/vores-ide\/\"><div class=\"fill banner-link\"><\/div><\/a>            \n\n   <div id=\"text-box-1167638362\" class=\"text-box banner-layer x50 md-x50 lg-x50 y50 md-y50 lg-y50 res-text\">\n                                <div class=\"text-box-content text dark\">\n              \n              <div class=\"text-inner text-center\">\n                  \n\n\n              <\/div>\n           <\/div>\n                            \n<style>\n#text-box-1167638362 {\n  width: 100%;\n}\n#text-box-1167638362 .text-box-content {\n  font-size: 100%;\n}\n<\/style>\n    <\/div>\n \n\n        <\/div>\n      <\/div>\n\n            \n<style>\n#banner-629886466 {\n  padding-top: 50%;\n}\n#banner-629886466 .banner-bg img {\n  object-position: 57% 76%;\n}\n<\/style>\n  <\/div>\n\n\n\t<div id=\"gap-923763116\" class=\"gap-element clearfix\" style=\"display:block; height:auto;\">\n\t\t\n<style>\n#gap-923763116 {\n  padding-top: 15px;\n}\n<\/style>\n\t<\/div>\n\t\n\n<div class=\"row align-center\"  id=\"row-1878238352\">\n\n\n\t<div id=\"col-633419100\" class=\"col medium-8 small-12 large-8\"  >\n\t\t\t\t<div class=\"col-inner\"  >\n\t\t\t\n\t\t\t\n\n<p style=\"text-align: center;\"><a href=\"\/dk\/om-os\/vores-ide\/\"><span class=\"\" style=\"font-size: 160%;\" data-line-height=\"l\"><strong>Vores id\u00e9<\/strong><\/span><\/a><br \/>Vores forretningskoncept er at tilbyde designede reflekser til den velkl\u00e6dte kvinde og mand&#8230;<\/p>\n\n\t\t<\/div>\n\t\t\t\t\t<\/div>\n\n\t\n\n<\/div>\n\n\t\t<\/div>\n\t\t\t\t\t<\/div>\n\n\t\n\n\t<div id=\"col-925381704\" class=\"col medium-6 small-12 large-6\"  >\n\t\t\t\t<div class=\"col-inner\"  >\n\t\t\t\n\t\t\t\n\n\n  <div class=\"banner has-hover header-border bg-zoom\" id=\"banner-2129662863\">\n          <div class=\"banner-inner fill\">\n        <div class=\"banner-bg fill\" >\n            <img loading=\"lazy\" decoding=\"async\" width=\"1485\" height=\"1000\" src=\"https:\/\/smartinthedark.com\/dk\/wp-content\/uploads\/sites\/7\/2019\/08\/Reflexm\u00f6ssor-burgundy-gr\u00e5-smart-in-the-dark.jpg\" class=\"bg attachment-original size-original\" alt=\"\" \/>                                    \n                    <\/div>\n\t\t\n        <div class=\"banner-layers container\">\n            <a class=\"fill\" href=\"\/dk\/om-os\/baeredygtig-produktion\/\"><div class=\"fill banner-link\"><\/div><\/a>            \n\n   <div id=\"text-box-918726738\" class=\"text-box banner-layer x50 md-x50 lg-x50 y50 md-y50 lg-y50 res-text\">\n                                <div class=\"text-box-content text dark\">\n              \n              <div class=\"text-inner text-center\">\n                  \n\n\n              <\/div>\n           <\/div>\n                            \n<style>\n#text-box-918726738 {\n  width: 100%;\n}\n#text-box-918726738 .text-box-content {\n  font-size: 100%;\n}\n<\/style>\n    <\/div>\n \n\n        <\/div>\n      <\/div>\n\n            \n<style>\n#banner-2129662863 {\n  padding-top: 50%;\n}\n#banner-2129662863 .banner-bg img {\n  object-position: 57% 39%;\n}\n<\/style>\n  <\/div>\n\n\n\t<div id=\"gap-1561886995\" class=\"gap-element clearfix\" style=\"display:block; height:auto;\">\n\t\t\n<style>\n#gap-1561886995 {\n  padding-top: 15px;\n}\n<\/style>\n\t<\/div>\n\t\n\n<div class=\"row align-center\"  id=\"row-1284020591\">\n\n\n\t<div id=\"col-1951891681\" class=\"col medium-8 small-12 large-8\"  >\n\t\t\t\t<div class=\"col-inner\"  >\n\t\t\t\n\t\t\t\n\n<p style=\"text-align: center;\"><a href=\"\/dk\/om-os\/baeredygtig-produktion\/\"><span class=\"\" style=\"font-size: 160%;\" data-line-height=\"l\"><strong>B\u00e6redygtig produktion<\/strong><\/span><\/a><br \/>Vores reflekser er udviklede og producerede med respekt for jordens ressourcer&#8230;<\/p>\n\n\t\t<\/div>\n\t\t\t\t\t<\/div>\n\n\t\n\n<\/div>\n\n\t\t<\/div>\n\t\t\t\t\t<\/div>\n\n\t\n\n<\/div>\n\n","protected":false},"excerpt":{"rendered":"","protected":false},"author":1,"featured_media":0,"parent":0,"menu_order":0,"comment_status":"closed","ping_status":"closed","template":"page-blank.php","meta":{"_trash_the_other_posts":false,"editor_notices":[],"footnotes":""},"class_list":["post-2891","page","type-page","status-publish","hentry"],"yoast_head":"<!-- This site is optimized with the Yoast SEO plugin v25.9 - https:\/\/yoast.com\/wordpress\/plugins\/seo\/ -->\n<title>Om os - Smart in the dark Dansk<\/title>\n<meta name=\"robots\" content=\"index, follow, max-snippet:-1, max-image-preview:large, max-video-preview:-1\" \/>\n<link rel=\"canonical\" href=\"https:\/\/smartinthedark.com\/dk\/om-os\/\" \/>\n<meta property=\"og:locale\" content=\"da_DK\" \/>\n<meta property=\"og:type\" content=\"article\" \/>\n<meta property=\"og:title\" content=\"Om os - Smart in the dark Dansk\" \/>\n<meta property=\"og:url\" content=\"https:\/\/smartinthedark.com\/dk\/om-os\/\" \/>\n<meta property=\"og:site_name\" content=\"Smart in the dark Dansk\" \/>\n<meta property=\"article:publisher\" content=\"https:\/\/www.facebook.com\/smartinthedark\/\" \/>\n<meta property=\"article:modified_time\" content=\"2020-06-30T08:01:01+00:00\" \/>\n<meta property=\"og:image\" content=\"https:\/\/smartinthedark.com\/dk\/wp-content\/uploads\/sites\/7\/2022\/10\/Cool-TjejBoy.arm_reflexer-1024x649-1.jpg\" \/>\n\t<meta property=\"og:image:width\" content=\"1024\" \/>\n\t<meta property=\"og:image:height\" content=\"649\" \/>\n\t<meta property=\"og:image:type\" content=\"image\/jpeg\" \/>\n<meta name=\"twitter:card\" content=\"summary_large_image\" \/>\n<meta name=\"twitter:label1\" content=\"Est. reading time\" \/>\n\t<meta name=\"twitter:data1\" content=\"3 minutes\" \/>\n<script type=\"application\/ld+json\" class=\"yoast-schema-graph\">{\"@context\":\"https:\/\/schema.org\",\"@graph\":[{\"@type\":\"WebPage\",\"@id\":\"https:\/\/smartinthedark.com\/dk\/om-os\/\",\"url\":\"https:\/\/smartinthedark.com\/dk\/om-os\/\",\"name\":\"Om os - Smart in the dark Dansk\",\"isPartOf\":{\"@id\":\"https:\/\/smartinthedark.com\/dk\/#website\"},\"datePublished\":\"2019-07-16T08:09:36+00:00\",\"dateModified\":\"2020-06-30T08:01:01+00:00\",\"breadcrumb\":{\"@id\":\"https:\/\/smartinthedark.com\/dk\/om-os\/#breadcrumb\"},\"inLanguage\":\"da-DK\",\"potentialAction\":[{\"@type\":\"ReadAction\",\"target\":[\"https:\/\/smartinthedark.com\/dk\/om-os\/\"]}]},{\"@type\":\"BreadcrumbList\",\"@id\":\"https:\/\/smartinthedark.com\/dk\/om-os\/#breadcrumb\",\"itemListElement\":[{\"@type\":\"ListItem\",\"position\":1,\"name\":\"Hem\",\"item\":\"https:\/\/smartinthedark.com\/dk\/\"},{\"@type\":\"ListItem\",\"position\":2,\"name\":\"Om os\"}]},{\"@type\":\"WebSite\",\"@id\":\"https:\/\/smartinthedark.com\/dk\/#website\",\"url\":\"https:\/\/smartinthedark.com\/dk\/\",\"name\":\"Smart in the dark Dansk\",\"description\":\"\",\"potentialAction\":[{\"@type\":\"SearchAction\",\"target\":{\"@type\":\"EntryPoint\",\"urlTemplate\":\"https:\/\/smartinthedark.com\/dk\/?s={search_term_string}\"},\"query-input\":{\"@type\":\"PropertyValueSpecification\",\"valueRequired\":true,\"valueName\":\"search_term_string\"}}],\"inLanguage\":\"da-DK\"}]}<\/script>\n<!-- \/ Yoast SEO plugin. -->","yoast_head_json":{"title":"Om os - Smart in the dark Dansk","robots":{"index":"index","follow":"follow","max-snippet":"max-snippet:-1","max-image-preview":"max-image-preview:large","max-video-preview":"max-video-preview:-1"},"canonical":"https:\/\/smartinthedark.com\/dk\/om-os\/","og_locale":"da_DK","og_type":"article","og_title":"Om os - Smart in the dark Dansk","og_url":"https:\/\/smartinthedark.com\/dk\/om-os\/","og_site_name":"Smart in the dark Dansk","article_publisher":"https:\/\/www.facebook.com\/smartinthedark\/","article_modified_time":"2020-06-30T08:01:01+00:00","og_image":[{"width":1024,"height":649,"url":"https:\/\/smartinthedark.com\/dk\/wp-content\/uploads\/sites\/7\/2022\/10\/Cool-TjejBoy.arm_reflexer-1024x649-1.jpg","type":"image\/jpeg"}],"twitter_card":"summary_large_image","twitter_misc":{"Est. reading time":"3 minutes"},"schema":{"@context":"https:\/\/schema.org","@graph":[{"@type":"WebPage","@id":"https:\/\/smartinthedark.com\/dk\/om-os\/","url":"https:\/\/smartinthedark.com\/dk\/om-os\/","name":"Om os - Smart in the dark Dansk","isPartOf":{"@id":"https:\/\/smartinthedark.com\/dk\/#website"},"datePublished":"2019-07-16T08:09:36+00:00","dateModified":"2020-06-30T08:01:01+00:00","breadcrumb":{"@id":"https:\/\/smartinthedark.com\/dk\/om-os\/#breadcrumb"},"inLanguage":"da-DK","potentialAction":[{"@type":"ReadAction","target":["https:\/\/smartinthedark.com\/dk\/om-os\/"]}]},{"@type":"BreadcrumbList","@id":"https:\/\/smartinthedark.com\/dk\/om-os\/#breadcrumb","itemListElement":[{"@type":"ListItem","position":1,"name":"Hem","item":"https:\/\/smartinthedark.com\/dk\/"},{"@type":"ListItem","position":2,"name":"Om os"}]},{"@type":"WebSite","@id":"https:\/\/smartinthedark.com\/dk\/#website","url":"https:\/\/smartinthedark.com\/dk\/","name":"Smart in the dark Dansk","description":"","potentialAction":[{"@type":"SearchAction","target":{"@type":"EntryPoint","urlTemplate":"https:\/\/smartinthedark.com\/dk\/?s={search_term_string}"},"query-input":{"@type":"PropertyValueSpecification","valueRequired":true,"valueName":"search_term_string"}}],"inLanguage":"da-DK"}]}},"_links":{"self":[{"href":"https:\/\/smartinthedark.com\/dk\/wp-json\/wp\/v2\/pages\/2891","targetHints":{"allow":["GET"]}}],"collection":[{"href":"https:\/\/smartinthedark.com\/dk\/wp-json\/wp\/v2\/pages"}],"about":[{"href":"https:\/\/smartinthedark.com\/dk\/wp-json\/wp\/v2\/types\/page"}],"author":[{"embeddable":true,"href":"https:\/\/smartinthedark.com\/dk\/wp-json\/wp\/v2\/users\/1"}],"replies":[{"embeddable":true,"href":"https:\/\/smartinthedark.com\/dk\/wp-json\/wp\/v2\/comments?post=2891"}],"version-history":[{"count":15,"href":"https:\/\/smartinthedark.com\/dk\/wp-json\/wp\/v2\/pages\/2891\/revisions"}],"predecessor-version":[{"id":32662,"href":"https:\/\/smartinthedark.com\/dk\/wp-json\/wp\/v2\/pages\/2891\/revisions\/32662"}],"wp:attachment":[{"href":"https:\/\/smartinthedark.com\/dk\/wp-json\/wp\/v2\/media?parent=2891"}],"curies":[{"name":"wp","href":"https:\/\/api.w.org\/{rel}","templated":true}]}}